{"id":16741,"date":"2015-11-02T02:54:33","date_gmt":"2015-11-01T23:54:33","guid":{"rendered":"https:\/\/paadisillad.ee\/?page_id=16741"},"modified":"2017-01-09T16:04:29","modified_gmt":"2017-01-09T13:04:29","slug":"messen","status":"publish","type":"page","link":"https:\/\/paadisillad.ee\/de\/messen\/","title":{"rendered":"Messen"},"content":{"rendered":"<div class=\"wpb-content-wrapper\"><p>[vc_row row_type=&#8220;row&#8220; use_row_as_full_screen_section=&#8220;no&#8220; type=&#8220;full_width&#8220; parallax_content_width=&#8220;in_grid&#8220; anchor=&#8220;&#8220; in_content_menu=&#8220;&#8220; content_menu_title=&#8220;&#8220; content_menu_icon=&#8220;&#8220; angled_section=&#8220;no&#8220; angled_section_position=&#8220;both&#8220; angled_section_direction=&#8220;from_left_to_right&#8220; text_align=&#8220;left&#8220; video=&#8220;&#8220; video_overlay=&#8220;&#8220; video_overlay_image=&#8220;&#8220; video_webm=&#8220;&#8220; video_mp4=&#8220;&#8220; video_ogv=&#8220;&#8220; video_image=&#8220;&#8220; background_image=&#8220;&#8220; background_image_as_pattern=&#8220;without_pattern&#8220; section_height=&#8220;&#8220; parallax_speed=&#8220;&#8220; background_color=&#8220;&#8220; border_color=&#8220;&#8220; side_padding=&#8220;&#8220; parallax_side_padding=&#8220;&#8220; padding_top=&#8220;&#8220; padding_bottom=&#8220;&#8220; color=&#8220;&#8220; hover_color=&#8220;&#8220; more_button_label=&#8220;&#8220; less_button_label=&#8220;&#8220; button_position=&#8220;&#8220; css_animation=&#8220;&#8220; transition_delay=&#8220;&#8220; full_width=&#8220;&#8220;][vc_column width=&#8220;1\/1&#8243;][vc_column_text css_animation=&#8220;&#8220;]<br \/>\n[\/vc_column_text][vc_text_separator title=&#8220;Messen 2016-2017&#8243; title_align=&#8220;separator_align_left&#8220; border=&#8220;no&#8220;][vc_column_text]<\/p>\n<p>&nbsp;<\/p>\n<p>[\/vc_column_text][\/vc_column][\/vc_row][vc_row row_type=&#8220;row&#8220; use_row_as_full_screen_section=&#8220;no&#8220; type=&#8220;full_width&#8220; parallax_content_width=&#8220;in_grid&#8220; anchor=&#8220;&#8220; in_content_menu=&#8220;&#8220; content_menu_title=&#8220;&#8220; content_menu_icon=&#8220;&#8220; angled_section=&#8220;no&#8220; angled_section_position=&#8220;both&#8220; angled_section_direction=&#8220;from_left_to_right&#8220; text_align=&#8220;left&#8220; video=&#8220;&#8220; video_overlay=&#8220;&#8220; video_overlay_image=&#8220;&#8220; video_webm=&#8220;&#8220; video_mp4=&#8220;&#8220; video_ogv=&#8220;&#8220; video_image=&#8220;&#8220; background_image=&#8220;&#8220; background_image_as_pattern=&#8220;without_pattern&#8220; section_height=&#8220;&#8220; parallax_speed=&#8220;&#8220; background_color=&#8220;&#8220; border_color=&#8220;&#8220; side_padding=&#8220;&#8220; parallax_side_padding=&#8220;&#8220; padding_top=&#8220;&#8220; padding_bottom=&#8220;&#8220; color=&#8220;&#8220; hover_color=&#8220;&#8220; more_button_label=&#8220;&#8220; less_button_label=&#8220;&#8220; button_position=&#8220;&#8220; css_animation=&#8220;&#8220; transition_delay=&#8220;&#8220; full_width=&#8220;&#8220; el_id=&#8220;&#8220;][vc_column width=&#8220;1\/2&#8243;][vc_empty_space height=&#8220;32px&#8220;][vc_single_image alignment=&#8220;center&#8220; border_color=&#8220;grey&#8220; img_link_large=&#8220;&#8220; img_link_target=&#8220;_blank&#8220; css_animation=&#8220;&#8220; link=&#8220;http:\/\/www.boot.de&#8220; image=&#8220;16829&#8243;][\/vc_column][vc_column width=&#8220;1\/2&#8243;][vc_column_text css_animation=&#8220;&#8220;]<strong>Boot\u00a02016 (Germany)<\/strong><\/p>\n<p><span style=\"text-decoration: underline;\">23\u00a0&#8211; 31\u00a0jaanuaril 2016<\/span><\/p>\n<p><span style=\"text-decoration: underline;\">D\u00fcsseldorfi\u00a0messikeskuses<\/span><\/p>\n<p>L\u00e4\u00e4ne-Saksamaa ja Madalmaade turule keskendunud paadimess, mis on suuruselt ja k\u00fclastajate arvult on Euroopa suurim. Kuiv\u00f5rd tegemist on jaanuari l\u00f5pus toimuva messiga, v\u00f5ib seda \u00fchtlasi pidada vana-Euroopa hooaja alguse messiks.[\/vc_column_text][vc_empty_space height=&#8220;32px&#8220;][\/vc_column][\/vc_row][vc_row row_type=&#8220;row&#8220; use_row_as_full_screen_section=&#8220;no&#8220; type=&#8220;full_width&#8220; parallax_content_width=&#8220;in_grid&#8220; anchor=&#8220;&#8220; in_content_menu=&#8220;&#8220; content_menu_title=&#8220;&#8220; content_menu_icon=&#8220;&#8220; angled_section=&#8220;no&#8220; angled_section_position=&#8220;both&#8220; angled_section_direction=&#8220;from_left_to_right&#8220; text_align=&#8220;left&#8220; video=&#8220;&#8220; video_overlay=&#8220;&#8220; video_overlay_image=&#8220;&#8220; video_webm=&#8220;&#8220; video_mp4=&#8220;&#8220; video_ogv=&#8220;&#8220; video_image=&#8220;&#8220; background_image=&#8220;&#8220; background_image_as_pattern=&#8220;without_pattern&#8220; section_height=&#8220;&#8220; parallax_speed=&#8220;&#8220; background_color=&#8220;&#8220; border_color=&#8220;&#8220; side_padding=&#8220;&#8220; parallax_side_padding=&#8220;&#8220; padding_top=&#8220;&#8220; padding_bottom=&#8220;&#8220; color=&#8220;&#8220; hover_color=&#8220;&#8220; more_button_label=&#8220;&#8220; less_button_label=&#8220;&#8220; button_position=&#8220;&#8220; css_animation=&#8220;&#8220; transition_delay=&#8220;&#8220; full_width=&#8220;&#8220;][vc_column width=&#8220;1\/2&#8243;][vc_empty_space height=&#8220;32px&#8220;][vc_single_image image=&#8220;16810&#8243; border_color=&#8220;grey&#8220; img_link_large=&#8220;&#8220; img_link_target=&#8220;_blank&#8220; css_animation=&#8220;&#8220; alignment=&#8220;center&#8220; link=&#8220;http:\/\/www.meremess.ee&#8220;][\/vc_column][vc_column width=&#8220;1\/2&#8243;][vc_column_text css_animation=&#8220;&#8220;]<strong>Meremess 2016 (Estland)<\/strong><\/p>\n<p><span style=\"text-decoration: underline;\">18-20 m\u00e4rtsil 2016<\/span><\/p>\n<p><span style=\"text-decoration: underline;\">Eesti N\u00e4ituste messikeskuses<\/span><\/p>\n<p>M\u00e4rtsi keskel, kolmel p\u00e4eval toimub Eesti N\u00e4ituste messikeskuses XV Mere- ja vaba aja mess, kus on traditsiooniliselt esindatud jahtide ja kaatrite, paatide ja purjekate, kanuude ja kajakkide, mereriietuse ja -varustuse tootjad-m\u00fc\u00fcjad nii Eestist kui v\u00e4lismaalt. Messist v\u00f5tab osa \u00fcle 100 firma, kohal on \u00fcle 160 erineva paadi, ning toimub mitmeid v\u00e4lismaiste ja kodumaiste kaatrite esmaesitlusi.[\/vc_column_text][vc_empty_space height=&#8220;32px&#8220;][\/vc_column][\/vc_row][vc_row row_type=&#8220;row&#8220; use_row_as_full_screen_section=&#8220;no&#8220; type=&#8220;full_width&#8220; parallax_content_width=&#8220;in_grid&#8220; anchor=&#8220;&#8220; in_content_menu=&#8220;&#8220; content_menu_title=&#8220;&#8220; content_menu_icon=&#8220;&#8220; angled_section=&#8220;no&#8220; angled_section_position=&#8220;both&#8220; angled_section_direction=&#8220;from_left_to_right&#8220; text_align=&#8220;left&#8220; video=&#8220;&#8220; video_overlay=&#8220;&#8220; video_overlay_image=&#8220;&#8220; video_webm=&#8220;&#8220; video_mp4=&#8220;&#8220; video_ogv=&#8220;&#8220; video_image=&#8220;&#8220; background_image=&#8220;&#8220; background_image_as_pattern=&#8220;without_pattern&#8220; section_height=&#8220;&#8220; parallax_speed=&#8220;&#8220; background_color=&#8220;&#8220; border_color=&#8220;&#8220; side_padding=&#8220;&#8220; parallax_side_padding=&#8220;&#8220; padding_top=&#8220;&#8220; padding_bottom=&#8220;&#8220; color=&#8220;&#8220; hover_color=&#8220;&#8220; more_button_label=&#8220;&#8220; less_button_label=&#8220;&#8220; button_position=&#8220;&#8220; css_animation=&#8220;&#8220; transition_delay=&#8220;&#8220; full_width=&#8220;&#8220; el_id=&#8220;&#8220;][vc_column width=&#8220;1\/2&#8243;][vc_empty_space height=&#8220;32px&#8220;][vc_single_image image=&#8220;16817&#8243; alignment=&#8220;center&#8220; style=&#8220;&#8220; border_color=&#8220;grey&#8220; img_link_large=&#8220;&#8220; img_link_target=&#8220;_blank&#8220; qode_css_animation=&#8220;&#8220; transition_delay=&#8220;&#8220; css_animation=&#8220;&#8220; link=&#8220;http:\/\/www.maamess.ee&#8220; img_size=&#8220;164&#215;57&#8243;][\/vc_column][vc_column width=&#8220;1\/2&#8243;][vc_column_text css_animation=&#8220;&#8220;]<strong>Maamess 2016 (Estland)<\/strong><\/p>\n<p><span style=\"text-decoration: underline;\">21.-23. aprill 2016<\/span><\/p>\n<p><span style=\"text-decoration: underline;\">Tartu messikeskuses<\/span><\/p>\n<p>Maamess on pisut oman\u00e4oline, kuid kindel on see, et ettev\u00f5tete ja k\u00fclastajate huvi Maamessi vastu on pidevas kasvutrendis \u2013 mullu v\u00e4isas Maamessi kolme p\u00e4eva jooksul 40 890 inimest, messil oli esindatud 450 ettev\u00f5tet kokku \u00fcheksast riigist ning kogu \u00fcritus v\u00f5ttis enda alla 50 000m2 ekspositsioonipinda.[\/vc_column_text][vc_empty_space height=&#8220;32px&#8220;][\/vc_column][\/vc_row][vc_row row_type=&#8220;row&#8220; use_row_as_full_screen_section=&#8220;no&#8220; type=&#8220;full_width&#8220; parallax_content_width=&#8220;in_grid&#8220; anchor=&#8220;&#8220; in_content_menu=&#8220;&#8220; content_menu_title=&#8220;&#8220; content_menu_icon=&#8220;&#8220; angled_section=&#8220;no&#8220; angled_section_position=&#8220;both&#8220; angled_section_direction=&#8220;from_left_to_right&#8220; text_align=&#8220;left&#8220; video=&#8220;&#8220; video_overlay=&#8220;&#8220; video_overlay_image=&#8220;&#8220; video_webm=&#8220;&#8220; video_mp4=&#8220;&#8220; video_ogv=&#8220;&#8220; video_image=&#8220;&#8220; background_image=&#8220;&#8220; background_image_as_pattern=&#8220;without_pattern&#8220; section_height=&#8220;&#8220; parallax_speed=&#8220;&#8220; background_color=&#8220;&#8220; border_color=&#8220;&#8220; side_padding=&#8220;&#8220; parallax_side_padding=&#8220;&#8220; padding_top=&#8220;&#8220; padding_bottom=&#8220;&#8220; color=&#8220;&#8220; hover_color=&#8220;&#8220; more_button_label=&#8220;&#8220; less_button_label=&#8220;&#8220; button_position=&#8220;&#8220; css_animation=&#8220;&#8220; transition_delay=&#8220;&#8220; full_width=&#8220;&#8220;][vc_column width=&#8220;1\/2&#8243;][vc_empty_space height=&#8220;32px&#8220;][vc_single_image image=&#8220;16846&#8243; alignment=&#8220;center&#8220; border_color=&#8220;grey&#8220; img_link_large=&#8220;&#8220; img_link_target=&#8220;_blank&#8220; css_animation=&#8220;&#8220; link=&#8220;http:\/\/www.antslatu.ee\/laat\/&#8220;][\/vc_column][vc_column width=&#8220;1\/2&#8243;][vc_column_text css_animation=&#8220;&#8220;]<strong>Hauka Laat\u00a02016 (Estland)<\/strong><\/p>\n<p><span style=\"text-decoration: underline;\">13. &#8211; 14. augustil\u00a02016<\/span><\/p>\n<p><span style=\"text-decoration: underline;\">Antsla Keskv\u00e4ljakul ja t\u00e4navatel<\/span><\/p>\n<p>Hauka Laat on \u00fcks suve l\u00f5pu suurimaid laada\u00fcritusi L\u00f5una-Eestis, mis on v\u00e4ga pikaaegsete traditsioonidega ja k\u00e4tkeb endas nii kaasaegse kauba kui traditsioonidega k\u00e4sit\u00f6\u00f6 turustamist ja reklaamimist.[\/vc_column_text][vc_empty_space height=&#8220;32px&#8220;][\/vc_column][\/vc_row][vc_row row_type=&#8220;row&#8220; use_row_as_full_screen_section=&#8220;no&#8220; type=&#8220;full_width&#8220; parallax_content_width=&#8220;in_grid&#8220; anchor=&#8220;&#8220; in_content_menu=&#8220;&#8220; content_menu_title=&#8220;&#8220; content_menu_icon=&#8220;&#8220; angled_section=&#8220;no&#8220; angled_section_position=&#8220;both&#8220; angled_section_direction=&#8220;from_left_to_right&#8220; text_align=&#8220;left&#8220; video=&#8220;&#8220; video_overlay=&#8220;&#8220; video_overlay_image=&#8220;&#8220; video_webm=&#8220;&#8220; video_mp4=&#8220;&#8220; video_ogv=&#8220;&#8220; video_image=&#8220;&#8220; background_image=&#8220;&#8220; background_image_as_pattern=&#8220;without_pattern&#8220; section_height=&#8220;&#8220; parallax_speed=&#8220;&#8220; background_color=&#8220;&#8220; border_color=&#8220;&#8220; side_padding=&#8220;&#8220; parallax_side_padding=&#8220;&#8220; padding_top=&#8220;&#8220; padding_bottom=&#8220;&#8220; color=&#8220;&#8220; hover_color=&#8220;&#8220; more_button_label=&#8220;&#8220; less_button_label=&#8220;&#8220; button_position=&#8220;&#8220; css_animation=&#8220;&#8220; transition_delay=&#8220;&#8220; full_width=&#8220;&#8220; el_id=&#8220;&#8220;][vc_column width=&#8220;1\/2&#8243;][vc_empty_space height=&#8220;32px&#8220;][vc_single_image image=&#8220;16849&#8243; alignment=&#8220;center&#8220; border_color=&#8220;grey&#8220; img_link_large=&#8220;&#8220; img_link_target=&#8220;_blank&#8220; css_animation=&#8220;&#8220; link=&#8220;http:\/\/palamuse.kovtp.ee\/valjanaitus&#8220;][\/vc_column][vc_column width=&#8220;1\/2&#8243;][vc_column_text css_animation=&#8220;&#8220;]<strong>Suur Paunvere V\u00e4ljan\u00e4itus\u00a02016 (Estland)<\/strong><\/p>\n<p>17. septembril 2016. aastal<\/p>\n<p><span style=\"text-decoration: underline;\">Palamuse keskv\u00e4ljak ja t\u00e4navad<\/span><\/p>\n<p>Ajalooliste traditsioonidega laat toimub Palamusel ning tutvustab igal aastal Eesti aednike ja talunike saadusi, nende rekordeid ning \u00fcle\u00fcldiselt k\u00e4sit\u00f6\u00f6d ja oskuseid.[\/vc_column_text][vc_empty_space height=&#8220;32px&#8220;][\/vc_column][\/vc_row][vc_row row_type=&#8220;row&#8220; use_row_as_full_screen_section=&#8220;no&#8220; type=&#8220;full_width&#8220; parallax_content_width=&#8220;in_grid&#8220; anchor=&#8220;&#8220; in_content_menu=&#8220;&#8220; content_menu_title=&#8220;&#8220; content_menu_icon=&#8220;&#8220; angled_section=&#8220;no&#8220; angled_section_position=&#8220;both&#8220; angled_section_direction=&#8220;from_left_to_right&#8220; text_align=&#8220;left&#8220; video=&#8220;&#8220; video_overlay=&#8220;&#8220; video_overlay_image=&#8220;&#8220; video_webm=&#8220;&#8220; video_mp4=&#8220;&#8220; video_ogv=&#8220;&#8220; video_image=&#8220;&#8220; background_image=&#8220;&#8220; background_image_as_pattern=&#8220;without_pattern&#8220; section_height=&#8220;&#8220; parallax_speed=&#8220;&#8220; background_color=&#8220;&#8220; border_color=&#8220;&#8220; side_padding=&#8220;&#8220; parallax_side_padding=&#8220;&#8220; padding_top=&#8220;&#8220; padding_bottom=&#8220;&#8220; color=&#8220;&#8220; hover_color=&#8220;&#8220; more_button_label=&#8220;&#8220; less_button_label=&#8220;&#8220; button_position=&#8220;&#8220; css_animation=&#8220;&#8220; transition_delay=&#8220;&#8220; full_width=&#8220;&#8220; el_id=&#8220;&#8220;][vc_column width=&#8220;1\/2&#8243;][vc_empty_space height=&#8220;32px&#8220;][vc_single_image image=&#8220;16825&#8243; alignment=&#8220;center&#8220; style=&#8220;&#8220; border_color=&#8220;grey&#8220; img_link_large=&#8220;&#8220; img_link_target=&#8220;_blank&#8220; qode_css_animation=&#8220;&#8220; transition_delay=&#8220;&#8220; css_animation=&#8220;&#8220; link=&#8220;http:\/\/www.hanseboot.de&#8220;][\/vc_column][vc_column width=&#8220;1\/2&#8243;][vc_column_text css_animation=&#8220;&#8220;]<strong>Hanseboot\u00a02016 (Germany)<\/strong><\/p>\n<p><span style=\"text-decoration: underline;\">29.oktoober &#8211; 06. november\u00a02016<\/span><\/p>\n<p><span style=\"text-decoration: underline;\">Hamburgi\u00a0messikeskuses<\/span><\/p>\n<p>Hanseboot on P\u00f5hja-Saksamaal korraldatav paadimess, mis katab turgude m\u00f5istes nii Skandinaaviat kui ka Ida-Euroopat.[\/vc_column_text][vc_empty_space height=&#8220;32px&#8220;][\/vc_column][\/vc_row]<\/p>\n<\/div>","protected":false},"excerpt":{"rendered":"<p>[vc_row row_type=&#8220;row&#8220; use_row_as_full_screen_section=&#8220;no&#8220; type=&#8220;full_width&#8220; parallax_content_width=&#8220;in_grid&#8220; anchor=&#8220;&#8220; in_content_menu=&#8220;&#8220; content_menu_title=&#8220;&#8220; content_menu_icon=&#8220;&#8220; angled_section=&#8220;no&#8220; angled_section_position=&#8220;both&#8220; angled_section_direction=&#8220;from_left_to_right&#8220; text_align=&#8220;left&#8220; video=&#8220;&#8220; video_overlay=&#8220;&#8220; video_overlay_image=&#8220;&#8220; video_webm=&#8220;&#8220; video_mp4=&#8220;&#8220; video_ogv=&#8220;&#8220; video_image=&#8220;&#8220; background_image=&#8220;&#8220; background_image_as_pattern=&#8220;without_pattern&#8220; section_height=&#8220;&#8220; parallax_speed=&#8220;&#8220; background_color=&#8220;&#8220; border_color=&#8220;&#8220; side_padding=&#8220;&#8220; parallax_side_padding=&#8220;&#8220; padding_top=&#8220;&#8220; padding_bottom=&#8220;&#8220; color=&#8220;&#8220; hover_color=&#8220;&#8220; more_button_label=&#8220;&#8220; less_button_label=&#8220;&#8220; button_position=&#8220;&#8220; css_animation=&#8220;&#8220; transition_delay=&#8220;&#8220; full_width=&#8220;&#8220;][vc_column width=&#8220;1\/1&#8243;][vc_column_text css_animation=&#8220;&#8220;] [\/vc_column_text][vc_text_separator title=&#8220;Messen 2016-2017&#8243; title_align=&#8220;separator_align_left&#8220; border=&#8220;no&#8220;][vc_column_text]&#8230;<\/p>\n","protected":false},"author":2,"featured_media":0,"parent":0,"menu_order":4,"comment_status":"open","ping_status":"open","template":"","meta":{"footnotes":""},"class_list":["post-16741","page","type-page","status-publish","hentry"],"_links":{"self":[{"href":"https:\/\/paadisillad.ee\/de\/wp-json\/wp\/v2\/pages\/16741"}],"collection":[{"href":"https:\/\/paadisillad.ee\/de\/wp-json\/wp\/v2\/pages"}],"about":[{"href":"https:\/\/paadisillad.ee\/de\/wp-json\/wp\/v2\/types\/page"}],"author":[{"embeddable":true,"href":"https:\/\/paadisillad.ee\/de\/wp-json\/wp\/v2\/users\/2"}],"replies":[{"embeddable":true,"href":"https:\/\/paadisillad.ee\/de\/wp-json\/wp\/v2\/comments?post=16741"}],"version-history":[{"count":4,"href":"https:\/\/paadisillad.ee\/de\/wp-json\/wp\/v2\/pages\/16741\/revisions"}],"predecessor-version":[{"id":20052,"href":"https:\/\/paadisillad.ee\/de\/wp-json\/wp\/v2\/pages\/16741\/revisions\/20052"}],"wp:attachment":[{"href":"https:\/\/paadisillad.ee\/de\/wp-json\/wp\/v2\/media?parent=16741"}],"curies":[{"name":"wp","href":"https:\/\/api.w.org\/{rel}","templated":true}]}}