{"id":18607,"date":"2016-01-18T15:24:39","date_gmt":"2016-01-18T12:24:39","guid":{"rendered":"http:\/\/de.paadisillad.ee\/?page_id=18607"},"modified":"2017-01-09T12:07:16","modified_gmt":"2017-01-09T09:07:16","slug":"garantie","status":"publish","type":"page","link":"https:\/\/paadisillad.ee\/de\/garantie\/","title":{"rendered":"Garantie"},"content":{"rendered":"<div class=\"wpb-content-wrapper\"><p>[vc_row row_type=&#8220;row&#8220; use_row_as_full_screen_section=&#8220;no&#8220; type=&#8220;full_width&#8220; parallax_content_width=&#8220;in_grid&#8220; anchor=&#8220;&#8220; in_content_menu=&#8220;&#8220; content_menu_title=&#8220;&#8220; content_menu_icon=&#8220;&#8220; angled_section=&#8220;no&#8220; angled_section_position=&#8220;both&#8220; angled_section_direction=&#8220;from_left_to_right&#8220; text_align=&#8220;left&#8220; video=&#8220;&#8220; video_overlay=&#8220;&#8220; video_overlay_image=&#8220;&#8220; video_webm=&#8220;&#8220; video_mp4=&#8220;&#8220; video_ogv=&#8220;&#8220; video_image=&#8220;&#8220; background_image=&#8220;&#8220; background_image_as_pattern=&#8220;without_pattern&#8220; section_height=&#8220;&#8220; parallax_speed=&#8220;&#8220; background_color=&#8220;&#8220; border_color=&#8220;&#8220; side_padding=&#8220;&#8220; parallax_side_padding=&#8220;&#8220; padding_top=&#8220;&#8220; padding_bottom=&#8220;&#8220; color=&#8220;&#8220; hover_color=&#8220;&#8220; more_button_label=&#8220;&#8220; less_button_label=&#8220;&#8220; button_position=&#8220;&#8220; css_animation=&#8220;&#8220; transition_delay=&#8220;&#8220;][vc_column width=&#8220;1\/1&#8243;][vc_column_text]<\/p>\n<h1>Garantie<\/h1>\n<p>Gem\u00e4\u00df Estnischen Gesetzen gilt bez\u00fcglich der Herstellung von Bootstegen wie auch in vielen anderen Bereichen Erzeugergarantie, und wir bieten f\u00fcr unsere Produkte und Leistungen eine Garantie von zwei Jahren. Es handelt sich um eine Periode von normaler L\u00e4nge, w\u00e4hrend der alle eventuellen Fehler und Defekte w\u00e4hrend der Benutzung der Br\u00fccke zum Vorschein treten und korrigiert werden k\u00f6nnen. Anhand heutiger Statistik k\u00f6nnen wir behaupten, dass in ca. 97 % der F\u00e4lle es w\u00e4hrend der Garantiedauer zu gar keinen Defekten kommt. Auch die Tatsache, dass wir unseren Kunden sogar eine erweiterte Garantie von bis zu 5 Jahren angeboten haben, gilt bestimmt als ein Zeichen unserer Stabilit\u00e4t und Eignung unserer Produkte.<\/p>\n<p>&nbsp;<\/p>\n<p>F\u00fcr Kunden, die besonders risikoempfindlich sind, bieten wir die FloatMe Rent Leistung an, wo oder Kunde nicht zum Eigent\u00fcmer der Uferanlagen \/der Schwimmbr\u00fccke wird, sondern die Benutzung der Br\u00fccke von der f\u00fcr ihn passenden Gr\u00f6\u00dfe und Funktionalit\u00e4t einkauft. Im Fall eines Defektes oder Problems sind wir verpflichtet, die Anlage in Ordnung zu bringen oder sie auszutauschen. Genaueres \u00fcber diese L\u00f6sung erfahren Sie hier.[\/vc_column_text][\/vc_column][\/vc_row]<\/p>\n<\/div>","protected":false},"excerpt":{"rendered":"<p>[vc_row row_type=&#8220;row&#8220; use_row_as_full_screen_section=&#8220;no&#8220; type=&#8220;full_width&#8220; parallax_content_width=&#8220;in_grid&#8220; anchor=&#8220;&#8220; in_content_menu=&#8220;&#8220; content_menu_title=&#8220;&#8220; content_menu_icon=&#8220;&#8220; angled_section=&#8220;no&#8220; angled_section_position=&#8220;both&#8220; angled_section_direction=&#8220;from_left_to_right&#8220; text_align=&#8220;left&#8220; video=&#8220;&#8220; video_overlay=&#8220;&#8220; video_overlay_image=&#8220;&#8220; video_webm=&#8220;&#8220; video_mp4=&#8220;&#8220; video_ogv=&#8220;&#8220; video_image=&#8220;&#8220; background_image=&#8220;&#8220; background_image_as_pattern=&#8220;without_pattern&#8220; section_height=&#8220;&#8220; parallax_speed=&#8220;&#8220; background_color=&#8220;&#8220; border_color=&#8220;&#8220; side_padding=&#8220;&#8220; parallax_side_padding=&#8220;&#8220; padding_top=&#8220;&#8220; padding_bottom=&#8220;&#8220; color=&#8220;&#8220; hover_color=&#8220;&#8220; more_button_label=&#8220;&#8220; less_button_label=&#8220;&#8220; button_position=&#8220;&#8220; css_animation=&#8220;&#8220; transition_delay=&#8220;&#8220;][vc_column width=&#8220;1\/1&#8243;][vc_column_text] Garantie Gem\u00e4\u00df Estnischen Gesetzen gilt bez\u00fcglich der&#8230;<\/p>\n","protected":false},"author":2,"featured_media":0,"parent":0,"menu_order":7,"comment_status":"open","ping_status":"open","template":"","meta":{"footnotes":""},"class_list":["post-18607","page","type-page","status-publish","hentry"],"_links":{"self":[{"href":"https:\/\/paadisillad.ee\/de\/wp-json\/wp\/v2\/pages\/18607"}],"collection":[{"href":"https:\/\/paadisillad.ee\/de\/wp-json\/wp\/v2\/pages"}],"about":[{"href":"https:\/\/paadisillad.ee\/de\/wp-json\/wp\/v2\/types\/page"}],"author":[{"embeddable":true,"href":"https:\/\/paadisillad.ee\/de\/wp-json\/wp\/v2\/users\/2"}],"replies":[{"embeddable":true,"href":"https:\/\/paadisillad.ee\/de\/wp-json\/wp\/v2\/comments?post=18607"}],"version-history":[{"count":2,"href":"https:\/\/paadisillad.ee\/de\/wp-json\/wp\/v2\/pages\/18607\/revisions"}],"predecessor-version":[{"id":20036,"href":"https:\/\/paadisillad.ee\/de\/wp-json\/wp\/v2\/pages\/18607\/revisions\/20036"}],"wp:attachment":[{"href":"https:\/\/paadisillad.ee\/de\/wp-json\/wp\/v2\/media?parent=18607"}],"curies":[{"name":"wp","href":"https:\/\/api.w.org\/{rel}","templated":true}]}}