{"id":18610,"date":"2016-01-18T15:26:51","date_gmt":"2016-01-18T12:26:51","guid":{"rendered":"http:\/\/de.paadisillad.ee\/?page_id=18610"},"modified":"2017-01-09T12:04:44","modified_gmt":"2017-01-09T09:04:44","slug":"wartung","status":"publish","type":"page","link":"https:\/\/paadisillad.ee\/de\/wartung\/","title":{"rendered":"Wartung"},"content":{"rendered":"<div class=\"wpb-content-wrapper\"><p>[vc_row row_type=&#8220;row&#8220; use_row_as_full_screen_section=&#8220;no&#8220; type=&#8220;full_width&#8220; parallax_content_width=&#8220;in_grid&#8220; anchor=&#8220;&#8220; in_content_menu=&#8220;&#8220; content_menu_title=&#8220;&#8220; content_menu_icon=&#8220;&#8220; angled_section=&#8220;no&#8220; angled_section_position=&#8220;both&#8220; angled_section_direction=&#8220;from_left_to_right&#8220; text_align=&#8220;left&#8220; video=&#8220;&#8220; video_overlay=&#8220;&#8220; video_overlay_image=&#8220;&#8220; video_webm=&#8220;&#8220; video_mp4=&#8220;&#8220; video_ogv=&#8220;&#8220; video_image=&#8220;&#8220; background_image=&#8220;&#8220; background_image_as_pattern=&#8220;without_pattern&#8220; section_height=&#8220;&#8220; parallax_speed=&#8220;&#8220; background_color=&#8220;&#8220; border_color=&#8220;&#8220; side_padding=&#8220;&#8220; parallax_side_padding=&#8220;&#8220; padding_top=&#8220;&#8220; padding_bottom=&#8220;&#8220; color=&#8220;&#8220; hover_color=&#8220;&#8220; more_button_label=&#8220;&#8220; less_button_label=&#8220;&#8220; button_position=&#8220;&#8220; css_animation=&#8220;&#8220; transition_delay=&#8220;&#8220;][vc_column width=&#8220;1\/1&#8243;][vc_column_text]<\/p>\n<h1>Wartung<\/h1>\n<p>F\u00fcr den Bau von verschiedene Uferanlagen, H\u00e4fen, Terrassen und Schwimmbr\u00fccken benutzen wir als Material die sibirische Lerche und die tief impr\u00e4gnierte Kiefer. Das Tiefimpr\u00e4gnieren selbst macht das Holz nicht wartungsfrei, sondern es macht das Holz resistent gegen nat\u00fcrliche Verwesung. Deshalb muss eine regelm\u00e4\u00dfige Wartung von allen Uferanlagen organisiert werden, besonders unter Ber\u00fccksichtigung von verschiedenen Umweltfaktoren (salziger Nebel, Wasserspritzen, UV-Strahlung, Eis und Schnee usw.).<\/p>\n<p>&nbsp;<\/p>\n<p>Wir haben f\u00fcr unsere Br\u00fccken ein Wartungspaket ausgearbeitet, das wir auch unseren Kunden empfehlen. Unser j\u00e4hrliches Wartungspaket wird mit dem Kunden separat vereinbart. Zum Paket geh\u00f6ren folgende Leistungen: \u00d6len von Br\u00fccken, Reparatur der Br\u00fccken, Hineinstellen und Herausholen von Br\u00fccken Anfang und Ende der Navigationszeit.<\/p>\n<p>&nbsp;<\/p>\n<p>In Estland f\u00fchren wir Wartungsarbeiten im bemerkenswerten Umfang aus, und wir sind gerne bereit, auch die von Ihnen verwaltete Hafenl\u00f6sung zu erneuern und sie eventuell in Winterquartier bei uns aufzunehmen.<\/p>\n<p>&nbsp;<\/p>\n<p>In letzten Jahren haben wir viele mit europ\u00e4ischen Mitteln finanzierte Projekte erlebt, die erfolgreich fertig gebaut sind, aber wegen mangelhafter oder gar fehlender Wartung schon vor ihrem normalen Verschlei\u00df au\u00dfer Betrieb gesetzt worden sind. F\u00fcr eine sichere Benutzung von Br\u00fccken m\u00fcssen ihre Ger\u00fcstteile ausgetauscht, die Ankerl\u00f6sungen erg\u00e4nzt, der Schimmel entfernt oder die Lage ge\u00e4ndert werden. Wir sind bereit, das alles unseren Kunden anzubieten. Beim konkreten Interesse kontaktieren Sie bitte unsere Projektmanager.[\/vc_column_text][\/vc_column][\/vc_row]<\/p>\n<\/div>","protected":false},"excerpt":{"rendered":"<p>[vc_row row_type=&#8220;row&#8220; use_row_as_full_screen_section=&#8220;no&#8220; type=&#8220;full_width&#8220; parallax_content_width=&#8220;in_grid&#8220; anchor=&#8220;&#8220; in_content_menu=&#8220;&#8220; content_menu_title=&#8220;&#8220; content_menu_icon=&#8220;&#8220; angled_section=&#8220;no&#8220; angled_section_position=&#8220;both&#8220; angled_section_direction=&#8220;from_left_to_right&#8220; text_align=&#8220;left&#8220; video=&#8220;&#8220; video_overlay=&#8220;&#8220; video_overlay_image=&#8220;&#8220; video_webm=&#8220;&#8220; video_mp4=&#8220;&#8220; video_ogv=&#8220;&#8220; video_image=&#8220;&#8220; background_image=&#8220;&#8220; background_image_as_pattern=&#8220;without_pattern&#8220; section_height=&#8220;&#8220; parallax_speed=&#8220;&#8220; background_color=&#8220;&#8220; border_color=&#8220;&#8220; side_padding=&#8220;&#8220; parallax_side_padding=&#8220;&#8220; padding_top=&#8220;&#8220; padding_bottom=&#8220;&#8220; color=&#8220;&#8220; hover_color=&#8220;&#8220; more_button_label=&#8220;&#8220; less_button_label=&#8220;&#8220; button_position=&#8220;&#8220; css_animation=&#8220;&#8220; transition_delay=&#8220;&#8220;][vc_column width=&#8220;1\/1&#8243;][vc_column_text] Wartung F\u00fcr den Bau von verschiedene Uferanlagen,&#8230;<\/p>\n","protected":false},"author":2,"featured_media":0,"parent":0,"menu_order":6,"comment_status":"open","ping_status":"open","template":"","meta":{"footnotes":""},"class_list":["post-18610","page","type-page","status-publish","hentry"],"_links":{"self":[{"href":"https:\/\/paadisillad.ee\/de\/wp-json\/wp\/v2\/pages\/18610"}],"collection":[{"href":"https:\/\/paadisillad.ee\/de\/wp-json\/wp\/v2\/pages"}],"about":[{"href":"https:\/\/paadisillad.ee\/de\/wp-json\/wp\/v2\/types\/page"}],"author":[{"embeddable":true,"href":"https:\/\/paadisillad.ee\/de\/wp-json\/wp\/v2\/users\/2"}],"replies":[{"embeddable":true,"href":"https:\/\/paadisillad.ee\/de\/wp-json\/wp\/v2\/comments?post=18610"}],"version-history":[{"count":3,"href":"https:\/\/paadisillad.ee\/de\/wp-json\/wp\/v2\/pages\/18610\/revisions"}],"predecessor-version":[{"id":20035,"href":"https:\/\/paadisillad.ee\/de\/wp-json\/wp\/v2\/pages\/18610\/revisions\/20035"}],"wp:attachment":[{"href":"https:\/\/paadisillad.ee\/de\/wp-json\/wp\/v2\/media?parent=18610"}],"curies":[{"name":"wp","href":"https:\/\/api.w.org\/{rel}","templated":true}]}}