{"id":18661,"date":"2016-01-18T16:18:17","date_gmt":"2016-01-18T13:18:17","guid":{"rendered":"http:\/\/de.paadisillad.ee\/?page_id=18661"},"modified":"2017-01-09T11:49:18","modified_gmt":"2017-01-09T08:49:18","slug":"projektierung","status":"publish","type":"page","link":"https:\/\/paadisillad.ee\/de\/projektierung\/","title":{"rendered":"Projektierung"},"content":{"rendered":"<div class=\"wpb-content-wrapper\"><p>[vc_row row_type=&#8220;row&#8220; use_row_as_full_screen_section=&#8220;no&#8220; type=&#8220;full_width&#8220; parallax_content_width=&#8220;in_grid&#8220; anchor=&#8220;&#8220; in_content_menu=&#8220;&#8220; content_menu_title=&#8220;&#8220; content_menu_icon=&#8220;&#8220; angled_section=&#8220;no&#8220; angled_section_position=&#8220;both&#8220; angled_section_direction=&#8220;from_left_to_right&#8220; text_align=&#8220;left&#8220; video=&#8220;&#8220; video_overlay=&#8220;&#8220; video_overlay_image=&#8220;&#8220; video_webm=&#8220;&#8220; video_mp4=&#8220;&#8220; video_ogv=&#8220;&#8220; video_image=&#8220;&#8220; background_image=&#8220;&#8220; background_image_as_pattern=&#8220;without_pattern&#8220; section_height=&#8220;&#8220; parallax_speed=&#8220;&#8220; background_color=&#8220;&#8220; border_color=&#8220;&#8220; side_padding=&#8220;&#8220; parallax_side_padding=&#8220;&#8220; padding_top=&#8220;&#8220; padding_bottom=&#8220;&#8220; color=&#8220;&#8220; hover_color=&#8220;&#8220; more_button_label=&#8220;&#8220; less_button_label=&#8220;&#8220; button_position=&#8220;&#8220; css_animation=&#8220;&#8220; transition_delay=&#8220;&#8220;][vc_column width=&#8220;1\/1&#8243;][vc_column_text]<\/p>\n<h1>Projektierung<\/h1>\n<p>Ohne Projektierung passiert in der modernen Baut\u00e4tigkeit nichts. In der Projektierungsphase werden die solche genauen lokalen Verh\u00e4ltnisse wie Qualit\u00e4t und Zusammensetzung vom Uferboden, Wassertiefe und Bodenrelief, Witterungsverh\u00e4ltnisse und Faktoren der Hydrosph\u00e4re, aber auch die geltenden Gesetze und legitimen Einschr\u00e4nkungen, die den Br\u00fcckenbau verhindern oder dazu sogar zus\u00e4tzliche M\u00f6glichkeiten geben k\u00f6nnen, erforscht und diese mit dem neuen eventuellen Bau kombiniert.<\/p>\n<p>&nbsp;<\/p>\n<p>Die festgelegten Ziele und Bed\u00fcrfnisse werden an lokale Bedingungen angepasst, erst dann wird die passende Br\u00fccke gebaut. Man sollte darauf achten, dass Wasserbauten nicht von gew\u00f6hnlichen Bauingenieuren projektiert werden sollten, daf\u00fcr ist das Wassermilieu zu kompliziert, und \u00fcberhebliches Verhalten ist hier nicht angebracht. Wir sind bereit, Ihnen mit Projektierungsarbeiten zu helfen, weil wir sowohl in unseren Unternehmen als auch bei Zusammenarbeitspartnern Fachleute mit entsprechender Ausbildung und Erfahrung haben.[\/vc_column_text][\/vc_column][\/vc_row]<\/p>\n<\/div>","protected":false},"excerpt":{"rendered":"<p>[vc_row row_type=&#8220;row&#8220; use_row_as_full_screen_section=&#8220;no&#8220; type=&#8220;full_width&#8220; parallax_content_width=&#8220;in_grid&#8220; anchor=&#8220;&#8220; in_content_menu=&#8220;&#8220; content_menu_title=&#8220;&#8220; content_menu_icon=&#8220;&#8220; angled_section=&#8220;no&#8220; angled_section_position=&#8220;both&#8220; angled_section_direction=&#8220;from_left_to_right&#8220; text_align=&#8220;left&#8220; video=&#8220;&#8220; video_overlay=&#8220;&#8220; video_overlay_image=&#8220;&#8220; video_webm=&#8220;&#8220; video_mp4=&#8220;&#8220; video_ogv=&#8220;&#8220; video_image=&#8220;&#8220; background_image=&#8220;&#8220; background_image_as_pattern=&#8220;without_pattern&#8220; section_height=&#8220;&#8220; parallax_speed=&#8220;&#8220; background_color=&#8220;&#8220; border_color=&#8220;&#8220; side_padding=&#8220;&#8220; parallax_side_padding=&#8220;&#8220; padding_top=&#8220;&#8220; padding_bottom=&#8220;&#8220; color=&#8220;&#8220; hover_color=&#8220;&#8220; more_button_label=&#8220;&#8220; less_button_label=&#8220;&#8220; button_position=&#8220;&#8220; css_animation=&#8220;&#8220; transition_delay=&#8220;&#8220;][vc_column width=&#8220;1\/1&#8243;][vc_column_text] Projektierung Ohne Projektierung passiert in der modernen&#8230;<\/p>\n","protected":false},"author":2,"featured_media":0,"parent":0,"menu_order":2,"comment_status":"open","ping_status":"open","template":"","meta":{"footnotes":""},"class_list":["post-18661","page","type-page","status-publish","hentry"],"_links":{"self":[{"href":"https:\/\/paadisillad.ee\/de\/wp-json\/wp\/v2\/pages\/18661"}],"collection":[{"href":"https:\/\/paadisillad.ee\/de\/wp-json\/wp\/v2\/pages"}],"about":[{"href":"https:\/\/paadisillad.ee\/de\/wp-json\/wp\/v2\/types\/page"}],"author":[{"embeddable":true,"href":"https:\/\/paadisillad.ee\/de\/wp-json\/wp\/v2\/users\/2"}],"replies":[{"embeddable":true,"href":"https:\/\/paadisillad.ee\/de\/wp-json\/wp\/v2\/comments?post=18661"}],"version-history":[{"count":3,"href":"https:\/\/paadisillad.ee\/de\/wp-json\/wp\/v2\/pages\/18661\/revisions"}],"predecessor-version":[{"id":20029,"href":"https:\/\/paadisillad.ee\/de\/wp-json\/wp\/v2\/pages\/18661\/revisions\/20029"}],"wp:attachment":[{"href":"https:\/\/paadisillad.ee\/de\/wp-json\/wp\/v2\/media?parent=18661"}],"curies":[{"name":"wp","href":"https:\/\/api.w.org\/{rel}","templated":true}]}}