{"id":18674,"date":"2016-01-18T16:24:37","date_gmt":"2016-01-18T13:24:37","guid":{"rendered":"http:\/\/de.paadisillad.ee\/?page_id=18674"},"modified":"2018-01-12T12:27:37","modified_gmt":"2018-01-12T09:27:37","slug":"shallow","status":"publish","type":"page","link":"https:\/\/paadisillad.ee\/de\/tooted\/shallow\/","title":{"rendered":"Produktlinie SHALLOW ECO"},"content":{"rendered":"<div class=\"wpb-content-wrapper\"><p>[vc_row row_type=&#8220;row&#8220; use_row_as_full_screen_section=&#8220;no&#8220; type=&#8220;full_width&#8220; parallax_content_width=&#8220;in_grid&#8220; anchor=&#8220;&#8220; in_content_menu=&#8220;&#8220; content_menu_title=&#8220;&#8220; content_menu_icon=&#8220;&#8220; angled_section=&#8220;no&#8220; angled_section_position=&#8220;both&#8220; angled_section_direction=&#8220;from_left_to_right&#8220; text_align=&#8220;left&#8220; video=&#8220;&#8220; video_overlay=&#8220;&#8220; video_overlay_image=&#8220;&#8220; video_webm=&#8220;&#8220; video_mp4=&#8220;&#8220; video_ogv=&#8220;&#8220; video_image=&#8220;&#8220; background_image=&#8220;&#8220; background_image_as_pattern=&#8220;without_pattern&#8220; section_height=&#8220;&#8220; parallax_speed=&#8220;&#8220; background_color=&#8220;&#8220; border_color=&#8220;&#8220; side_padding=&#8220;&#8220; parallax_side_padding=&#8220;&#8220; padding_top=&#8220;&#8220; padding_bottom=&#8220;&#8220; color=&#8220;&#8220; hover_color=&#8220;&#8220; more_button_label=&#8220;&#8220; less_button_label=&#8220;&#8220; button_position=&#8220;&#8220; css_animation=&#8220;&#8220; transition_delay=&#8220;&#8220;][vc_column width=&#8220;1\/1&#8243;][vc_column_text]<\/p>\n<div class='fotorama--wp' data-ids='17870,17990,18010,17655,17590'data-width='695px'data-height='460px'data-nav='thumbs'data-allowfullscreen='false'data-fit='cover'data-link='file'data-itemtag='dl'data-icontag='dt'data-captiontag='dd'data-columns='0'data-size='large'data-auto='false'data-max-width='100%'data-ratio='1.5'>\n\t\t<style type=\"text\/css\">\n\t\t\t#gallery-1 {\n\t\t\t\tmargin: auto;\n\t\t\t}\n\t\t\t#gallery-1 .gallery-item {\n\t\t\t\tfloat: left;\n\t\t\t\tmargin-top: 10px;\n\t\t\t\ttext-align: center;\n\t\t\t\twidth: 100%;\n\t\t\t}\n\t\t\t#gallery-1 img {\n\t\t\t\tborder: 2px solid #cfcfcf;\n\t\t\t}\n\t\t\t#gallery-1 .gallery-caption {\n\t\t\t\tmargin-left: 0;\n\t\t\t}\n\t\t\t\/* see gallery_shortcode() in wp-includes\/media.php *\/\n\t\t<\/style>\n\t\t<div id='gallery-1' class='gallery galleryid-18674 gallery-columns-0 gallery-size-thumbnail'><dl class='gallery-item'>\n\t\t\t<dt class='gallery-icon landscape'>\n\t\t\t\t<a href='https:\/\/paadisillad.ee\/wp-content\/uploads\/2016\/01\/RKF8519.jpg' data-full='https:\/\/paadisillad.ee\/wp-content\/uploads\/2016\/01\/RKF8519.jpg'><img loading=\"lazy\" decoding=\"async\" width=\"150\" height=\"150\" src=\"https:\/\/paadisillad.ee\/wp-content\/uploads\/2016\/01\/RKF8519-150x150.jpg\" class=\"attachment-thumbnail size-thumbnail\" alt=\"\" srcset=\"https:\/\/paadisillad.ee\/wp-content\/uploads\/2016\/01\/RKF8519-150x150.jpg 150w, https:\/\/paadisillad.ee\/wp-content\/uploads\/2016\/01\/RKF8519-570x570.jpg 570w, https:\/\/paadisillad.ee\/wp-content\/uploads\/2016\/01\/RKF8519-600x600.jpg 600w, https:\/\/paadisillad.ee\/wp-content\/uploads\/2016\/01\/RKF8519-500x500.jpg 500w\" sizes=\"(max-width: 150px) 100vw, 150px\" \/><\/a>\n\t\t\t<\/dt><\/dl><dl class='gallery-item'>\n\t\t\t<dt class='gallery-icon landscape'>\n\t\t\t\t<a href='https:\/\/paadisillad.ee\/wp-content\/uploads\/2016\/01\/RKF8601.jpg' data-full='https:\/\/paadisillad.ee\/wp-content\/uploads\/2016\/01\/RKF8601.jpg'><img loading=\"lazy\" decoding=\"async\" width=\"150\" height=\"150\" src=\"https:\/\/paadisillad.ee\/wp-content\/uploads\/2016\/01\/RKF8601-150x150.jpg\" class=\"attachment-thumbnail size-thumbnail\" alt=\"\" srcset=\"https:\/\/paadisillad.ee\/wp-content\/uploads\/2016\/01\/RKF8601-150x150.jpg 150w, https:\/\/paadisillad.ee\/wp-content\/uploads\/2016\/01\/RKF8601-570x570.jpg 570w, https:\/\/paadisillad.ee\/wp-content\/uploads\/2016\/01\/RKF8601-600x600.jpg 600w, https:\/\/paadisillad.ee\/wp-content\/uploads\/2016\/01\/RKF8601-500x500.jpg 500w\" sizes=\"(max-width: 150px) 100vw, 150px\" \/><\/a>\n\t\t\t<\/dt><\/dl><dl class='gallery-item'>\n\t\t\t<dt class='gallery-icon landscape'>\n\t\t\t\t<a href='https:\/\/paadisillad.ee\/wp-content\/uploads\/2016\/01\/RKF8613.jpg' data-full='https:\/\/paadisillad.ee\/wp-content\/uploads\/2016\/01\/RKF8613.jpg'><img loading=\"lazy\" decoding=\"async\" width=\"150\" height=\"150\" src=\"https:\/\/paadisillad.ee\/wp-content\/uploads\/2016\/01\/RKF8613-150x150.jpg\" class=\"attachment-thumbnail size-thumbnail\" alt=\"\" srcset=\"https:\/\/paadisillad.ee\/wp-content\/uploads\/2016\/01\/RKF8613-150x150.jpg 150w, https:\/\/paadisillad.ee\/wp-content\/uploads\/2016\/01\/RKF8613-570x570.jpg 570w, https:\/\/paadisillad.ee\/wp-content\/uploads\/2016\/01\/RKF8613-600x600.jpg 600w, https:\/\/paadisillad.ee\/wp-content\/uploads\/2016\/01\/RKF8613-500x500.jpg 500w\" sizes=\"(max-width: 150px) 100vw, 150px\" \/><\/a>\n\t\t\t<\/dt><\/dl><dl class='gallery-item'>\n\t\t\t<dt class='gallery-icon landscape'>\n\t\t\t\t<a href='https:\/\/paadisillad.ee\/wp-content\/uploads\/2016\/01\/RKF8336.jpg' data-full='https:\/\/paadisillad.ee\/wp-content\/uploads\/2016\/01\/RKF8336.jpg'><img loading=\"lazy\" decoding=\"async\" width=\"150\" height=\"150\" src=\"https:\/\/paadisillad.ee\/wp-content\/uploads\/2016\/01\/RKF8336-150x150.jpg\" class=\"attachment-thumbnail size-thumbnail\" alt=\"\" srcset=\"https:\/\/paadisillad.ee\/wp-content\/uploads\/2016\/01\/RKF8336-150x150.jpg 150w, https:\/\/paadisillad.ee\/wp-content\/uploads\/2016\/01\/RKF8336-570x570.jpg 570w, https:\/\/paadisillad.ee\/wp-content\/uploads\/2016\/01\/RKF8336-600x600.jpg 600w, https:\/\/paadisillad.ee\/wp-content\/uploads\/2016\/01\/RKF8336-500x500.jpg 500w\" sizes=\"(max-width: 150px) 100vw, 150px\" \/><\/a>\n\t\t\t<\/dt><\/dl><dl class='gallery-item'>\n\t\t\t<dt class='gallery-icon landscape'>\n\t\t\t\t<a href='https:\/\/paadisillad.ee\/wp-content\/uploads\/2016\/01\/RKF8277.jpg' data-full='https:\/\/paadisillad.ee\/wp-content\/uploads\/2016\/01\/RKF8277.jpg'><img loading=\"lazy\" decoding=\"async\" width=\"150\" height=\"150\" src=\"https:\/\/paadisillad.ee\/wp-content\/uploads\/2016\/01\/RKF8277-150x150.jpg\" class=\"attachment-thumbnail size-thumbnail\" alt=\"\" srcset=\"https:\/\/paadisillad.ee\/wp-content\/uploads\/2016\/01\/RKF8277-150x150.jpg 150w, https:\/\/paadisillad.ee\/wp-content\/uploads\/2016\/01\/RKF8277-570x570.jpg 570w, https:\/\/paadisillad.ee\/wp-content\/uploads\/2016\/01\/RKF8277-600x600.jpg 600w, https:\/\/paadisillad.ee\/wp-content\/uploads\/2016\/01\/RKF8277-500x500.jpg 500w\" sizes=\"(max-width: 150px) 100vw, 150px\" \/><\/a>\n\t\t\t<\/dt><\/dl>\n\t\t<\/div>\n<\/div> .<\/p>\n<p>[\/vc_column_text][\/vc_column][\/vc_row][vc_row row_type=&#8220;row&#8220; use_row_as_full_screen_section=&#8220;no&#8220; type=&#8220;full_width&#8220; parallax_content_width=&#8220;in_grid&#8220; anchor=&#8220;&#8220; in_content_menu=&#8220;&#8220; content_menu_title=&#8220;&#8220; content_menu_icon=&#8220;&#8220; angled_section=&#8220;no&#8220; angled_section_position=&#8220;both&#8220; angled_section_direction=&#8220;from_left_to_right&#8220; text_align=&#8220;left&#8220; video=&#8220;&#8220; video_overlay=&#8220;&#8220; video_overlay_image=&#8220;&#8220; video_webm=&#8220;&#8220; video_mp4=&#8220;&#8220; video_ogv=&#8220;&#8220; video_image=&#8220;&#8220; background_image=&#8220;&#8220; background_image_as_pattern=&#8220;without_pattern&#8220; section_height=&#8220;&#8220; parallax_speed=&#8220;&#8220; background_color=&#8220;&#8220; border_color=&#8220;&#8220; side_padding=&#8220;&#8220; parallax_side_padding=&#8220;&#8220; padding_top=&#8220;&#8220; padding_bottom=&#8220;50&#8243; color=&#8220;&#8220; hover_color=&#8220;&#8220; more_button_label=&#8220;&#8220; less_button_label=&#8220;&#8220; button_position=&#8220;&#8220; css_animation=&#8220;&#8220; transition_delay=&#8220;&#8220;][vc_column width=&#8220;1\/1&#8243;][vc_column_text]<\/p>\n<h1>PRODUKTLINIE SHALLOW ECO<\/h1>\n<p>Die Shallow ECO Modelle sind f\u00fcr Gew\u00e4sser gedacht, wo die durchschnittliche Wellenh\u00f6he bei 0,2 Meter liegt. Die Shallow Br\u00fccken sind in erster Linie f\u00fcrs Freizeitverbringen (Baden, Sonnenbad, Wassersport) und als Anlegestelle f\u00fcr kleinere Boote gedacht. Die Breite der Schwimmbr\u00fccke betr\u00e4gt 2,4 Meter und die L\u00e4nge von einem Modul 3 \u2013 6 Meter. Mit Modulen k\u00f6nnen Br\u00fccken von beliebiger L\u00e4nge gebaut werden.<\/p>\n<p>&nbsp;<\/p>\n<p>&nbsp;<\/p>\n<p>&nbsp;<\/p>\n<table>\n<tbody>\n<tr>\n<td style=\"text-align: left;\" width=\"213\"><strong>Produktserie von Modulen<\/strong><\/td>\n<td style=\"text-align: left;\" width=\"394\">SHALLOW ECO<\/td>\n<\/tr>\n<tr>\n<td style=\"text-align: left;\" width=\"213\"><strong>Benutzung<\/strong><\/td>\n<td style=\"text-align: left;\" width=\"394\">Schwimmbr\u00fccken, Fl\u00f6sse, Terrassen, H\u00e4fen f\u00fcr Kleinboote, Anlegestellen<\/td>\n<\/tr>\n<tr>\n<td style=\"text-align: left;\" width=\"213\"><strong>Geeignete Wasserfahrzeuge<\/strong><\/td>\n<td style=\"text-align: left;\" width=\"394\">Ruderboote, Wasserr\u00e4der, Paddelboote, Kanus<\/td>\n<\/tr>\n<tr>\n<td style=\"text-align: left;\" width=\"213\"><strong>L\u00e4nge von Modulen<\/strong><\/td>\n<td style=\"text-align: left;\" width=\"394\">3 \/ 4 \/ 5 \/ 6 m<\/td>\n<\/tr>\n<tr>\n<td style=\"text-align: left;\" width=\"213\"><strong>Breite von Modulen<\/strong><\/td>\n<td style=\"text-align: left;\" width=\"394\">2,4 m<\/td>\n<\/tr>\n<tr>\n<td style=\"text-align: left;\" width=\"213\"><strong>Freibordh\u00f6he<\/strong><\/td>\n<td style=\"text-align: left;\" width=\"394\">0,3 m<\/td>\n<\/tr>\n<tr>\n<td style=\"text-align: left;\" width=\"213\"><strong>Erlaubte Wellenh\u00f6he <\/strong><\/td>\n<td style=\"text-align: left;\" width=\"394\">bis 0,2 m<\/td>\n<\/tr>\n<tr>\n<td style=\"text-align: left;\" width=\"213\"><strong>Pontons<\/strong><\/td>\n<td style=\"text-align: left;\" width=\"394\">250 L \/ 250 L Styropor<\/td>\n<\/tr>\n<tr>\n<td style=\"text-align: left;\" width=\"213\"><strong>Holzdetails<\/strong><\/td>\n<td style=\"text-align: left;\" width=\"394\">Ger\u00fcst 45\u00d7145 mm \/ 45 x 195 mm, Bretterger\u00fcst 28 x 120 mm; tief impr\u00e4gnierte Kiefer HC4<\/td>\n<\/tr>\n<tr>\n<td style=\"text-align: left;\" width=\"213\"><strong>Gewicht des Moduls<\/strong><\/td>\n<td style=\"text-align: left;\" width=\"394\">300 \u2013 500 kg<\/td>\n<\/tr>\n<tr>\n<td style=\"text-align: left;\" width=\"213\"><strong>Anker<\/strong><\/td>\n<td style=\"text-align: left;\" width=\"394\">Das Gewicht von einer Ankerposition ab 150 kg<\/td>\n<\/tr>\n<tr>\n<td style=\"text-align: left;\" width=\"213\"><strong>Ankerketten<\/strong><\/td>\n<td style=\"text-align: left;\" width=\"394\">10 mm feuerverzinkt<\/td>\n<\/tr>\n<tr>\n<td style=\"text-align: left;\" width=\"213\"><strong>Widerstandsf\u00e4higkeit im Eis<\/strong><\/td>\n<td style=\"text-align: left;\" width=\"394\">Vereisung ist erlaubt, Bewegung von Eis nicht erlaubt<\/td>\n<\/tr>\n<tr>\n<td style=\"text-align: left;\" width=\"213\"><strong>Transport<\/strong><\/td>\n<td style=\"text-align: left;\" width=\"394\">Leichte Anh\u00e4nger, LKW-s<\/td>\n<\/tr>\n<\/tbody>\n<\/table>\n<p>[\/vc_column_text][vc_separator type=&#8220;normal&#8220; position=&#8220;center&#8220; width_in_percentages=&#8220;&#8220;][\/vc_column][\/vc_row][vc_row row_type=&#8220;row&#8220; use_row_as_full_screen_section=&#8220;no&#8220; type=&#8220;full_width&#8220; parallax_content_width=&#8220;in_grid&#8220; anchor=&#8220;&#8220; in_content_menu=&#8220;&#8220; content_menu_title=&#8220;&#8220; content_menu_icon=&#8220;&#8220; angled_section=&#8220;no&#8220; angled_section_position=&#8220;both&#8220; angled_section_direction=&#8220;from_left_to_right&#8220; text_align=&#8220;left&#8220; video=&#8220;&#8220; video_overlay=&#8220;&#8220; video_overlay_image=&#8220;&#8220; video_webm=&#8220;&#8220; video_mp4=&#8220;&#8220; video_ogv=&#8220;&#8220; video_image=&#8220;&#8220; background_image=&#8220;&#8220; background_image_as_pattern=&#8220;without_pattern&#8220; section_height=&#8220;&#8220; parallax_speed=&#8220;&#8220; background_color=&#8220;&#8220; border_color=&#8220;&#8220; side_padding=&#8220;&#8220; parallax_side_padding=&#8220;&#8220; padding_top=&#8220;&#8220; padding_bottom=&#8220;&#8220; color=&#8220;&#8220; hover_color=&#8220;&#8220; more_button_label=&#8220;&#8220; less_button_label=&#8220;&#8220; button_position=&#8220;&#8220; css_animation=&#8220;&#8220; transition_delay=&#8220;&#8220; el_class=&#8220;product_s_description &#8220; el_id=&#8220;&#8220;][vc_column width=&#8220;1\/3&#8243; el_class=&#8220;product_s_description_imag&#8220;][vc_single_image image=&#8220;16650&#8243; alignment=&#8220;&#8220; style=&#8220;&#8220; border_color=&#8220;grey&#8220; img_link_large=&#8220;&#8220; img_link_target=&#8220;_self&#8220; qode_css_animation=&#8220;&#8220; transition_delay=&#8220;1&#8243; img_size=&#8220;medium&#8220;][\/vc_column][vc_column width=&#8220;2\/3&#8243; el_class=&#8220;product_s_description_text&#8220;][vc_column_text]<\/p>\n<h4><strong>Shallow ECO 2430<\/strong><\/h4>\n<p>[\/vc_column_text][vc_column_text]<\/p>\n<p>Ma\u00dfe der Br\u00fcckenplattform: Breite 2,4 m, L\u00e4nge 3 m (6,3 m<sup>2<\/sup>)<\/p>\n<p>[\/vc_column_text][\/vc_column][\/vc_row][vc_row row_type=&#8220;row&#8220; use_row_as_full_screen_section=&#8220;no&#8220; type=&#8220;full_width&#8220; parallax_content_width=&#8220;in_grid&#8220; anchor=&#8220;&#8220; in_content_menu=&#8220;&#8220; content_menu_title=&#8220;&#8220; content_menu_icon=&#8220;&#8220; angled_section=&#8220;no&#8220; angled_section_position=&#8220;both&#8220; angled_section_direction=&#8220;from_left_to_right&#8220; text_align=&#8220;left&#8220; video=&#8220;&#8220; video_overlay=&#8220;&#8220; video_overlay_image=&#8220;&#8220; video_webm=&#8220;&#8220; video_mp4=&#8220;&#8220; video_ogv=&#8220;&#8220; video_image=&#8220;&#8220; background_image=&#8220;&#8220; background_image_as_pattern=&#8220;without_pattern&#8220; section_height=&#8220;&#8220; parallax_speed=&#8220;&#8220; background_color=&#8220;&#8220; border_color=&#8220;&#8220; side_padding=&#8220;&#8220; parallax_side_padding=&#8220;&#8220; padding_top=&#8220;20&#8243; padding_bottom=&#8220;28&#8243; color=&#8220;&#8220; hover_color=&#8220;&#8220; more_button_label=&#8220;&#8220; less_button_label=&#8220;&#8220; button_position=&#8220;&#8220; css_animation=&#8220;&#8220; transition_delay=&#8220;&#8220; el_class=&#8220;product_s_description&#8220; el_id=&#8220;&#8220;][vc_column width=&#8220;1\/1&#8243; css=&#8220;.vc_custom_1432219701434{padding-top: 10px !important;padding-bottom: 10px !important;}&#8220;][vc_separator type=&#8220;normal&#8220; position=&#8220;center&#8220; color=&#8220;&#8220; transparency=&#8220;&#8220; thickness=&#8220;&#8220; width=&#8220;&#8220; width_in_percentages=&#8220;&#8220; up=&#8220;&#8220; down=&#8220;&#8220;][\/vc_column][\/vc_row][vc_row row_type=&#8220;row&#8220; use_row_as_full_screen_section=&#8220;no&#8220; type=&#8220;full_width&#8220; parallax_content_width=&#8220;in_grid&#8220; anchor=&#8220;&#8220; in_content_menu=&#8220;&#8220; content_menu_title=&#8220;&#8220; content_menu_icon=&#8220;&#8220; angled_section=&#8220;no&#8220; angled_section_position=&#8220;both&#8220; angled_section_direction=&#8220;from_left_to_right&#8220; text_align=&#8220;left&#8220; video=&#8220;&#8220; video_overlay=&#8220;&#8220; video_overlay_image=&#8220;&#8220; video_webm=&#8220;&#8220; video_mp4=&#8220;&#8220; video_ogv=&#8220;&#8220; video_image=&#8220;&#8220; background_image=&#8220;&#8220; background_image_as_pattern=&#8220;without_pattern&#8220; section_height=&#8220;&#8220; parallax_speed=&#8220;&#8220; background_color=&#8220;&#8220; border_color=&#8220;&#8220; side_padding=&#8220;&#8220; parallax_side_padding=&#8220;&#8220; padding_top=&#8220;&#8220; padding_bottom=&#8220;&#8220; color=&#8220;&#8220; hover_color=&#8220;&#8220; more_button_label=&#8220;&#8220; less_button_label=&#8220;&#8220; button_position=&#8220;&#8220; css_animation=&#8220;&#8220; transition_delay=&#8220;&#8220; el_class=&#8220;product_s_description &#8220; el_id=&#8220;&#8220;][vc_column width=&#8220;1\/3&#8243; el_class=&#8220;product_s_description_imag&#8220;][vc_single_image image=&#8220;18214&#8243; border_color=&#8220;grey&#8220; img_link_large=&#8220;&#8220; img_link_target=&#8220;_self&#8220; transition_delay=&#8220;1&#8243; img_size=&#8220;medium&#8220;][\/vc_column][vc_column width=&#8220;2\/3&#8243; el_class=&#8220;product_s_description_text&#8220;][vc_column_text]<\/p>\n<h4><strong>Shallow ECO 2440<\/strong><\/h4>\n<p>[\/vc_column_text][vc_column_text]<\/p>\n<p>Ma\u00dfe der Br\u00fcckenplattform: Breite 2,4 m, L\u00e4nge 4 m (9,6 m<sup>2<\/sup>)<\/p>\n<p>[\/vc_column_text][\/vc_column][\/vc_row][vc_row row_type=&#8220;row&#8220; use_row_as_full_screen_section=&#8220;no&#8220; type=&#8220;full_width&#8220; parallax_content_width=&#8220;in_grid&#8220; anchor=&#8220;&#8220; in_content_menu=&#8220;&#8220; content_menu_title=&#8220;&#8220; content_menu_icon=&#8220;&#8220; angled_section=&#8220;no&#8220; angled_section_position=&#8220;both&#8220; angled_section_direction=&#8220;from_left_to_right&#8220; text_align=&#8220;left&#8220; video=&#8220;&#8220; video_overlay=&#8220;&#8220; video_overlay_image=&#8220;&#8220; video_webm=&#8220;&#8220; video_mp4=&#8220;&#8220; video_ogv=&#8220;&#8220; video_image=&#8220;&#8220; background_image=&#8220;&#8220; background_image_as_pattern=&#8220;without_pattern&#8220; section_height=&#8220;&#8220; parallax_speed=&#8220;&#8220; background_color=&#8220;&#8220; border_color=&#8220;&#8220; side_padding=&#8220;&#8220; parallax_side_padding=&#8220;&#8220; padding_top=&#8220;20&#8243; padding_bottom=&#8220;28&#8243; color=&#8220;&#8220; hover_color=&#8220;&#8220; more_button_label=&#8220;&#8220; less_button_label=&#8220;&#8220; button_position=&#8220;&#8220; css_animation=&#8220;&#8220; transition_delay=&#8220;&#8220; el_class=&#8220;product_s_description&#8220; el_id=&#8220;&#8220;][vc_column width=&#8220;1\/1&#8243; css=&#8220;.vc_custom_1432219701434{padding-top: 10px !important;padding-bottom: 10px !important;}&#8220;][vc_separator type=&#8220;normal&#8220; position=&#8220;center&#8220; color=&#8220;&#8220; transparency=&#8220;&#8220; thickness=&#8220;&#8220; width=&#8220;&#8220; width_in_percentages=&#8220;&#8220; up=&#8220;&#8220; down=&#8220;&#8220;][\/vc_column][\/vc_row][vc_row row_type=&#8220;row&#8220; use_row_as_full_screen_section=&#8220;no&#8220; type=&#8220;full_width&#8220; parallax_content_width=&#8220;in_grid&#8220; anchor=&#8220;&#8220; in_content_menu=&#8220;&#8220; content_menu_title=&#8220;&#8220; content_menu_icon=&#8220;&#8220; angled_section=&#8220;no&#8220; angled_section_position=&#8220;both&#8220; angled_section_direction=&#8220;from_left_to_right&#8220; text_align=&#8220;left&#8220; video=&#8220;&#8220; video_overlay=&#8220;&#8220; video_overlay_image=&#8220;&#8220; video_webm=&#8220;&#8220; video_mp4=&#8220;&#8220; video_ogv=&#8220;&#8220; video_image=&#8220;&#8220; background_image=&#8220;&#8220; background_image_as_pattern=&#8220;without_pattern&#8220; section_height=&#8220;&#8220; parallax_speed=&#8220;&#8220; background_color=&#8220;&#8220; border_color=&#8220;&#8220; side_padding=&#8220;&#8220; parallax_side_padding=&#8220;&#8220; padding_top=&#8220;&#8220; padding_bottom=&#8220;&#8220; color=&#8220;&#8220; hover_color=&#8220;&#8220; more_button_label=&#8220;&#8220; less_button_label=&#8220;&#8220; button_position=&#8220;&#8220; css_animation=&#8220;&#8220; transition_delay=&#8220;&#8220; el_class=&#8220;product_s_description &#8220; el_id=&#8220;&#8220;][vc_column width=&#8220;1\/3&#8243; el_class=&#8220;product_s_description_imag&#8220;][vc_single_image image=&#8220;18221&#8243; border_color=&#8220;grey&#8220; img_link_large=&#8220;&#8220; img_link_target=&#8220;_self&#8220; transition_delay=&#8220;1&#8243; img_size=&#8220;medium&#8220;][\/vc_column][vc_column width=&#8220;2\/3&#8243; el_class=&#8220;product_s_description_text&#8220;][vc_column_text]<\/p>\n<h4><strong>Shallow ECO 2450<\/strong><\/h4>\n<p>[\/vc_column_text][vc_column_text]<\/p>\n<p>Ma\u00dfe der Br\u00fcckenplattform: Breite 2,4 m, L\u00e4nge 5 m (12 m<sup>2<\/sup>)<\/p>\n<p>[\/vc_column_text][\/vc_column][\/vc_row][vc_row row_type=&#8220;row&#8220; use_row_as_full_screen_section=&#8220;no&#8220; type=&#8220;full_width&#8220; parallax_content_width=&#8220;in_grid&#8220; anchor=&#8220;&#8220; in_content_menu=&#8220;&#8220; content_menu_title=&#8220;&#8220; content_menu_icon=&#8220;&#8220; angled_section=&#8220;no&#8220; angled_section_position=&#8220;both&#8220; angled_section_direction=&#8220;from_left_to_right&#8220; text_align=&#8220;left&#8220; video=&#8220;&#8220; video_overlay=&#8220;&#8220; video_overlay_image=&#8220;&#8220; video_webm=&#8220;&#8220; video_mp4=&#8220;&#8220; video_ogv=&#8220;&#8220; video_image=&#8220;&#8220; background_image=&#8220;&#8220; background_image_as_pattern=&#8220;without_pattern&#8220; section_height=&#8220;&#8220; parallax_speed=&#8220;&#8220; background_color=&#8220;&#8220; border_color=&#8220;&#8220; side_padding=&#8220;&#8220; parallax_side_padding=&#8220;&#8220; padding_top=&#8220;20&#8243; padding_bottom=&#8220;28&#8243; color=&#8220;&#8220; hover_color=&#8220;&#8220; more_button_label=&#8220;&#8220; less_button_label=&#8220;&#8220; button_position=&#8220;&#8220; css_animation=&#8220;&#8220; transition_delay=&#8220;&#8220; el_class=&#8220;product_s_description&#8220; el_id=&#8220;&#8220;][vc_column width=&#8220;1\/1&#8243; css=&#8220;.vc_custom_1432219701434{padding-top: 10px !important;padding-bottom: 10px !important;}&#8220;][vc_separator type=&#8220;normal&#8220; position=&#8220;center&#8220; color=&#8220;&#8220; transparency=&#8220;&#8220; thickness=&#8220;&#8220; width=&#8220;&#8220; width_in_percentages=&#8220;&#8220; up=&#8220;&#8220; down=&#8220;&#8220;][\/vc_column][\/vc_row][vc_row row_type=&#8220;row&#8220; use_row_as_full_screen_section=&#8220;no&#8220; type=&#8220;full_width&#8220; parallax_content_width=&#8220;in_grid&#8220; anchor=&#8220;&#8220; in_content_menu=&#8220;&#8220; content_menu_title=&#8220;&#8220; content_menu_icon=&#8220;&#8220; angled_section=&#8220;no&#8220; angled_section_position=&#8220;both&#8220; angled_section_direction=&#8220;from_left_to_right&#8220; text_align=&#8220;left&#8220; video=&#8220;&#8220; video_overlay=&#8220;&#8220; video_overlay_image=&#8220;&#8220; video_webm=&#8220;&#8220; video_mp4=&#8220;&#8220; video_ogv=&#8220;&#8220; video_image=&#8220;&#8220; background_image=&#8220;&#8220; background_image_as_pattern=&#8220;without_pattern&#8220; section_height=&#8220;&#8220; parallax_speed=&#8220;&#8220; background_color=&#8220;&#8220; border_color=&#8220;&#8220; side_padding=&#8220;&#8220; parallax_side_padding=&#8220;&#8220; padding_top=&#8220;&#8220; padding_bottom=&#8220;&#8220; color=&#8220;&#8220; hover_color=&#8220;&#8220; more_button_label=&#8220;&#8220; less_button_label=&#8220;&#8220; button_position=&#8220;&#8220; css_animation=&#8220;&#8220; transition_delay=&#8220;&#8220; el_class=&#8220;product_s_description &#8220; el_id=&#8220;&#8220;][vc_column width=&#8220;1\/3&#8243; el_class=&#8220;product_s_description_imag&#8220;][vc_single_image image=&#8220;18226&#8243; border_color=&#8220;grey&#8220; img_link_large=&#8220;&#8220; img_link_target=&#8220;_self&#8220; transition_delay=&#8220;1&#8243; img_size=&#8220;medium&#8220;][\/vc_column][vc_column width=&#8220;2\/3&#8243; el_class=&#8220;product_s_description_text&#8220;][vc_column_text]<\/p>\n<h4><strong>Shallow ECO 2460<\/strong><\/h4>\n<p>[\/vc_column_text][vc_column_text]<\/p>\n<p>Ma\u00dfe der Br\u00fcckenplattform: Breite 2,4 m, L\u00e4nge 6 m (14,4 m<sup>2<\/sup>)<\/p>\n<p>[\/vc_column_text][\/vc_column][\/vc_row]<\/p>\n<\/div>","protected":false},"excerpt":{"rendered":"<p>[vc_row row_type=&#8220;row&#8220; use_row_as_full_screen_section=&#8220;no&#8220; type=&#8220;full_width&#8220; parallax_content_width=&#8220;in_grid&#8220; anchor=&#8220;&#8220; in_content_menu=&#8220;&#8220; content_menu_title=&#8220;&#8220; content_menu_icon=&#8220;&#8220; angled_section=&#8220;no&#8220; angled_section_position=&#8220;both&#8220; angled_section_direction=&#8220;from_left_to_right&#8220; text_align=&#8220;left&#8220; video=&#8220;&#8220; video_overlay=&#8220;&#8220; video_overlay_image=&#8220;&#8220; video_webm=&#8220;&#8220; video_mp4=&#8220;&#8220; video_ogv=&#8220;&#8220; video_image=&#8220;&#8220; background_image=&#8220;&#8220; background_image_as_pattern=&#8220;without_pattern&#8220; section_height=&#8220;&#8220; parallax_speed=&#8220;&#8220; background_color=&#8220;&#8220; border_color=&#8220;&#8220; side_padding=&#8220;&#8220; parallax_side_padding=&#8220;&#8220; padding_top=&#8220;&#8220; padding_bottom=&#8220;&#8220; color=&#8220;&#8220; hover_color=&#8220;&#8220; more_button_label=&#8220;&#8220; less_button_label=&#8220;&#8220; button_position=&#8220;&#8220; css_animation=&#8220;&#8220; transition_delay=&#8220;&#8220;][vc_column width=&#8220;1\/1&#8243;][vc_column_text] . [\/vc_column_text][\/vc_column][\/vc_row][vc_row row_type=&#8220;row&#8220; use_row_as_full_screen_section=&#8220;no&#8220; type=&#8220;full_width&#8220; parallax_content_width=&#8220;in_grid&#8220; anchor=&#8220;&#8220;&#8230;<\/p>\n","protected":false},"author":2,"featured_media":0,"parent":18577,"menu_order":1,"comment_status":"open","ping_status":"closed","template":"","meta":{"footnotes":""},"class_list":["post-18674","page","type-page","status-publish","hentry"],"_links":{"self":[{"href":"https:\/\/paadisillad.ee\/de\/wp-json\/wp\/v2\/pages\/18674"}],"collection":[{"href":"https:\/\/paadisillad.ee\/de\/wp-json\/wp\/v2\/pages"}],"about":[{"href":"https:\/\/paadisillad.ee\/de\/wp-json\/wp\/v2\/types\/page"}],"author":[{"embeddable":true,"href":"https:\/\/paadisillad.ee\/de\/wp-json\/wp\/v2\/users\/2"}],"replies":[{"embeddable":true,"href":"https:\/\/paadisillad.ee\/de\/wp-json\/wp\/v2\/comments?post=18674"}],"version-history":[{"count":9,"href":"https:\/\/paadisillad.ee\/de\/wp-json\/wp\/v2\/pages\/18674\/revisions"}],"predecessor-version":[{"id":20433,"href":"https:\/\/paadisillad.ee\/de\/wp-json\/wp\/v2\/pages\/18674\/revisions\/20433"}],"up":[{"embeddable":true,"href":"https:\/\/paadisillad.ee\/de\/wp-json\/wp\/v2\/pages\/18577"}],"wp:attachment":[{"href":"https:\/\/paadisillad.ee\/de\/wp-json\/wp\/v2\/media?parent=18674"}],"curies":[{"name":"wp","href":"https:\/\/api.w.org\/{rel}","templated":true}]}}