{"id":18689,"date":"2016-01-18T16:36:38","date_gmt":"2016-01-18T13:36:38","guid":{"rendered":"http:\/\/de.paadisillad.ee\/?page_id=18689"},"modified":"2017-01-09T11:52:15","modified_gmt":"2017-01-09T08:52:15","slug":"produktion-3","status":"publish","type":"page","link":"https:\/\/paadisillad.ee\/de\/produktion-3\/","title":{"rendered":"Produktion"},"content":{"rendered":"<div class=\"wpb-content-wrapper\"><p>[vc_row row_type=&#8220;row&#8220; use_row_as_full_screen_section=&#8220;no&#8220; type=&#8220;full_width&#8220; parallax_content_width=&#8220;in_grid&#8220; anchor=&#8220;&#8220; in_content_menu=&#8220;&#8220; content_menu_title=&#8220;&#8220; content_menu_icon=&#8220;&#8220; angled_section=&#8220;no&#8220; angled_section_position=&#8220;both&#8220; angled_section_direction=&#8220;from_left_to_right&#8220; text_align=&#8220;left&#8220; video=&#8220;&#8220; video_overlay=&#8220;&#8220; video_overlay_image=&#8220;&#8220; video_webm=&#8220;&#8220; video_mp4=&#8220;&#8220; video_ogv=&#8220;&#8220; video_image=&#8220;&#8220; background_image=&#8220;&#8220; background_image_as_pattern=&#8220;without_pattern&#8220; section_height=&#8220;&#8220; parallax_speed=&#8220;&#8220; background_color=&#8220;&#8220; border_color=&#8220;&#8220; side_padding=&#8220;&#8220; parallax_side_padding=&#8220;&#8220; padding_top=&#8220;&#8220; padding_bottom=&#8220;&#8220; color=&#8220;&#8220; hover_color=&#8220;&#8220; more_button_label=&#8220;&#8220; less_button_label=&#8220;&#8220; button_position=&#8220;&#8220; css_animation=&#8220;&#8220; transition_delay=&#8220;&#8220;][vc_column width=&#8220;1\/1&#8243;][vc_column_text]<\/p>\n<h1><strong>Die Produktion \u00a0<\/strong><\/h1>\n<p>\u00c4hnlich mit Herstellern von Modulh\u00e4usern sind auch wir der Meinung, dass die beste Leistung bei der Herstellung von unseren Schwimmbr\u00fccken und anderen L\u00f6sungen im unseren eigenen im Industriepark Vihavu (Vihavu T\u00f6\u00f6stuspark, Vihavu k\u00fcla, Puhja vald, Tartumaa) liegenden\u00a0 Produktionskomplex unter st\u00e4ndiger \u00dcberwachung und witterungsunabh\u00e4ngig erbracht werden kann. Unsere Fachleute verf\u00fcgen \u00fcber umfangreiche Erfahrungen im Bereich vom Br\u00fcckenbau.<\/p>\n<p>&nbsp;<\/p>\n<p>Die geheizten Produktionsr\u00e4ume befinden sich auf 800 m<sup>2<\/sup>, und dazu geh\u00f6ren noch ca. 5000 m<sup>2 <\/sup>Au\u00dfenfl\u00e4che. Wir verf\u00fcgen \u00fcber moderne Produktionsanlagen und sichere Ladetechnik. Die Qualit\u00e4t von jedem Fertigprodukt ist f\u00fcr uns wichtig, und deshalb hat Qualit\u00e4tskontrolle einen hohen Stellenwert.<\/p>\n<p>&nbsp;<\/p>\n<p>In unserer Produktion benutzen wir das ISO 9001 Qualit\u00e4tsmanagementsystem. Alle \u00a0serienm\u00fc\u00dfig hergestellten Produkte sind jahrelang gepr\u00fcft und getestet worden, und wir k\u00f6nnen versichern, dass die gemachten Fehler zwar schwere Fehlschl\u00e4ge, aber gleichzeitig auch konstruktive Fortschritte gewesen sind.<\/p>\n<p>&nbsp;<\/p>\n<p>Zu Vorteilen der Modulproduktion geh\u00f6ren unter anderem:<\/p>\n<p>&nbsp;<\/p>\n<ul>\n<li>St\u00e4ndige \u00dcberpr\u00fcfung der Fertigproduktion \u2013 genaue Ma\u00dfe und eindeutig definiertes<\/li>\n<\/ul>\n<p>Material;<\/p>\n<ul>\n<li>Minimierung von Witterungsverh\u00e4ltnisse und die sich daraus ergebende Stabilit\u00e4t;<\/li>\n<li>Vortrocknung vom impr\u00e4gniertem Material und passende Umweltklasse;<\/li>\n<li>Schnelle Montage, minimale Belastung des Objekts;<\/li>\n<li>Archivierung der Spezifikation der Fertigmodule, sp\u00e4tere Erg\u00e4nzung von Details oder eventuelle Erneuerung.<\/li>\n<\/ul>\n<p>[\/vc_column_text][\/vc_column][\/vc_row]<\/p>\n<\/div>","protected":false},"excerpt":{"rendered":"<p>[vc_row row_type=&#8220;row&#8220; use_row_as_full_screen_section=&#8220;no&#8220; type=&#8220;full_width&#8220; parallax_content_width=&#8220;in_grid&#8220; anchor=&#8220;&#8220; in_content_menu=&#8220;&#8220; content_menu_title=&#8220;&#8220; content_menu_icon=&#8220;&#8220; angled_section=&#8220;no&#8220; angled_section_position=&#8220;both&#8220; angled_section_direction=&#8220;from_left_to_right&#8220; text_align=&#8220;left&#8220; video=&#8220;&#8220; video_overlay=&#8220;&#8220; video_overlay_image=&#8220;&#8220; video_webm=&#8220;&#8220; video_mp4=&#8220;&#8220; video_ogv=&#8220;&#8220; video_image=&#8220;&#8220; background_image=&#8220;&#8220; background_image_as_pattern=&#8220;without_pattern&#8220; section_height=&#8220;&#8220; parallax_speed=&#8220;&#8220; background_color=&#8220;&#8220; border_color=&#8220;&#8220; side_padding=&#8220;&#8220; parallax_side_padding=&#8220;&#8220; padding_top=&#8220;&#8220; padding_bottom=&#8220;&#8220; color=&#8220;&#8220; hover_color=&#8220;&#8220; more_button_label=&#8220;&#8220; less_button_label=&#8220;&#8220; button_position=&#8220;&#8220; css_animation=&#8220;&#8220; transition_delay=&#8220;&#8220;][vc_column width=&#8220;1\/1&#8243;][vc_column_text] Die Produktion \u00a0 \u00c4hnlich mit Herstellern von&#8230;<\/p>\n","protected":false},"author":2,"featured_media":0,"parent":0,"menu_order":3,"comment_status":"open","ping_status":"open","template":"","meta":{"footnotes":""},"class_list":["post-18689","page","type-page","status-publish","hentry"],"_links":{"self":[{"href":"https:\/\/paadisillad.ee\/de\/wp-json\/wp\/v2\/pages\/18689"}],"collection":[{"href":"https:\/\/paadisillad.ee\/de\/wp-json\/wp\/v2\/pages"}],"about":[{"href":"https:\/\/paadisillad.ee\/de\/wp-json\/wp\/v2\/types\/page"}],"author":[{"embeddable":true,"href":"https:\/\/paadisillad.ee\/de\/wp-json\/wp\/v2\/users\/2"}],"replies":[{"embeddable":true,"href":"https:\/\/paadisillad.ee\/de\/wp-json\/wp\/v2\/comments?post=18689"}],"version-history":[{"count":4,"href":"https:\/\/paadisillad.ee\/de\/wp-json\/wp\/v2\/pages\/18689\/revisions"}],"predecessor-version":[{"id":20031,"href":"https:\/\/paadisillad.ee\/de\/wp-json\/wp\/v2\/pages\/18689\/revisions\/20031"}],"wp:attachment":[{"href":"https:\/\/paadisillad.ee\/de\/wp-json\/wp\/v2\/media?parent=18689"}],"curies":[{"name":"wp","href":"https:\/\/api.w.org\/{rel}","templated":true}]}}