{"id":18711,"date":"2016-01-18T16:46:39","date_gmt":"2016-01-18T13:46:39","guid":{"rendered":"http:\/\/de.paadisillad.ee\/?page_id=18711"},"modified":"2018-01-12T12:39:55","modified_gmt":"2018-01-12T09:39:55","slug":"master","status":"publish","type":"page","link":"https:\/\/paadisillad.ee\/de\/tooted\/master\/","title":{"rendered":"Produktlinie MASTER ECO"},"content":{"rendered":"<div class=\"wpb-content-wrapper\"><p>[vc_row row_type=&#8220;row&#8220; use_row_as_full_screen_section=&#8220;no&#8220; type=&#8220;full_width&#8220; parallax_content_width=&#8220;in_grid&#8220; anchor=&#8220;&#8220; in_content_menu=&#8220;&#8220; content_menu_title=&#8220;&#8220; content_menu_icon=&#8220;&#8220; angled_section=&#8220;no&#8220; angled_section_position=&#8220;both&#8220; angled_section_direction=&#8220;from_left_to_right&#8220; text_align=&#8220;left&#8220; video=&#8220;&#8220; video_overlay=&#8220;&#8220; video_overlay_image=&#8220;&#8220; video_webm=&#8220;&#8220; video_mp4=&#8220;&#8220; video_ogv=&#8220;&#8220; video_image=&#8220;&#8220; background_image=&#8220;&#8220; background_image_as_pattern=&#8220;without_pattern&#8220; section_height=&#8220;&#8220; parallax_speed=&#8220;&#8220; background_color=&#8220;&#8220; border_color=&#8220;&#8220; side_padding=&#8220;&#8220; parallax_side_padding=&#8220;&#8220; padding_top=&#8220;&#8220; padding_bottom=&#8220;&#8220; color=&#8220;&#8220; hover_color=&#8220;&#8220; more_button_label=&#8220;&#8220; less_button_label=&#8220;&#8220; button_position=&#8220;&#8220; css_animation=&#8220;&#8220; transition_delay=&#8220;&#8220;][vc_column width=&#8220;1\/1&#8243;][vc_column_text]<\/p>\n<div class='fotorama--wp' data-ids='17545,17500,17495,18175,17615'data-width='695px'data-height='460px'data-nav='thumbs'data-allowfullscreen='false'data-fit='cover'data-link='file'data-itemtag='dl'data-icontag='dt'data-captiontag='dd'data-columns='0'data-size='large'data-auto='false'data-max-width='100%'data-ratio='1.5'>\n\t\t<style type=\"text\/css\">\n\t\t\t#gallery-1 {\n\t\t\t\tmargin: auto;\n\t\t\t}\n\t\t\t#gallery-1 .gallery-item {\n\t\t\t\tfloat: left;\n\t\t\t\tmargin-top: 10px;\n\t\t\t\ttext-align: center;\n\t\t\t\twidth: 100%;\n\t\t\t}\n\t\t\t#gallery-1 img {\n\t\t\t\tborder: 2px solid #cfcfcf;\n\t\t\t}\n\t\t\t#gallery-1 .gallery-caption {\n\t\t\t\tmargin-left: 0;\n\t\t\t}\n\t\t\t\/* see gallery_shortcode() in wp-includes\/media.php *\/\n\t\t<\/style>\n\t\t<div id='gallery-1' class='gallery galleryid-18711 gallery-columns-0 gallery-size-thumbnail'><dl class='gallery-item'>\n\t\t\t<dt class='gallery-icon landscape'>\n\t\t\t\t<a href='https:\/\/paadisillad.ee\/wp-content\/uploads\/2016\/01\/RKF8249.jpg' data-full='https:\/\/paadisillad.ee\/wp-content\/uploads\/2016\/01\/RKF8249.jpg'><img loading=\"lazy\" decoding=\"async\" width=\"150\" height=\"150\" src=\"https:\/\/paadisillad.ee\/wp-content\/uploads\/2016\/01\/RKF8249-150x150.jpg\" class=\"attachment-thumbnail size-thumbnail\" alt=\"\" srcset=\"https:\/\/paadisillad.ee\/wp-content\/uploads\/2016\/01\/RKF8249-150x150.jpg 150w, https:\/\/paadisillad.ee\/wp-content\/uploads\/2016\/01\/RKF8249-570x570.jpg 570w, https:\/\/paadisillad.ee\/wp-content\/uploads\/2016\/01\/RKF8249-600x600.jpg 600w, https:\/\/paadisillad.ee\/wp-content\/uploads\/2016\/01\/RKF8249-500x500.jpg 500w\" sizes=\"(max-width: 150px) 100vw, 150px\" \/><\/a>\n\t\t\t<\/dt><\/dl><dl class='gallery-item'>\n\t\t\t<dt class='gallery-icon landscape'>\n\t\t\t\t<a href='https:\/\/paadisillad.ee\/wp-content\/uploads\/2016\/01\/RKF8221.jpg' data-full='https:\/\/paadisillad.ee\/wp-content\/uploads\/2016\/01\/RKF8221.jpg'><img loading=\"lazy\" decoding=\"async\" width=\"150\" height=\"150\" src=\"https:\/\/paadisillad.ee\/wp-content\/uploads\/2016\/01\/RKF8221-150x150.jpg\" class=\"attachment-thumbnail size-thumbnail\" alt=\"\" srcset=\"https:\/\/paadisillad.ee\/wp-content\/uploads\/2016\/01\/RKF8221-150x150.jpg 150w, https:\/\/paadisillad.ee\/wp-content\/uploads\/2016\/01\/RKF8221-570x570.jpg 570w, https:\/\/paadisillad.ee\/wp-content\/uploads\/2016\/01\/RKF8221-600x600.jpg 600w, https:\/\/paadisillad.ee\/wp-content\/uploads\/2016\/01\/RKF8221-500x500.jpg 500w\" sizes=\"(max-width: 150px) 100vw, 150px\" \/><\/a>\n\t\t\t<\/dt><\/dl><dl class='gallery-item'>\n\t\t\t<dt class='gallery-icon landscape'>\n\t\t\t\t<a href='https:\/\/paadisillad.ee\/wp-content\/uploads\/2016\/01\/RKF8217.jpg' data-full='https:\/\/paadisillad.ee\/wp-content\/uploads\/2016\/01\/RKF8217.jpg'><img loading=\"lazy\" decoding=\"async\" width=\"150\" height=\"150\" src=\"https:\/\/paadisillad.ee\/wp-content\/uploads\/2016\/01\/RKF8217-150x150.jpg\" class=\"attachment-thumbnail size-thumbnail\" alt=\"\" srcset=\"https:\/\/paadisillad.ee\/wp-content\/uploads\/2016\/01\/RKF8217-150x150.jpg 150w, https:\/\/paadisillad.ee\/wp-content\/uploads\/2016\/01\/RKF8217-570x570.jpg 570w, https:\/\/paadisillad.ee\/wp-content\/uploads\/2016\/01\/RKF8217-600x600.jpg 600w, https:\/\/paadisillad.ee\/wp-content\/uploads\/2016\/01\/RKF8217-500x500.jpg 500w\" sizes=\"(max-width: 150px) 100vw, 150px\" \/><\/a>\n\t\t\t<\/dt><\/dl><dl class='gallery-item'>\n\t\t\t<dt class='gallery-icon landscape'>\n\t\t\t\t<a href='https:\/\/paadisillad.ee\/wp-content\/uploads\/2016\/01\/2014-06-21-12.32.46.jpg' data-full='https:\/\/paadisillad.ee\/wp-content\/uploads\/2016\/01\/2014-06-21-12.32.46.jpg'><img loading=\"lazy\" decoding=\"async\" width=\"150\" height=\"150\" src=\"https:\/\/paadisillad.ee\/wp-content\/uploads\/2016\/01\/2014-06-21-12.32.46-150x150.jpg\" class=\"attachment-thumbnail size-thumbnail\" alt=\"\" \/><\/a>\n\t\t\t<\/dt><\/dl><dl class='gallery-item'>\n\t\t\t<dt class='gallery-icon landscape'>\n\t\t\t\t<a href='https:\/\/paadisillad.ee\/wp-content\/uploads\/2016\/01\/RKF8302.jpg' data-full='https:\/\/paadisillad.ee\/wp-content\/uploads\/2016\/01\/RKF8302.jpg'><img loading=\"lazy\" decoding=\"async\" width=\"150\" height=\"150\" src=\"https:\/\/paadisillad.ee\/wp-content\/uploads\/2016\/01\/RKF8302-150x150.jpg\" class=\"attachment-thumbnail size-thumbnail\" alt=\"\" srcset=\"https:\/\/paadisillad.ee\/wp-content\/uploads\/2016\/01\/RKF8302-150x150.jpg 150w, https:\/\/paadisillad.ee\/wp-content\/uploads\/2016\/01\/RKF8302-570x570.jpg 570w, https:\/\/paadisillad.ee\/wp-content\/uploads\/2016\/01\/RKF8302-600x600.jpg 600w, https:\/\/paadisillad.ee\/wp-content\/uploads\/2016\/01\/RKF8302-500x500.jpg 500w\" sizes=\"(max-width: 150px) 100vw, 150px\" \/><\/a>\n\t\t\t<\/dt><\/dl>\n\t\t<\/div>\n<\/div>\n<p>[\/vc_column_text][\/vc_column][\/vc_row][vc_row row_type=&#8220;row&#8220; use_row_as_full_screen_section=&#8220;no&#8220; type=&#8220;full_width&#8220; parallax_content_width=&#8220;in_grid&#8220; anchor=&#8220;&#8220; in_content_menu=&#8220;&#8220; content_menu_title=&#8220;&#8220; content_menu_icon=&#8220;&#8220; angled_section=&#8220;no&#8220; angled_section_position=&#8220;both&#8220; angled_section_direction=&#8220;from_left_to_right&#8220; text_align=&#8220;left&#8220; video=&#8220;&#8220; video_overlay=&#8220;&#8220; video_overlay_image=&#8220;&#8220; video_webm=&#8220;&#8220; video_mp4=&#8220;&#8220; video_ogv=&#8220;&#8220; video_image=&#8220;&#8220; background_image=&#8220;&#8220; background_image_as_pattern=&#8220;without_pattern&#8220; section_height=&#8220;&#8220; parallax_speed=&#8220;&#8220; background_color=&#8220;&#8220; border_color=&#8220;&#8220; side_padding=&#8220;&#8220; parallax_side_padding=&#8220;&#8220; padding_top=&#8220;&#8220; padding_bottom=&#8220;&#8220; color=&#8220;&#8220; hover_color=&#8220;&#8220; more_button_label=&#8220;&#8220; less_button_label=&#8220;&#8220; button_position=&#8220;&#8220; css_animation=&#8220;&#8220; transition_delay=&#8220;&#8220;][vc_column width=&#8220;1\/1&#8243;][vc_column_text]<\/p>\n<h1>PRODUKTLINIE MASTER ECO<\/h1>\n<p>Die Master ECO Br\u00fccken sind in erster Linie f\u00fcr die Bedienung von Booten und den Bau von kleineren H\u00e4fen gedacht. F\u00fcrs schwimmen gehen ist die Freibordh\u00f6he von diesen Br\u00fccken zu hoch, und f\u00fcrs Herauskommen aus Wasser muss unbedingt eine Leiter benutzt werden. Diese Br\u00fccken halten einen h\u00f6heren Wellengang aus als die der Shallow Serie, doch aber auch nicht mehr als 0,3 m. Die Breite der Schwimmbr\u00fccke betr\u00e4gt 2,4 m und die L\u00e4nge von einem Modul 6 m. Mit Hilfe von Modulen kann man L\u00f6sungen unterschiedlicher Form und L\u00e4nge bauen, bei der L\u00e4nge muss aber die Modull\u00e4nge von 6 m ber\u00fccksichtigt werden.<\/p>\n<p>&nbsp;<\/p>\n<p>&nbsp;<\/p>\n<table>\n<tbody>\n<tr>\n<td width=\"213\">\n<p style=\"text-align: left;\"><strong>Produktserie von Modulen<\/strong><\/p>\n<\/td>\n<td width=\"394\">\n<p style=\"text-align: left;\">MASTER ECO<\/p>\n<\/td>\n<\/tr>\n<tr>\n<td width=\"213\">\n<p style=\"text-align: left;\"><strong>Benutzung<\/strong><\/p>\n<\/td>\n<td width=\"394\">\n<p style=\"text-align: left;\">Schwimmbr\u00fccken, Fl\u00f6sse, Terrassen, H\u00e4fen f\u00fcr Kleinboote<\/p>\n<\/td>\n<\/tr>\n<tr>\n<td width=\"213\">\n<p style=\"text-align: left;\"><strong>Geeignete Wasserfahrzeuge<\/strong><\/p>\n<\/td>\n<td width=\"394\">\n<p style=\"text-align: left;\">Motorboote, Yachten, Boote<\/p>\n<\/td>\n<\/tr>\n<tr>\n<td width=\"213\">\n<p style=\"text-align: left;\"><strong>L\u00e4nge von Modulen<\/strong><\/p>\n<\/td>\n<td width=\"394\">\n<p style=\"text-align: left;\">6 m<\/p>\n<\/td>\n<\/tr>\n<tr>\n<td width=\"213\">\n<p style=\"text-align: left;\"><strong>Breite von Modulen<\/strong><\/p>\n<\/td>\n<td width=\"394\">\n<p style=\"text-align: left;\">2,4 m<\/p>\n<\/td>\n<\/tr>\n<tr>\n<td width=\"213\">\n<p style=\"text-align: left;\"><strong>Freibordh\u00f6he<\/strong><\/p>\n<\/td>\n<td width=\"394\">\n<p style=\"text-align: left;\">0,5 m<\/p>\n<\/td>\n<\/tr>\n<tr>\n<td width=\"213\">\n<p style=\"text-align: left;\"><strong>Erlaubte Wellenh\u00f6he <\/strong><\/p>\n<\/td>\n<td width=\"394\">\n<p style=\"text-align: left;\">bis 0,3 m<\/p>\n<\/td>\n<\/tr>\n<tr>\n<td width=\"213\">\n<p style=\"text-align: left;\"><strong>Pontons<\/strong><\/p>\n<\/td>\n<td width=\"394\">\n<p style=\"text-align: left;\">450 l Styropor<\/p>\n<\/td>\n<\/tr>\n<tr>\n<td width=\"213\">\n<p style=\"text-align: left;\"><strong>Holzdetails<\/strong><\/p>\n<\/td>\n<td width=\"394\">\n<p style=\"text-align: left;\">Ger\u00fcst 45\u00d7195 mm \/ 70 x 195 mm, Bretterger\u00fcst 28 x 120 mm; tief impr\u00e4gnierte Kiefer HC4<\/p>\n<\/td>\n<\/tr>\n<tr>\n<td width=\"213\">\n<p style=\"text-align: left;\"><strong>Gewicht des Moduls<\/strong><\/p>\n<\/td>\n<td width=\"394\">\n<p style=\"text-align: left;\">500 kg<\/p>\n<\/td>\n<\/tr>\n<tr>\n<td width=\"213\">\n<p style=\"text-align: left;\"><strong>Anker<\/strong><\/p>\n<\/td>\n<td width=\"394\">\n<p style=\"text-align: left;\">Das Gewicht von einer Ankerposition ab 500 kg<\/p>\n<\/td>\n<\/tr>\n<tr>\n<td width=\"213\">\n<p style=\"text-align: left;\"><strong>Ankerketten<\/strong><\/p>\n<\/td>\n<td width=\"394\">\n<p style=\"text-align: left;\">13\/16 mm feuerverzinkt<\/p>\n<\/td>\n<\/tr>\n<tr>\n<td width=\"213\">\n<p style=\"text-align: left;\"><strong>Widerstandsf\u00e4higkeit im Eis<\/strong><\/p>\n<\/td>\n<td width=\"394\">\n<p style=\"text-align: left;\">Vereisung ist erlaubt, Bewegung von Eis nicht erlaubt<\/p>\n<\/td>\n<\/tr>\n<tr>\n<td width=\"213\">\n<p style=\"text-align: left;\"><strong>Transport<\/strong><\/p>\n<\/td>\n<td width=\"394\">\n<p style=\"text-align: left;\">LKW-s<\/p>\n<\/td>\n<\/tr>\n<\/tbody>\n<\/table>\n<p>[\/vc_column_text][vc_separator type=&#8220;normal&#8220; position=&#8220;center&#8220; width_in_percentages=&#8220;&#8220;][\/vc_column][\/vc_row][vc_row row_type=&#8220;row&#8220; use_row_as_full_screen_section=&#8220;no&#8220; type=&#8220;full_width&#8220; parallax_content_width=&#8220;in_grid&#8220; anchor=&#8220;&#8220; in_content_menu=&#8220;&#8220; content_menu_title=&#8220;&#8220; content_menu_icon=&#8220;&#8220; angled_section=&#8220;no&#8220; angled_section_position=&#8220;both&#8220; angled_section_direction=&#8220;from_left_to_right&#8220; text_align=&#8220;left&#8220; video=&#8220;&#8220; video_overlay=&#8220;&#8220; video_overlay_image=&#8220;&#8220; video_webm=&#8220;&#8220; video_mp4=&#8220;&#8220; video_ogv=&#8220;&#8220; video_image=&#8220;&#8220; background_image=&#8220;&#8220; background_image_as_pattern=&#8220;without_pattern&#8220; section_height=&#8220;&#8220; parallax_speed=&#8220;&#8220; background_color=&#8220;&#8220; border_color=&#8220;&#8220; side_padding=&#8220;&#8220; parallax_side_padding=&#8220;&#8220; padding_top=&#8220;&#8220; padding_bottom=&#8220;&#8220; color=&#8220;&#8220; hover_color=&#8220;&#8220; more_button_label=&#8220;&#8220; less_button_label=&#8220;&#8220; button_position=&#8220;&#8220; css_animation=&#8220;&#8220; transition_delay=&#8220;&#8220;][vc_column width=&#8220;1\/2&#8243;][vc_single_image image=&#8220;16776&#8243; alignment=&#8220;center&#8220; border_color=&#8220;grey&#8220; img_link_large=&#8220;&#8220; img_link_target=&#8220;_self&#8220; img_size=&#8220;medium&#8220;][\/vc_column][vc_column width=&#8220;1\/2&#8243;][vc_column_text]<\/p>\n<div class=\"wpb_text_column wpb_content_element \">\n<h4 class=\"wpb_wrapper\">Master 2460<\/h4>\n<\/div>\n<div class=\"wpb_text_column wpb_content_element \">\n<div class=\"wpb_wrapper\">\n<p>Ma\u00dfe der Br\u00fcckenplattform: Breite 2,4 m, L\u00e4nge 6 m (14,4 m<sup>2<\/sup>)<\/p>\n<\/div>\n<\/div>\n<p>[\/vc_column_text][\/vc_column][\/vc_row]<\/p>\n<\/div>","protected":false},"excerpt":{"rendered":"<p>[vc_row row_type=&#8220;row&#8220; use_row_as_full_screen_section=&#8220;no&#8220; type=&#8220;full_width&#8220; parallax_content_width=&#8220;in_grid&#8220; anchor=&#8220;&#8220; in_content_menu=&#8220;&#8220; content_menu_title=&#8220;&#8220; content_menu_icon=&#8220;&#8220; angled_section=&#8220;no&#8220; angled_section_position=&#8220;both&#8220; angled_section_direction=&#8220;from_left_to_right&#8220; text_align=&#8220;left&#8220; video=&#8220;&#8220; video_overlay=&#8220;&#8220; video_overlay_image=&#8220;&#8220; video_webm=&#8220;&#8220; video_mp4=&#8220;&#8220; video_ogv=&#8220;&#8220; video_image=&#8220;&#8220; background_image=&#8220;&#8220; background_image_as_pattern=&#8220;without_pattern&#8220; section_height=&#8220;&#8220; parallax_speed=&#8220;&#8220; background_color=&#8220;&#8220; border_color=&#8220;&#8220; side_padding=&#8220;&#8220; parallax_side_padding=&#8220;&#8220; padding_top=&#8220;&#8220; padding_bottom=&#8220;&#8220; color=&#8220;&#8220; hover_color=&#8220;&#8220; more_button_label=&#8220;&#8220; less_button_label=&#8220;&#8220; button_position=&#8220;&#8220; css_animation=&#8220;&#8220; transition_delay=&#8220;&#8220;][vc_column width=&#8220;1\/1&#8243;][vc_column_text] [\/vc_column_text][\/vc_column][\/vc_row][vc_row row_type=&#8220;row&#8220; use_row_as_full_screen_section=&#8220;no&#8220; type=&#8220;full_width&#8220; parallax_content_width=&#8220;in_grid&#8220; anchor=&#8220;&#8220; in_content_menu=&#8220;&#8220;&#8230;<\/p>\n","protected":false},"author":2,"featured_media":0,"parent":18577,"menu_order":2,"comment_status":"open","ping_status":"closed","template":"","meta":{"footnotes":""},"class_list":["post-18711","page","type-page","status-publish","hentry"],"_links":{"self":[{"href":"https:\/\/paadisillad.ee\/de\/wp-json\/wp\/v2\/pages\/18711"}],"collection":[{"href":"https:\/\/paadisillad.ee\/de\/wp-json\/wp\/v2\/pages"}],"about":[{"href":"https:\/\/paadisillad.ee\/de\/wp-json\/wp\/v2\/types\/page"}],"author":[{"embeddable":true,"href":"https:\/\/paadisillad.ee\/de\/wp-json\/wp\/v2\/users\/2"}],"replies":[{"embeddable":true,"href":"https:\/\/paadisillad.ee\/de\/wp-json\/wp\/v2\/comments?post=18711"}],"version-history":[{"count":7,"href":"https:\/\/paadisillad.ee\/de\/wp-json\/wp\/v2\/pages\/18711\/revisions"}],"predecessor-version":[{"id":20436,"href":"https:\/\/paadisillad.ee\/de\/wp-json\/wp\/v2\/pages\/18711\/revisions\/20436"}],"up":[{"embeddable":true,"href":"https:\/\/paadisillad.ee\/de\/wp-json\/wp\/v2\/pages\/18577"}],"wp:attachment":[{"href":"https:\/\/paadisillad.ee\/de\/wp-json\/wp\/v2\/media?parent=18711"}],"curies":[{"name":"wp","href":"https:\/\/api.w.org\/{rel}","templated":true}]}}