{"id":18720,"date":"2016-01-18T16:56:02","date_gmt":"2016-01-18T13:56:02","guid":{"rendered":"http:\/\/de.paadisillad.ee\/?page_id=18720"},"modified":"2018-01-12T12:53:11","modified_gmt":"2018-01-12T09:53:11","slug":"schwimmer","status":"publish","type":"page","link":"https:\/\/paadisillad.ee\/de\/produktion-2\/schwimmer\/","title":{"rendered":"Schwimmer"},"content":{"rendered":"<div class=\"wpb-content-wrapper\"><p>[vc_row row_type=&#8220;row&#8220; use_row_as_full_screen_section=&#8220;no&#8220; type=&#8220;full_width&#8220; parallax_content_width=&#8220;in_grid&#8220; anchor=&#8220;&#8220; in_content_menu=&#8220;&#8220; content_menu_title=&#8220;&#8220; content_menu_icon=&#8220;&#8220; angled_section=&#8220;no&#8220; angled_section_position=&#8220;both&#8220; angled_section_direction=&#8220;from_left_to_right&#8220; text_align=&#8220;left&#8220; video=&#8220;&#8220; video_overlay=&#8220;&#8220; video_overlay_image=&#8220;&#8220; video_webm=&#8220;&#8220; video_mp4=&#8220;&#8220; video_ogv=&#8220;&#8220; video_image=&#8220;&#8220; background_image=&#8220;&#8220; background_image_as_pattern=&#8220;without_pattern&#8220; section_height=&#8220;&#8220; parallax_speed=&#8220;&#8220; background_color=&#8220;&#8220; border_color=&#8220;&#8220; side_padding=&#8220;&#8220; parallax_side_padding=&#8220;&#8220; padding_top=&#8220;&#8220; padding_bottom=&#8220;&#8220; color=&#8220;&#8220; hover_color=&#8220;&#8220; more_button_label=&#8220;&#8220; less_button_label=&#8220;&#8220; button_position=&#8220;&#8220; css_animation=&#8220;&#8220; transition_delay=&#8220;&#8220;][vc_column width=&#8220;1\/1&#8243;][vc_column_text]<div class='fotorama--wp' data-ids='18418,18423,18413,18428,16767'data-width='695px'data-height='460px'data-nav='thumbs'data-allowfullscreen='false'data-fit='cover'data-link='file'data-itemtag='dl'data-icontag='dt'data-captiontag='dd'data-columns='0'data-size='large'data-auto='false'data-max-width='100%'data-ratio='1.6704730831974'>\n\t\t<style type=\"text\/css\">\n\t\t\t#gallery-1 {\n\t\t\t\tmargin: auto;\n\t\t\t}\n\t\t\t#gallery-1 .gallery-item {\n\t\t\t\tfloat: left;\n\t\t\t\tmargin-top: 10px;\n\t\t\t\ttext-align: center;\n\t\t\t\twidth: 100%;\n\t\t\t}\n\t\t\t#gallery-1 img {\n\t\t\t\tborder: 2px solid #cfcfcf;\n\t\t\t}\n\t\t\t#gallery-1 .gallery-caption {\n\t\t\t\tmargin-left: 0;\n\t\t\t}\n\t\t\t\/* see gallery_shortcode() in wp-includes\/media.php *\/\n\t\t<\/style>\n\t\t<div id='gallery-1' class='gallery galleryid-18720 gallery-columns-0 gallery-size-thumbnail'><dl class='gallery-item'>\n\t\t\t<dt class='gallery-icon landscape'>\n\t\t\t\t<a href='https:\/\/paadisillad.ee\/wp-content\/uploads\/2015\/05\/ujuk-250-L-1024x613.jpg' data-full='https:\/\/paadisillad.ee\/wp-content\/uploads\/2015\/05\/ujuk-250-L.jpg'><img loading=\"lazy\" decoding=\"async\" width=\"150\" height=\"150\" src=\"https:\/\/paadisillad.ee\/wp-content\/uploads\/2015\/05\/ujuk-250-L-150x150.jpg\" class=\"attachment-thumbnail size-thumbnail\" alt=\"\" srcset=\"https:\/\/paadisillad.ee\/wp-content\/uploads\/2015\/05\/ujuk-250-L-150x150.jpg 150w, https:\/\/paadisillad.ee\/wp-content\/uploads\/2015\/05\/ujuk-250-L-570x570.jpg 570w, https:\/\/paadisillad.ee\/wp-content\/uploads\/2015\/05\/ujuk-250-L-500x500.jpg 500w\" sizes=\"(max-width: 150px) 100vw, 150px\" \/><\/a>\n\t\t\t<\/dt><\/dl><dl class='gallery-item'>\n\t\t\t<dt class='gallery-icon landscape'>\n\t\t\t\t<a href='https:\/\/paadisillad.ee\/wp-content\/uploads\/2015\/05\/ujuk-450-L-1024x613.jpg' data-full='https:\/\/paadisillad.ee\/wp-content\/uploads\/2015\/05\/ujuk-450-L.jpg'><img loading=\"lazy\" decoding=\"async\" width=\"150\" height=\"150\" src=\"https:\/\/paadisillad.ee\/wp-content\/uploads\/2015\/05\/ujuk-450-L-150x150.jpg\" class=\"attachment-thumbnail size-thumbnail\" alt=\"\" srcset=\"https:\/\/paadisillad.ee\/wp-content\/uploads\/2015\/05\/ujuk-450-L-150x150.jpg 150w, https:\/\/paadisillad.ee\/wp-content\/uploads\/2015\/05\/ujuk-450-L-570x570.jpg 570w, https:\/\/paadisillad.ee\/wp-content\/uploads\/2015\/05\/ujuk-450-L-500x500.jpg 500w\" sizes=\"(max-width: 150px) 100vw, 150px\" \/><\/a>\n\t\t\t<\/dt><\/dl><dl class='gallery-item'>\n\t\t\t<dt class='gallery-icon landscape'>\n\t\t\t\t<a href='https:\/\/paadisillad.ee\/wp-content\/uploads\/2015\/05\/suur-ujuk-1024x613.jpg' data-full='https:\/\/paadisillad.ee\/wp-content\/uploads\/2015\/05\/suur-ujuk.jpg'><img loading=\"lazy\" decoding=\"async\" width=\"150\" height=\"150\" src=\"https:\/\/paadisillad.ee\/wp-content\/uploads\/2015\/05\/suur-ujuk-150x150.jpg\" class=\"attachment-thumbnail size-thumbnail\" alt=\"\" srcset=\"https:\/\/paadisillad.ee\/wp-content\/uploads\/2015\/05\/suur-ujuk-150x150.jpg 150w, https:\/\/paadisillad.ee\/wp-content\/uploads\/2015\/05\/suur-ujuk-570x570.jpg 570w, https:\/\/paadisillad.ee\/wp-content\/uploads\/2015\/05\/suur-ujuk-500x500.jpg 500w\" sizes=\"(max-width: 150px) 100vw, 150px\" \/><\/a>\n\t\t\t<\/dt><\/dl><dl class='gallery-item'>\n\t\t\t<dt class='gallery-icon landscape'>\n\t\t\t\t<a href='https:\/\/paadisillad.ee\/wp-content\/uploads\/2015\/05\/2015-12-09-09.39.40-1024x576.jpg' data-full='https:\/\/paadisillad.ee\/wp-content\/uploads\/2015\/05\/2015-12-09-09.39.40.jpg'><img loading=\"lazy\" decoding=\"async\" width=\"150\" height=\"150\" src=\"https:\/\/paadisillad.ee\/wp-content\/uploads\/2015\/05\/2015-12-09-09.39.40-150x150.jpg\" class=\"attachment-thumbnail size-thumbnail\" alt=\"\" srcset=\"https:\/\/paadisillad.ee\/wp-content\/uploads\/2015\/05\/2015-12-09-09.39.40-150x150.jpg 150w, https:\/\/paadisillad.ee\/wp-content\/uploads\/2015\/05\/2015-12-09-09.39.40-570x570.jpg 570w, https:\/\/paadisillad.ee\/wp-content\/uploads\/2015\/05\/2015-12-09-09.39.40-500x500.jpg 500w, https:\/\/paadisillad.ee\/wp-content\/uploads\/2015\/05\/2015-12-09-09.39.40-1000x1000.jpg 1000w\" sizes=\"(max-width: 150px) 100vw, 150px\" \/><\/a>\n\t\t\t<\/dt><\/dl><dl class='gallery-item'>\n\t\t\t<dt class='gallery-icon landscape'>\n\t\t\t\t<a href='https:\/\/paadisillad.ee\/wp-content\/uploads\/2015\/11\/MasterUjukTorn0001.png' data-full='https:\/\/paadisillad.ee\/wp-content\/uploads\/2015\/11\/MasterUjukTorn0001.png'><img loading=\"lazy\" decoding=\"async\" width=\"150\" height=\"150\" src=\"https:\/\/paadisillad.ee\/wp-content\/uploads\/2015\/11\/MasterUjukTorn0001-150x150.png\" class=\"attachment-thumbnail size-thumbnail\" alt=\"\" srcset=\"https:\/\/paadisillad.ee\/wp-content\/uploads\/2015\/11\/MasterUjukTorn0001-150x150.png 150w, https:\/\/paadisillad.ee\/wp-content\/uploads\/2015\/11\/MasterUjukTorn0001-570x570.png 570w, https:\/\/paadisillad.ee\/wp-content\/uploads\/2015\/11\/MasterUjukTorn0001-500x500.png 500w\" sizes=\"(max-width: 150px) 100vw, 150px\" \/><\/a>\n\t\t\t<\/dt><\/dl>\n\t\t<\/div>\n<\/div>\n<p>[\/vc_column_text][\/vc_column][\/vc_row][vc_row row_type=&#8220;row&#8220; use_row_as_full_screen_section=&#8220;no&#8220; type=&#8220;full_width&#8220; parallax_content_width=&#8220;in_grid&#8220; anchor=&#8220;&#8220; in_content_menu=&#8220;&#8220; content_menu_title=&#8220;&#8220; content_menu_icon=&#8220;&#8220; angled_section=&#8220;no&#8220; angled_section_position=&#8220;both&#8220; angled_section_direction=&#8220;from_left_to_right&#8220; text_align=&#8220;left&#8220; video=&#8220;&#8220; video_overlay=&#8220;&#8220; video_overlay_image=&#8220;&#8220; video_webm=&#8220;&#8220; video_mp4=&#8220;&#8220; video_ogv=&#8220;&#8220; video_image=&#8220;&#8220; background_image=&#8220;&#8220; background_image_as_pattern=&#8220;without_pattern&#8220; section_height=&#8220;&#8220; parallax_speed=&#8220;&#8220; background_color=&#8220;&#8220; border_color=&#8220;&#8220; side_padding=&#8220;&#8220; parallax_side_padding=&#8220;&#8220; padding_top=&#8220;&#8220; padding_bottom=&#8220;&#8220; color=&#8220;&#8220; hover_color=&#8220;&#8220; more_button_label=&#8220;&#8220; less_button_label=&#8220;&#8220; button_position=&#8220;&#8220; css_animation=&#8220;&#8220; transition_delay=&#8220;&#8220;][vc_column width=&#8220;1\/1&#8243;][vc_column_text]<\/p>\n<h1>Pontons<\/h1>\n<p>Ein Ponton gilt als eine der wichtigsten Komponenten beim Bau von Bootsegen, weil man damit sowohl die Schwimmf\u00e4higkeit als auch die Stabilit\u00e4t der Schwimmbr\u00fccke garantiert. Je nach Zweck und Eignung der Br\u00fccke in diese konkrete Naturumgebung wird der passende Pontontyp ausgew\u00e4hlt. In unserem Produktangebot gibt es Plastik-, Beton- und Rohrpontons. Auf Pontons kann man schwimmendes Feuer anz\u00fcnden oder ein Haus bauen wie auch vieles andere vornehmen.[\/vc_column_text][vc_separator type=&#8220;normal&#8220; position=&#8220;center&#8220; width_in_percentages=&#8220;&#8220;][\/vc_column][\/vc_row][vc_row row_type=&#8220;row&#8220; use_row_as_full_screen_section=&#8220;no&#8220; type=&#8220;full_width&#8220; parallax_content_width=&#8220;in_grid&#8220; anchor=&#8220;&#8220; in_content_menu=&#8220;&#8220; content_menu_title=&#8220;&#8220; content_menu_icon=&#8220;&#8220; angled_section=&#8220;no&#8220; angled_section_position=&#8220;both&#8220; angled_section_direction=&#8220;from_left_to_right&#8220; text_align=&#8220;left&#8220; video=&#8220;&#8220; video_overlay=&#8220;&#8220; video_overlay_image=&#8220;&#8220; video_webm=&#8220;&#8220; video_mp4=&#8220;&#8220; video_ogv=&#8220;&#8220; video_image=&#8220;&#8220; background_image=&#8220;&#8220; background_image_as_pattern=&#8220;without_pattern&#8220; section_height=&#8220;&#8220; parallax_speed=&#8220;&#8220; background_color=&#8220;&#8220; border_color=&#8220;&#8220; side_padding=&#8220;&#8220; parallax_side_padding=&#8220;&#8220; padding_top=&#8220;&#8220; padding_bottom=&#8220;&#8220; color=&#8220;&#8220; hover_color=&#8220;&#8220; more_button_label=&#8220;&#8220; less_button_label=&#8220;&#8220; button_position=&#8220;&#8220; css_animation=&#8220;&#8220; transition_delay=&#8220;&#8220;][vc_column width=&#8220;1\/2&#8243;][vc_single_image image=&#8220;18418&#8243; alignment=&#8220;center&#8220; border_color=&#8220;grey&#8220; img_link_large=&#8220;&#8220; img_link_target=&#8220;_self&#8220; img_size=&#8220;medium&#8220;][\/vc_column][vc_column width=&#8220;1\/2&#8243;][vc_column_text]<\/p>\n<h4><a href=\"https:\/\/paadisillad.ee\/de\/produktion-2\/schwimmer\/kunststoffschwimmer-shallow\/\">Der Shallow Plastikponton<\/a><\/h4>\n<p>250 L[\/vc_column_text][\/vc_column][\/vc_row][vc_row row_type=&#8220;row&#8220; use_row_as_full_screen_section=&#8220;no&#8220; type=&#8220;full_width&#8220; parallax_content_width=&#8220;in_grid&#8220; anchor=&#8220;&#8220; in_content_menu=&#8220;&#8220; content_menu_title=&#8220;&#8220; content_menu_icon=&#8220;&#8220; angled_section=&#8220;no&#8220; angled_section_position=&#8220;both&#8220; angled_section_direction=&#8220;from_left_to_right&#8220; text_align=&#8220;left&#8220; video=&#8220;&#8220; video_overlay=&#8220;&#8220; video_overlay_image=&#8220;&#8220; video_webm=&#8220;&#8220; video_mp4=&#8220;&#8220; video_ogv=&#8220;&#8220; video_image=&#8220;&#8220; background_image=&#8220;&#8220; background_image_as_pattern=&#8220;without_pattern&#8220; section_height=&#8220;&#8220; parallax_speed=&#8220;&#8220; background_color=&#8220;&#8220; border_color=&#8220;&#8220; side_padding=&#8220;&#8220; parallax_side_padding=&#8220;&#8220; padding_top=&#8220;&#8220; padding_bottom=&#8220;&#8220; color=&#8220;&#8220; hover_color=&#8220;&#8220; more_button_label=&#8220;&#8220; less_button_label=&#8220;&#8220; button_position=&#8220;&#8220; css_animation=&#8220;&#8220; transition_delay=&#8220;&#8220; el_id=&#8220;&#8220;][vc_column width=&#8220;1\/1&#8243;][vc_separator type=&#8220;normal&#8220; position=&#8220;center&#8220; color=&#8220;&#8220; transparency=&#8220;&#8220; thickness=&#8220;&#8220; width=&#8220;&#8220; width_in_percentages=&#8220;&#8220; up=&#8220;&#8220; down=&#8220;&#8220;][\/vc_column][\/vc_row][vc_row row_type=&#8220;row&#8220; use_row_as_full_screen_section=&#8220;no&#8220; type=&#8220;full_width&#8220; parallax_content_width=&#8220;in_grid&#8220; anchor=&#8220;&#8220; in_content_menu=&#8220;&#8220; content_menu_title=&#8220;&#8220; content_menu_icon=&#8220;&#8220; angled_section=&#8220;no&#8220; angled_section_position=&#8220;both&#8220; angled_section_direction=&#8220;from_left_to_right&#8220; text_align=&#8220;left&#8220; video=&#8220;&#8220; video_overlay=&#8220;&#8220; video_overlay_image=&#8220;&#8220; video_webm=&#8220;&#8220; video_mp4=&#8220;&#8220; video_ogv=&#8220;&#8220; video_image=&#8220;&#8220; background_image=&#8220;&#8220; background_image_as_pattern=&#8220;without_pattern&#8220; section_height=&#8220;&#8220; parallax_speed=&#8220;&#8220; background_color=&#8220;&#8220; border_color=&#8220;&#8220; side_padding=&#8220;&#8220; parallax_side_padding=&#8220;&#8220; padding_top=&#8220;&#8220; padding_bottom=&#8220;&#8220; color=&#8220;&#8220; hover_color=&#8220;&#8220; more_button_label=&#8220;&#8220; less_button_label=&#8220;&#8220; button_position=&#8220;&#8220; css_animation=&#8220;&#8220; transition_delay=&#8220;&#8220; el_id=&#8220;&#8220;][vc_column width=&#8220;1\/2&#8243;][vc_single_image image=&#8220;18423&#8243; alignment=&#8220;center&#8220; border_color=&#8220;grey&#8220; img_link_large=&#8220;&#8220; img_link_target=&#8220;_self&#8220; img_size=&#8220;medium&#8220;][\/vc_column][vc_column width=&#8220;1\/2&#8243;][vc_column_text]<\/p>\n<h4><a href=\"https:\/\/paadisillad.ee\/de\/produktion-2\/schwimmer\/kunststoffschwimmer-master\/\">Der Master Plastikponton<\/a><\/h4>\n<p>450 L[\/vc_column_text][\/vc_column][\/vc_row][vc_row row_type=&#8220;row&#8220; use_row_as_full_screen_section=&#8220;no&#8220; type=&#8220;full_width&#8220; parallax_content_width=&#8220;in_grid&#8220; anchor=&#8220;&#8220; in_content_menu=&#8220;&#8220; content_menu_title=&#8220;&#8220; content_menu_icon=&#8220;&#8220; angled_section=&#8220;no&#8220; angled_section_position=&#8220;both&#8220; angled_section_direction=&#8220;from_left_to_right&#8220; text_align=&#8220;left&#8220; video=&#8220;&#8220; video_overlay=&#8220;&#8220; video_overlay_image=&#8220;&#8220; video_webm=&#8220;&#8220; video_mp4=&#8220;&#8220; video_ogv=&#8220;&#8220; video_image=&#8220;&#8220; background_image=&#8220;&#8220; background_image_as_pattern=&#8220;without_pattern&#8220; section_height=&#8220;&#8220; parallax_speed=&#8220;&#8220; background_color=&#8220;&#8220; border_color=&#8220;&#8220; side_padding=&#8220;&#8220; parallax_side_padding=&#8220;&#8220; padding_top=&#8220;&#8220; padding_bottom=&#8220;&#8220; color=&#8220;&#8220; hover_color=&#8220;&#8220; more_button_label=&#8220;&#8220; less_button_label=&#8220;&#8220; button_position=&#8220;&#8220; css_animation=&#8220;&#8220; transition_delay=&#8220;&#8220;][vc_column width=&#8220;1\/1&#8243;][vc_separator type=&#8220;normal&#8220; position=&#8220;center&#8220; width_in_percentages=&#8220;&#8220;][\/vc_column][\/vc_row][vc_row row_type=&#8220;row&#8220; use_row_as_full_screen_section=&#8220;no&#8220; type=&#8220;full_width&#8220; parallax_content_width=&#8220;in_grid&#8220; anchor=&#8220;&#8220; in_content_menu=&#8220;&#8220; content_menu_title=&#8220;&#8220; content_menu_icon=&#8220;&#8220; angled_section=&#8220;no&#8220; angled_section_position=&#8220;both&#8220; angled_section_direction=&#8220;from_left_to_right&#8220; text_align=&#8220;left&#8220; video=&#8220;&#8220; video_overlay=&#8220;&#8220; video_overlay_image=&#8220;&#8220; video_webm=&#8220;&#8220; video_mp4=&#8220;&#8220; video_ogv=&#8220;&#8220; video_image=&#8220;&#8220; background_image=&#8220;&#8220; background_image_as_pattern=&#8220;without_pattern&#8220; section_height=&#8220;&#8220; parallax_speed=&#8220;&#8220; background_color=&#8220;&#8220; border_color=&#8220;&#8220; side_padding=&#8220;&#8220; parallax_side_padding=&#8220;&#8220; padding_top=&#8220;&#8220; padding_bottom=&#8220;&#8220; color=&#8220;&#8220; hover_color=&#8220;&#8220; more_button_label=&#8220;&#8220; less_button_label=&#8220;&#8220; button_position=&#8220;&#8220; css_animation=&#8220;&#8220; transition_delay=&#8220;&#8220; el_id=&#8220;&#8220;][vc_column width=&#8220;1\/2&#8243;][vc_single_image image=&#8220;18428&#8243; alignment=&#8220;center&#8220; border_color=&#8220;grey&#8220; img_link_large=&#8220;&#8220; img_link_target=&#8220;_self&#8220; img_size=&#8220;medium&#8220;][\/vc_column][vc_column width=&#8220;1\/2&#8243;][vc_column_text]<\/p>\n<h4><strong><a href=\"https:\/\/paadisillad.ee\/de\/produktion-2\/schwimmer\/ponton-rohre-strong\/\">Der Strong Rohrponton<\/a> <\/strong><\/h4>\n<p>Durchmesser 315 \/ 400 \/ 535 \/ 645[\/vc_column_text][\/vc_column][\/vc_row]<\/p>\n<\/div>","protected":false},"excerpt":{"rendered":"<p>[vc_row row_type=&#8220;row&#8220; use_row_as_full_screen_section=&#8220;no&#8220; type=&#8220;full_width&#8220; parallax_content_width=&#8220;in_grid&#8220; anchor=&#8220;&#8220; in_content_menu=&#8220;&#8220; content_menu_title=&#8220;&#8220; content_menu_icon=&#8220;&#8220; angled_section=&#8220;no&#8220; angled_section_position=&#8220;both&#8220; angled_section_direction=&#8220;from_left_to_right&#8220; text_align=&#8220;left&#8220; video=&#8220;&#8220; video_overlay=&#8220;&#8220; video_overlay_image=&#8220;&#8220; video_webm=&#8220;&#8220; video_mp4=&#8220;&#8220; video_ogv=&#8220;&#8220; video_image=&#8220;&#8220; background_image=&#8220;&#8220; background_image_as_pattern=&#8220;without_pattern&#8220; section_height=&#8220;&#8220; parallax_speed=&#8220;&#8220; background_color=&#8220;&#8220; border_color=&#8220;&#8220; side_padding=&#8220;&#8220; parallax_side_padding=&#8220;&#8220; padding_top=&#8220;&#8220; padding_bottom=&#8220;&#8220; color=&#8220;&#8220; hover_color=&#8220;&#8220; more_button_label=&#8220;&#8220; less_button_label=&#8220;&#8220; button_position=&#8220;&#8220; css_animation=&#8220;&#8220; transition_delay=&#8220;&#8220;][vc_column width=&#8220;1\/1&#8243;][vc_column_text] [\/vc_column_text][\/vc_column][\/vc_row][vc_row row_type=&#8220;row&#8220; use_row_as_full_screen_section=&#8220;no&#8220; type=&#8220;full_width&#8220; parallax_content_width=&#8220;in_grid&#8220; anchor=&#8220;&#8220; in_content_menu=&#8220;&#8220;&#8230;<\/p>\n","protected":false},"author":2,"featured_media":0,"parent":18585,"menu_order":10,"comment_status":"open","ping_status":"closed","template":"","meta":{"footnotes":""},"class_list":["post-18720","page","type-page","status-publish","hentry"],"_links":{"self":[{"href":"https:\/\/paadisillad.ee\/de\/wp-json\/wp\/v2\/pages\/18720"}],"collection":[{"href":"https:\/\/paadisillad.ee\/de\/wp-json\/wp\/v2\/pages"}],"about":[{"href":"https:\/\/paadisillad.ee\/de\/wp-json\/wp\/v2\/types\/page"}],"author":[{"embeddable":true,"href":"https:\/\/paadisillad.ee\/de\/wp-json\/wp\/v2\/users\/2"}],"replies":[{"embeddable":true,"href":"https:\/\/paadisillad.ee\/de\/wp-json\/wp\/v2\/comments?post=18720"}],"version-history":[{"count":4,"href":"https:\/\/paadisillad.ee\/de\/wp-json\/wp\/v2\/pages\/18720\/revisions"}],"predecessor-version":[{"id":20442,"href":"https:\/\/paadisillad.ee\/de\/wp-json\/wp\/v2\/pages\/18720\/revisions\/20442"}],"up":[{"embeddable":true,"href":"https:\/\/paadisillad.ee\/de\/wp-json\/wp\/v2\/pages\/18585"}],"wp:attachment":[{"href":"https:\/\/paadisillad.ee\/de\/wp-json\/wp\/v2\/media?parent=18720"}],"curies":[{"name":"wp","href":"https:\/\/api.w.org\/{rel}","templated":true}]}}