{"id":18812,"date":"2016-01-18T17:39:13","date_gmt":"2016-01-18T14:39:13","guid":{"rendered":"http:\/\/de.paadisillad.ee\/?page_id=18812"},"modified":"2018-01-12T12:44:21","modified_gmt":"2018-01-12T09:44:21","slug":"angrenzung","status":"publish","type":"page","link":"https:\/\/paadisillad.ee\/de\/produktion-2\/angrenzung\/","title":{"rendered":"Angrenzung"},"content":{"rendered":"<div class=\"wpb-content-wrapper\"><p>[vc_row row_type=&#8220;row&#8220; use_row_as_full_screen_section=&#8220;no&#8220; type=&#8220;full_width&#8220; parallax_content_width=&#8220;in_grid&#8220; anchor=&#8220;&#8220; in_content_menu=&#8220;&#8220; content_menu_title=&#8220;&#8220; content_menu_icon=&#8220;&#8220; angled_section=&#8220;no&#8220; angled_section_position=&#8220;both&#8220; angled_section_direction=&#8220;from_left_to_right&#8220; text_align=&#8220;left&#8220; video=&#8220;&#8220; video_overlay=&#8220;&#8220; video_overlay_image=&#8220;&#8220; video_webm=&#8220;&#8220; video_mp4=&#8220;&#8220; video_ogv=&#8220;&#8220; video_image=&#8220;&#8220; background_image=&#8220;&#8220; background_image_as_pattern=&#8220;without_pattern&#8220; section_height=&#8220;&#8220; parallax_speed=&#8220;&#8220; background_color=&#8220;&#8220; border_color=&#8220;&#8220; side_padding=&#8220;&#8220; parallax_side_padding=&#8220;&#8220; padding_top=&#8220;&#8220; padding_bottom=&#8220;&#8220; color=&#8220;&#8220; hover_color=&#8220;&#8220; more_button_label=&#8220;&#8220; less_button_label=&#8220;&#8220; button_position=&#8220;&#8220; css_animation=&#8220;&#8220; transition_delay=&#8220;&#8220;][vc_column width=&#8220;1\/1&#8243;][vc_column_text]<div class='fotorama--wp' data-ids='17402,18020,17990,17382'data-width='695px'data-height='460px'data-nav='thumbs'data-allowfullscreen='false'data-fit='cover'data-link='file'data-itemtag='dl'data-icontag='dt'data-captiontag='dd'data-columns='0'data-size='large'data-auto='false'data-max-width='100%'data-ratio='1.3333333333333'>\n\t\t<style type=\"text\/css\">\n\t\t\t#gallery-1 {\n\t\t\t\tmargin: auto;\n\t\t\t}\n\t\t\t#gallery-1 .gallery-item {\n\t\t\t\tfloat: left;\n\t\t\t\tmargin-top: 10px;\n\t\t\t\ttext-align: center;\n\t\t\t\twidth: 100%;\n\t\t\t}\n\t\t\t#gallery-1 img {\n\t\t\t\tborder: 2px solid #cfcfcf;\n\t\t\t}\n\t\t\t#gallery-1 .gallery-caption {\n\t\t\t\tmargin-left: 0;\n\t\t\t}\n\t\t\t\/* see gallery_shortcode() in wp-includes\/media.php *\/\n\t\t<\/style>\n\t\t<div id='gallery-1' class='gallery galleryid-18812 gallery-columns-0 gallery-size-thumbnail'><dl class='gallery-item'>\n\t\t\t<dt class='gallery-icon landscape'>\n\t\t\t\t<a href='https:\/\/paadisillad.ee\/wp-content\/uploads\/2015\/05\/DSC00089-1024x768.jpg' data-full='https:\/\/paadisillad.ee\/wp-content\/uploads\/2015\/05\/DSC00089.jpg'><img loading=\"lazy\" decoding=\"async\" width=\"150\" height=\"150\" src=\"https:\/\/paadisillad.ee\/wp-content\/uploads\/2015\/05\/DSC00089-150x150.jpg\" class=\"attachment-thumbnail size-thumbnail\" alt=\"\" srcset=\"https:\/\/paadisillad.ee\/wp-content\/uploads\/2015\/05\/DSC00089-150x150.jpg 150w, https:\/\/paadisillad.ee\/wp-content\/uploads\/2015\/05\/DSC00089-570x570.jpg 570w, https:\/\/paadisillad.ee\/wp-content\/uploads\/2015\/05\/DSC00089-500x500.jpg 500w, https:\/\/paadisillad.ee\/wp-content\/uploads\/2015\/05\/DSC00089-1000x1000.jpg 1000w\" sizes=\"(max-width: 150px) 100vw, 150px\" \/><\/a>\n\t\t\t<\/dt><\/dl><dl class='gallery-item'>\n\t\t\t<dt class='gallery-icon landscape'>\n\t\t\t\t<a href='https:\/\/paadisillad.ee\/wp-content\/uploads\/2016\/01\/RKF8620.jpg' data-full='https:\/\/paadisillad.ee\/wp-content\/uploads\/2016\/01\/RKF8620.jpg'><img loading=\"lazy\" decoding=\"async\" width=\"150\" height=\"150\" src=\"https:\/\/paadisillad.ee\/wp-content\/uploads\/2016\/01\/RKF8620-150x150.jpg\" class=\"attachment-thumbnail size-thumbnail\" alt=\"\" srcset=\"https:\/\/paadisillad.ee\/wp-content\/uploads\/2016\/01\/RKF8620-150x150.jpg 150w, https:\/\/paadisillad.ee\/wp-content\/uploads\/2016\/01\/RKF8620-570x570.jpg 570w, https:\/\/paadisillad.ee\/wp-content\/uploads\/2016\/01\/RKF8620-600x600.jpg 600w, https:\/\/paadisillad.ee\/wp-content\/uploads\/2016\/01\/RKF8620-500x500.jpg 500w\" sizes=\"(max-width: 150px) 100vw, 150px\" \/><\/a>\n\t\t\t<\/dt><\/dl><dl class='gallery-item'>\n\t\t\t<dt class='gallery-icon landscape'>\n\t\t\t\t<a href='https:\/\/paadisillad.ee\/wp-content\/uploads\/2016\/01\/RKF8601.jpg' data-full='https:\/\/paadisillad.ee\/wp-content\/uploads\/2016\/01\/RKF8601.jpg'><img loading=\"lazy\" decoding=\"async\" width=\"150\" height=\"150\" src=\"https:\/\/paadisillad.ee\/wp-content\/uploads\/2016\/01\/RKF8601-150x150.jpg\" class=\"attachment-thumbnail size-thumbnail\" alt=\"\" srcset=\"https:\/\/paadisillad.ee\/wp-content\/uploads\/2016\/01\/RKF8601-150x150.jpg 150w, https:\/\/paadisillad.ee\/wp-content\/uploads\/2016\/01\/RKF8601-570x570.jpg 570w, https:\/\/paadisillad.ee\/wp-content\/uploads\/2016\/01\/RKF8601-600x600.jpg 600w, https:\/\/paadisillad.ee\/wp-content\/uploads\/2016\/01\/RKF8601-500x500.jpg 500w\" sizes=\"(max-width: 150px) 100vw, 150px\" \/><\/a>\n\t\t\t<\/dt><\/dl><dl class='gallery-item'>\n\t\t\t<dt class='gallery-icon landscape'>\n\t\t\t\t<a href='https:\/\/paadisillad.ee\/wp-content\/uploads\/2015\/05\/Shallow-4x24-5x12-kaigusild-ja-kruvivaiadel-maatugi-1024x613.jpg' data-full='https:\/\/paadisillad.ee\/wp-content\/uploads\/2015\/05\/Shallow-4x24-5x12-kaigusild-ja-kruvivaiadel-maatugi.jpg'><img loading=\"lazy\" decoding=\"async\" width=\"150\" height=\"150\" src=\"https:\/\/paadisillad.ee\/wp-content\/uploads\/2015\/05\/Shallow-4x24-5x12-kaigusild-ja-kruvivaiadel-maatugi-150x150.jpg\" class=\"attachment-thumbnail size-thumbnail\" alt=\"\" srcset=\"https:\/\/paadisillad.ee\/wp-content\/uploads\/2015\/05\/Shallow-4x24-5x12-kaigusild-ja-kruvivaiadel-maatugi-150x150.jpg 150w, https:\/\/paadisillad.ee\/wp-content\/uploads\/2015\/05\/Shallow-4x24-5x12-kaigusild-ja-kruvivaiadel-maatugi-570x570.jpg 570w, https:\/\/paadisillad.ee\/wp-content\/uploads\/2015\/05\/Shallow-4x24-5x12-kaigusild-ja-kruvivaiadel-maatugi-500x500.jpg 500w, https:\/\/paadisillad.ee\/wp-content\/uploads\/2015\/05\/Shallow-4x24-5x12-kaigusild-ja-kruvivaiadel-maatugi-1000x1000.jpg 1000w\" sizes=\"(max-width: 150px) 100vw, 150px\" \/><\/a>\n\t\t\t<\/dt><\/dl>\n\t\t<\/div>\n<\/div>\n<p>[\/vc_column_text][\/vc_column][\/vc_row][vc_row row_type=&#8220;row&#8220; use_row_as_full_screen_section=&#8220;no&#8220; type=&#8220;full_width&#8220; parallax_content_width=&#8220;in_grid&#8220; anchor=&#8220;&#8220; in_content_menu=&#8220;&#8220; content_menu_title=&#8220;&#8220; content_menu_icon=&#8220;&#8220; angled_section=&#8220;no&#8220; angled_section_position=&#8220;both&#8220; angled_section_direction=&#8220;from_left_to_right&#8220; text_align=&#8220;left&#8220; video=&#8220;&#8220; video_overlay=&#8220;&#8220; video_overlay_image=&#8220;&#8220; video_webm=&#8220;&#8220; video_mp4=&#8220;&#8220; video_ogv=&#8220;&#8220; video_image=&#8220;&#8220; background_image=&#8220;&#8220; background_image_as_pattern=&#8220;without_pattern&#8220; section_height=&#8220;&#8220; parallax_speed=&#8220;&#8220; background_color=&#8220;&#8220; border_color=&#8220;&#8220; side_padding=&#8220;&#8220; parallax_side_padding=&#8220;&#8220; padding_top=&#8220;&#8220; padding_bottom=&#8220;&#8220; color=&#8220;&#8220; hover_color=&#8220;&#8220; more_button_label=&#8220;&#8220; less_button_label=&#8220;&#8220; button_position=&#8220;&#8220; css_animation=&#8220;&#8220; transition_delay=&#8220;&#8220;][vc_column width=&#8220;1\/1&#8243;][vc_column_text]<\/p>\n<h1>Landpfeiler<\/h1>\n<p>Der Landpfeiler gilt als das erste Element beim Bau einer Schwimmbr\u00fccke. Es handelt sich um eine Baukonstruktion, die ans Ufer oder auf Wassergrenze errichtet und am Erdboden befestigt wird und einen Zugang \u00fcber die Gehbr\u00fccke zur Schwimmbr\u00fccke erm\u00f6glicht. Eine Benutzung vom Landpfeiler ist nicht immer notwendig, aber meistens doch zu empfehlen. Der Landpfeiler wird in der Regel auf vier Schraubenpf\u00e4hlen oder aus Beton gebaut.<\/p>\n<p>&nbsp;<\/p>\n<p>Der auf Schraubenpf\u00e4hlen beruhende Landpfeiler ist mit einem Metallrahmen versehen.<\/p>\n<p>Die Ausma\u00dfe eines auf Schraubenpf\u00e4hlen beruhenden Landpfeilers sind: Breite 1,2 m, L\u00e4nge 1,4 m (1,68 m<sup>2<\/sup>)<\/p>\n<p>Die Ausma\u00dfe eines aus Beton gebauten Landpfeilers sind: Breite 1,4 m, L\u00e4nge 0,8 m (1,12\u00a0m<sup>2<\/sup>)<\/p>\n<p>Der Landpfeiler wird quer zur Wassergrenze positioniert.<\/p>\n<p>Die Gehbr\u00fccke wird am Landpfeiler befestigt.<\/p>\n<p>Der Landpfeiler wird entweder aus Holz oder Beton gebaut (Typ und Anzahl der Pf\u00e4hle beim Produkt)<\/p>\n<p>Ger\u00fcst: 45\u00d7145 mm \/ 45\u00d7195 \/ 70\u00d7195 mm HC4, tief impr\u00e4gnierte Kiefer<\/p>\n<p>Bretterger\u00fcst: 28\u00d7120 HC4 tief impr\u00e4gnierte geriffelte Kiefer<\/p>\n<p>Metalldetails: feuerverzinkt<\/p>\n<p>Befestigungsmittel entsprechen der Umweltklasse C4<\/p>\n<p>Die Montageh\u00f6he wird je nach Ufer gew\u00e4hlt.[\/vc_column_text][vc_separator type=&#8220;normal&#8220; position=&#8220;center&#8220; width_in_percentages=&#8220;&#8220;][\/vc_column][\/vc_row][vc_row row_type=&#8220;row&#8220; use_row_as_full_screen_section=&#8220;no&#8220; type=&#8220;full_width&#8220; parallax_content_width=&#8220;in_grid&#8220; anchor=&#8220;&#8220; in_content_menu=&#8220;&#8220; content_menu_title=&#8220;&#8220; content_menu_icon=&#8220;&#8220; angled_section=&#8220;no&#8220; angled_section_position=&#8220;both&#8220; angled_section_direction=&#8220;from_left_to_right&#8220; text_align=&#8220;left&#8220; video=&#8220;&#8220; video_overlay=&#8220;&#8220; video_overlay_image=&#8220;&#8220; video_webm=&#8220;&#8220; video_mp4=&#8220;&#8220; video_ogv=&#8220;&#8220; video_image=&#8220;&#8220; background_image=&#8220;&#8220; background_image_as_pattern=&#8220;without_pattern&#8220; section_height=&#8220;&#8220; parallax_speed=&#8220;&#8220; background_color=&#8220;&#8220; border_color=&#8220;&#8220; side_padding=&#8220;&#8220; parallax_side_padding=&#8220;&#8220; padding_top=&#8220;&#8220; padding_bottom=&#8220;&#8220; color=&#8220;&#8220; hover_color=&#8220;&#8220; more_button_label=&#8220;&#8220; less_button_label=&#8220;&#8220; button_position=&#8220;&#8220; css_animation=&#8220;&#8220; transition_delay=&#8220;&#8220;][vc_column width=&#8220;1\/2&#8243;][vc_single_image image=&#8220;18020&#8243; alignment=&#8220;center&#8220; border_color=&#8220;grey&#8220; img_link_large=&#8220;&#8220; img_link_target=&#8220;_self&#8220; img_size=&#8220;medium&#8220;][\/vc_column][vc_column width=&#8220;1\/2&#8243;][vc_column_text]<\/p>\n<h2>Landpfeiler 1214<\/h2>\n<p><strong>Schraubenpf\u00e4hle <\/strong>4 x\u00a01,5 m feuerverzinkt[\/vc_column_text][\/vc_column][\/vc_row][vc_row row_type=&#8220;row&#8220; use_row_as_full_screen_section=&#8220;no&#8220; type=&#8220;full_width&#8220; parallax_content_width=&#8220;in_grid&#8220; anchor=&#8220;&#8220; in_content_menu=&#8220;&#8220; content_menu_title=&#8220;&#8220; content_menu_icon=&#8220;&#8220; angled_section=&#8220;no&#8220; angled_section_position=&#8220;both&#8220; angled_section_direction=&#8220;from_left_to_right&#8220; text_align=&#8220;left&#8220; video=&#8220;&#8220; video_overlay=&#8220;&#8220; video_overlay_image=&#8220;&#8220; video_webm=&#8220;&#8220; video_mp4=&#8220;&#8220; video_ogv=&#8220;&#8220; video_image=&#8220;&#8220; background_image=&#8220;&#8220; background_image_as_pattern=&#8220;without_pattern&#8220; section_height=&#8220;&#8220; parallax_speed=&#8220;&#8220; background_color=&#8220;&#8220; border_color=&#8220;&#8220; side_padding=&#8220;&#8220; parallax_side_padding=&#8220;&#8220; padding_top=&#8220;&#8220; padding_bottom=&#8220;&#8220; color=&#8220;&#8220; hover_color=&#8220;&#8220; more_button_label=&#8220;&#8220; less_button_label=&#8220;&#8220; button_position=&#8220;&#8220; css_animation=&#8220;&#8220; transition_delay=&#8220;&#8220; el_id=&#8220;&#8220;][vc_column width=&#8220;1\/1&#8243;][vc_separator type=&#8220;normal&#8220; position=&#8220;center&#8220; color=&#8220;&#8220; transparency=&#8220;&#8220; thickness=&#8220;&#8220; width=&#8220;&#8220; width_in_percentages=&#8220;&#8220; up=&#8220;&#8220; down=&#8220;&#8220;][\/vc_column][\/vc_row][vc_row row_type=&#8220;row&#8220; use_row_as_full_screen_section=&#8220;no&#8220; type=&#8220;full_width&#8220; parallax_content_width=&#8220;in_grid&#8220; anchor=&#8220;&#8220; in_content_menu=&#8220;&#8220; content_menu_title=&#8220;&#8220; content_menu_icon=&#8220;&#8220; angled_section=&#8220;no&#8220; angled_section_position=&#8220;both&#8220; angled_section_direction=&#8220;from_left_to_right&#8220; text_align=&#8220;left&#8220; video=&#8220;&#8220; video_overlay=&#8220;&#8220; video_overlay_image=&#8220;&#8220; video_webm=&#8220;&#8220; video_mp4=&#8220;&#8220; video_ogv=&#8220;&#8220; video_image=&#8220;&#8220; background_image=&#8220;&#8220; background_image_as_pattern=&#8220;without_pattern&#8220; section_height=&#8220;&#8220; parallax_speed=&#8220;&#8220; background_color=&#8220;&#8220; border_color=&#8220;&#8220; side_padding=&#8220;&#8220; parallax_side_padding=&#8220;&#8220; padding_top=&#8220;&#8220; padding_bottom=&#8220;&#8220; color=&#8220;&#8220; hover_color=&#8220;&#8220; more_button_label=&#8220;&#8220; less_button_label=&#8220;&#8220; button_position=&#8220;&#8220; css_animation=&#8220;&#8220; transition_delay=&#8220;&#8220; el_id=&#8220;&#8220;][vc_column width=&#8220;1\/2&#8243;][vc_single_image image=&#8220;17540&#8243; alignment=&#8220;center&#8220; border_color=&#8220;grey&#8220; img_link_large=&#8220;&#8220; img_link_target=&#8220;_self&#8220; img_size=&#8220;medium&#8220;][\/vc_column][vc_column width=&#8220;1\/2&#8243;][vc_column_text]<\/p>\n<h2>Landpfeiler aus Beton\u00a00814<\/h2>\n<p>[\/vc_column_text][\/vc_column][\/vc_row][vc_row row_type=&#8220;row&#8220; use_row_as_full_screen_section=&#8220;no&#8220; type=&#8220;full_width&#8220; parallax_content_width=&#8220;in_grid&#8220; anchor=&#8220;&#8220; in_content_menu=&#8220;&#8220; content_menu_title=&#8220;&#8220; content_menu_icon=&#8220;&#8220; angled_section=&#8220;no&#8220; angled_section_position=&#8220;both&#8220; angled_section_direction=&#8220;from_left_to_right&#8220; text_align=&#8220;left&#8220; video=&#8220;&#8220; video_overlay=&#8220;&#8220; video_overlay_image=&#8220;&#8220; video_webm=&#8220;&#8220; video_mp4=&#8220;&#8220; video_ogv=&#8220;&#8220; video_image=&#8220;&#8220; background_image=&#8220;&#8220; background_image_as_pattern=&#8220;without_pattern&#8220; section_height=&#8220;&#8220; parallax_speed=&#8220;&#8220; background_color=&#8220;&#8220; border_color=&#8220;&#8220; side_padding=&#8220;&#8220; parallax_side_padding=&#8220;&#8220; padding_top=&#8220;&#8220; padding_bottom=&#8220;&#8220; color=&#8220;&#8220; hover_color=&#8220;&#8220; more_button_label=&#8220;&#8220; less_button_label=&#8220;&#8220; button_position=&#8220;&#8220; css_animation=&#8220;&#8220; transition_delay=&#8220;&#8220; el_id=&#8220;&#8220;][vc_column width=&#8220;1\/1&#8243;][vc_separator type=&#8220;normal&#8220; position=&#8220;center&#8220; color=&#8220;&#8220; transparency=&#8220;&#8220; thickness=&#8220;&#8220; width=&#8220;&#8220; width_in_percentages=&#8220;&#8220; up=&#8220;&#8220; down=&#8220;&#8220;][\/vc_column][\/vc_row]<\/p>\n<\/div>","protected":false},"excerpt":{"rendered":"<p>[vc_row row_type=&#8220;row&#8220; use_row_as_full_screen_section=&#8220;no&#8220; type=&#8220;full_width&#8220; parallax_content_width=&#8220;in_grid&#8220; anchor=&#8220;&#8220; in_content_menu=&#8220;&#8220; content_menu_title=&#8220;&#8220; content_menu_icon=&#8220;&#8220; angled_section=&#8220;no&#8220; angled_section_position=&#8220;both&#8220; angled_section_direction=&#8220;from_left_to_right&#8220; text_align=&#8220;left&#8220; video=&#8220;&#8220; video_overlay=&#8220;&#8220; video_overlay_image=&#8220;&#8220; video_webm=&#8220;&#8220; video_mp4=&#8220;&#8220; video_ogv=&#8220;&#8220; video_image=&#8220;&#8220; background_image=&#8220;&#8220; background_image_as_pattern=&#8220;without_pattern&#8220; section_height=&#8220;&#8220; parallax_speed=&#8220;&#8220; background_color=&#8220;&#8220; border_color=&#8220;&#8220; side_padding=&#8220;&#8220; parallax_side_padding=&#8220;&#8220; padding_top=&#8220;&#8220; padding_bottom=&#8220;&#8220; color=&#8220;&#8220; hover_color=&#8220;&#8220; more_button_label=&#8220;&#8220; less_button_label=&#8220;&#8220; button_position=&#8220;&#8220; css_animation=&#8220;&#8220; transition_delay=&#8220;&#8220;][vc_column width=&#8220;1\/1&#8243;][vc_column_text] [\/vc_column_text][\/vc_column][\/vc_row][vc_row row_type=&#8220;row&#8220; use_row_as_full_screen_section=&#8220;no&#8220; type=&#8220;full_width&#8220; parallax_content_width=&#8220;in_grid&#8220; anchor=&#8220;&#8220; in_content_menu=&#8220;&#8220;&#8230;<\/p>\n","protected":false},"author":2,"featured_media":0,"parent":18585,"menu_order":90,"comment_status":"open","ping_status":"closed","template":"","meta":{"footnotes":""},"class_list":["post-18812","page","type-page","status-publish","hentry"],"_links":{"self":[{"href":"https:\/\/paadisillad.ee\/de\/wp-json\/wp\/v2\/pages\/18812"}],"collection":[{"href":"https:\/\/paadisillad.ee\/de\/wp-json\/wp\/v2\/pages"}],"about":[{"href":"https:\/\/paadisillad.ee\/de\/wp-json\/wp\/v2\/types\/page"}],"author":[{"embeddable":true,"href":"https:\/\/paadisillad.ee\/de\/wp-json\/wp\/v2\/users\/2"}],"replies":[{"embeddable":true,"href":"https:\/\/paadisillad.ee\/de\/wp-json\/wp\/v2\/comments?post=18812"}],"version-history":[{"count":6,"href":"https:\/\/paadisillad.ee\/de\/wp-json\/wp\/v2\/pages\/18812\/revisions"}],"predecessor-version":[{"id":20439,"href":"https:\/\/paadisillad.ee\/de\/wp-json\/wp\/v2\/pages\/18812\/revisions\/20439"}],"up":[{"embeddable":true,"href":"https:\/\/paadisillad.ee\/de\/wp-json\/wp\/v2\/pages\/18585"}],"wp:attachment":[{"href":"https:\/\/paadisillad.ee\/de\/wp-json\/wp\/v2\/media?parent=18812"}],"curies":[{"name":"wp","href":"https:\/\/api.w.org\/{rel}","templated":true}]}}