{"id":18816,"date":"2016-01-18T17:41:15","date_gmt":"2016-01-18T14:41:15","guid":{"rendered":"http:\/\/de.paadisillad.ee\/?page_id=18816"},"modified":"2018-01-12T12:42:45","modified_gmt":"2018-01-12T09:42:45","slug":"gangway","status":"publish","type":"page","link":"https:\/\/paadisillad.ee\/de\/produktion-2\/gangway\/","title":{"rendered":"Gehbr\u00fccke"},"content":{"rendered":"<div class=\"wpb-content-wrapper\"><p>[vc_row row_type=&#8220;row&#8220; use_row_as_full_screen_section=&#8220;no&#8220; type=&#8220;full_width&#8220; parallax_content_width=&#8220;in_grid&#8220; anchor=&#8220;&#8220; in_content_menu=&#8220;&#8220; content_menu_title=&#8220;&#8220; content_menu_icon=&#8220;&#8220; angled_section=&#8220;no&#8220; angled_section_position=&#8220;both&#8220; angled_section_direction=&#8220;from_left_to_right&#8220; text_align=&#8220;left&#8220; video=&#8220;&#8220; video_overlay=&#8220;&#8220; video_overlay_image=&#8220;&#8220; video_webm=&#8220;&#8220; video_mp4=&#8220;&#8220; video_ogv=&#8220;&#8220; video_image=&#8220;&#8220; background_image=&#8220;&#8220; background_image_as_pattern=&#8220;without_pattern&#8220; section_height=&#8220;&#8220; parallax_speed=&#8220;&#8220; background_color=&#8220;&#8220; border_color=&#8220;&#8220; side_padding=&#8220;&#8220; parallax_side_padding=&#8220;&#8220; padding_top=&#8220;&#8220; padding_bottom=&#8220;&#8220; color=&#8220;&#8220; hover_color=&#8220;&#8220; more_button_label=&#8220;&#8220; less_button_label=&#8220;&#8220; button_position=&#8220;&#8220; css_animation=&#8220;&#8220; transition_delay=&#8220;&#8220;][vc_column width=&#8220;1\/1&#8243;][vc_column_text]<div class='fotorama--wp' data-ids='18140,18060,18020,17990,17875,17800,17615'data-width='695px'data-height='460px'data-nav='thumbs'data-allowfullscreen='false'data-fit='cover'data-link='file'data-itemtag='dl'data-icontag='dt'data-captiontag='dd'data-columns='0'data-size='large'data-auto='false'data-max-width='100%'data-ratio='1.5'>\n\t\t<style type=\"text\/css\">\n\t\t\t#gallery-1 {\n\t\t\t\tmargin: auto;\n\t\t\t}\n\t\t\t#gallery-1 .gallery-item {\n\t\t\t\tfloat: left;\n\t\t\t\tmargin-top: 10px;\n\t\t\t\ttext-align: center;\n\t\t\t\twidth: 100%;\n\t\t\t}\n\t\t\t#gallery-1 img {\n\t\t\t\tborder: 2px solid #cfcfcf;\n\t\t\t}\n\t\t\t#gallery-1 .gallery-caption {\n\t\t\t\tmargin-left: 0;\n\t\t\t}\n\t\t\t\/* see gallery_shortcode() in wp-includes\/media.php *\/\n\t\t<\/style>\n\t\t<div id='gallery-1' class='gallery galleryid-18816 gallery-columns-0 gallery-size-thumbnail'><dl class='gallery-item'>\n\t\t\t<dt class='gallery-icon landscape'>\n\t\t\t\t<a href='https:\/\/paadisillad.ee\/wp-content\/uploads\/2016\/01\/RKF8708.jpg' data-full='https:\/\/paadisillad.ee\/wp-content\/uploads\/2016\/01\/RKF8708.jpg'><img loading=\"lazy\" decoding=\"async\" width=\"150\" height=\"150\" src=\"https:\/\/paadisillad.ee\/wp-content\/uploads\/2016\/01\/RKF8708-150x150.jpg\" class=\"attachment-thumbnail size-thumbnail\" alt=\"\" srcset=\"https:\/\/paadisillad.ee\/wp-content\/uploads\/2016\/01\/RKF8708-150x150.jpg 150w, https:\/\/paadisillad.ee\/wp-content\/uploads\/2016\/01\/RKF8708-570x570.jpg 570w, https:\/\/paadisillad.ee\/wp-content\/uploads\/2016\/01\/RKF8708-600x600.jpg 600w, https:\/\/paadisillad.ee\/wp-content\/uploads\/2016\/01\/RKF8708-500x500.jpg 500w\" sizes=\"(max-width: 150px) 100vw, 150px\" \/><\/a>\n\t\t\t<\/dt><\/dl><dl class='gallery-item'>\n\t\t\t<dt class='gallery-icon landscape'>\n\t\t\t\t<a href='https:\/\/paadisillad.ee\/wp-content\/uploads\/2016\/01\/RKF8644.jpg' data-full='https:\/\/paadisillad.ee\/wp-content\/uploads\/2016\/01\/RKF8644.jpg'><img loading=\"lazy\" decoding=\"async\" width=\"150\" height=\"150\" src=\"https:\/\/paadisillad.ee\/wp-content\/uploads\/2016\/01\/RKF8644-150x150.jpg\" class=\"attachment-thumbnail size-thumbnail\" alt=\"\" srcset=\"https:\/\/paadisillad.ee\/wp-content\/uploads\/2016\/01\/RKF8644-150x150.jpg 150w, https:\/\/paadisillad.ee\/wp-content\/uploads\/2016\/01\/RKF8644-570x570.jpg 570w, https:\/\/paadisillad.ee\/wp-content\/uploads\/2016\/01\/RKF8644-600x600.jpg 600w, https:\/\/paadisillad.ee\/wp-content\/uploads\/2016\/01\/RKF8644-500x500.jpg 500w\" sizes=\"(max-width: 150px) 100vw, 150px\" \/><\/a>\n\t\t\t<\/dt><\/dl><dl class='gallery-item'>\n\t\t\t<dt class='gallery-icon landscape'>\n\t\t\t\t<a href='https:\/\/paadisillad.ee\/wp-content\/uploads\/2016\/01\/RKF8620.jpg' data-full='https:\/\/paadisillad.ee\/wp-content\/uploads\/2016\/01\/RKF8620.jpg'><img loading=\"lazy\" decoding=\"async\" width=\"150\" height=\"150\" src=\"https:\/\/paadisillad.ee\/wp-content\/uploads\/2016\/01\/RKF8620-150x150.jpg\" class=\"attachment-thumbnail size-thumbnail\" alt=\"\" srcset=\"https:\/\/paadisillad.ee\/wp-content\/uploads\/2016\/01\/RKF8620-150x150.jpg 150w, https:\/\/paadisillad.ee\/wp-content\/uploads\/2016\/01\/RKF8620-570x570.jpg 570w, https:\/\/paadisillad.ee\/wp-content\/uploads\/2016\/01\/RKF8620-600x600.jpg 600w, https:\/\/paadisillad.ee\/wp-content\/uploads\/2016\/01\/RKF8620-500x500.jpg 500w\" sizes=\"(max-width: 150px) 100vw, 150px\" \/><\/a>\n\t\t\t<\/dt><\/dl><dl class='gallery-item'>\n\t\t\t<dt class='gallery-icon landscape'>\n\t\t\t\t<a href='https:\/\/paadisillad.ee\/wp-content\/uploads\/2016\/01\/RKF8601.jpg' data-full='https:\/\/paadisillad.ee\/wp-content\/uploads\/2016\/01\/RKF8601.jpg'><img loading=\"lazy\" decoding=\"async\" width=\"150\" height=\"150\" src=\"https:\/\/paadisillad.ee\/wp-content\/uploads\/2016\/01\/RKF8601-150x150.jpg\" class=\"attachment-thumbnail size-thumbnail\" alt=\"\" srcset=\"https:\/\/paadisillad.ee\/wp-content\/uploads\/2016\/01\/RKF8601-150x150.jpg 150w, https:\/\/paadisillad.ee\/wp-content\/uploads\/2016\/01\/RKF8601-570x570.jpg 570w, https:\/\/paadisillad.ee\/wp-content\/uploads\/2016\/01\/RKF8601-600x600.jpg 600w, https:\/\/paadisillad.ee\/wp-content\/uploads\/2016\/01\/RKF8601-500x500.jpg 500w\" sizes=\"(max-width: 150px) 100vw, 150px\" \/><\/a>\n\t\t\t<\/dt><\/dl><dl class='gallery-item'>\n\t\t\t<dt class='gallery-icon landscape'>\n\t\t\t\t<a href='https:\/\/paadisillad.ee\/wp-content\/uploads\/2016\/01\/RKF8522.jpg' data-full='https:\/\/paadisillad.ee\/wp-content\/uploads\/2016\/01\/RKF8522.jpg'><img loading=\"lazy\" decoding=\"async\" width=\"150\" height=\"150\" src=\"https:\/\/paadisillad.ee\/wp-content\/uploads\/2016\/01\/RKF8522-150x150.jpg\" class=\"attachment-thumbnail size-thumbnail\" alt=\"\" srcset=\"https:\/\/paadisillad.ee\/wp-content\/uploads\/2016\/01\/RKF8522-150x150.jpg 150w, https:\/\/paadisillad.ee\/wp-content\/uploads\/2016\/01\/RKF8522-570x570.jpg 570w, https:\/\/paadisillad.ee\/wp-content\/uploads\/2016\/01\/RKF8522-600x600.jpg 600w, https:\/\/paadisillad.ee\/wp-content\/uploads\/2016\/01\/RKF8522-500x500.jpg 500w\" sizes=\"(max-width: 150px) 100vw, 150px\" \/><\/a>\n\t\t\t<\/dt><\/dl><dl class='gallery-item'>\n\t\t\t<dt class='gallery-icon landscape'>\n\t\t\t\t<a href='https:\/\/paadisillad.ee\/wp-content\/uploads\/2016\/01\/RKF8442.jpg' data-full='https:\/\/paadisillad.ee\/wp-content\/uploads\/2016\/01\/RKF8442.jpg'><img loading=\"lazy\" decoding=\"async\" width=\"150\" height=\"150\" src=\"https:\/\/paadisillad.ee\/wp-content\/uploads\/2016\/01\/RKF8442-150x150.jpg\" class=\"attachment-thumbnail size-thumbnail\" alt=\"\" srcset=\"https:\/\/paadisillad.ee\/wp-content\/uploads\/2016\/01\/RKF8442-150x150.jpg 150w, https:\/\/paadisillad.ee\/wp-content\/uploads\/2016\/01\/RKF8442-570x570.jpg 570w, https:\/\/paadisillad.ee\/wp-content\/uploads\/2016\/01\/RKF8442-600x600.jpg 600w, https:\/\/paadisillad.ee\/wp-content\/uploads\/2016\/01\/RKF8442-500x500.jpg 500w\" sizes=\"(max-width: 150px) 100vw, 150px\" \/><\/a>\n\t\t\t<\/dt><\/dl><dl class='gallery-item'>\n\t\t\t<dt class='gallery-icon landscape'>\n\t\t\t\t<a href='https:\/\/paadisillad.ee\/wp-content\/uploads\/2016\/01\/RKF8302.jpg' data-full='https:\/\/paadisillad.ee\/wp-content\/uploads\/2016\/01\/RKF8302.jpg'><img loading=\"lazy\" decoding=\"async\" width=\"150\" height=\"150\" src=\"https:\/\/paadisillad.ee\/wp-content\/uploads\/2016\/01\/RKF8302-150x150.jpg\" class=\"attachment-thumbnail size-thumbnail\" alt=\"\" srcset=\"https:\/\/paadisillad.ee\/wp-content\/uploads\/2016\/01\/RKF8302-150x150.jpg 150w, https:\/\/paadisillad.ee\/wp-content\/uploads\/2016\/01\/RKF8302-570x570.jpg 570w, https:\/\/paadisillad.ee\/wp-content\/uploads\/2016\/01\/RKF8302-600x600.jpg 600w, https:\/\/paadisillad.ee\/wp-content\/uploads\/2016\/01\/RKF8302-500x500.jpg 500w\" sizes=\"(max-width: 150px) 100vw, 150px\" \/><\/a>\n\t\t\t<\/dt><\/dl>\n\t\t<\/div>\n<\/div>\n<p>[\/vc_column_text][\/vc_column][\/vc_row][vc_row row_type=&#8220;row&#8220; use_row_as_full_screen_section=&#8220;no&#8220; type=&#8220;full_width&#8220; parallax_content_width=&#8220;in_grid&#8220; anchor=&#8220;&#8220; in_content_menu=&#8220;&#8220; content_menu_title=&#8220;&#8220; content_menu_icon=&#8220;&#8220; angled_section=&#8220;no&#8220; angled_section_position=&#8220;both&#8220; angled_section_direction=&#8220;from_left_to_right&#8220; text_align=&#8220;left&#8220; video=&#8220;&#8220; video_overlay=&#8220;&#8220; video_overlay_image=&#8220;&#8220; video_webm=&#8220;&#8220; video_mp4=&#8220;&#8220; video_ogv=&#8220;&#8220; video_image=&#8220;&#8220; background_image=&#8220;&#8220; background_image_as_pattern=&#8220;without_pattern&#8220; section_height=&#8220;&#8220; parallax_speed=&#8220;&#8220; background_color=&#8220;&#8220; border_color=&#8220;&#8220; side_padding=&#8220;&#8220; parallax_side_padding=&#8220;&#8220; padding_top=&#8220;&#8220; padding_bottom=&#8220;&#8220; color=&#8220;&#8220; hover_color=&#8220;&#8220; more_button_label=&#8220;&#8220; less_button_label=&#8220;&#8220; button_position=&#8220;&#8220; css_animation=&#8220;&#8220; transition_delay=&#8220;&#8220;][vc_column width=&#8220;1\/1&#8243;][vc_column_text]<\/p>\n<h1>Gehbr\u00fccke<\/h1>\n<p>&nbsp;<\/p>\n<p>Die Aufgabe der Gehbr\u00fccke ist es, den Benutzer auf die Schwimmbr\u00fccke zu bringen. Je l\u00e4nger die sog. graue Zone (Simse, Schlamm, Gew\u00e4chse) zwischen Wasser und Erde ist, desto l\u00e4nger muss die Gehbr\u00fccke sein. Die Gehbr\u00fccke gilt als eine gute L\u00f6sung auch in einem Fall, wenn das Wasser am Ufer flach ist, aber man mit der Schwimmbr\u00fccke doch weiter \u00fcber tieferem Wasser kommen will. Bei herk\u00f6mmlicher Bauweise f\u00e4ngt man mit der auf Schraubenpf\u00e4hlen stehender L\u00f6sung an und setzt dann mit Gehbr\u00fccke auf Schaukelangeln fort.<\/p>\n<p>&nbsp;<\/p>\n<p>Ausma\u00dfe der Gehbr\u00fcckemodule: Breite 1,2 m, L\u00e4nge 2 (2,4 m<sup>2<\/sup>)\u00a0\/ 3 (3,6 m<sup>2<\/sup>)\u00a0\/ 4 (4,8 m<sup>2<\/sup>) \/ 5 (6 m<sup>2<\/sup>) \/ 6 m (7,2 m<sup>2<\/sup>)<\/p>\n<p>Gehbr\u00fccken k\u00f6nnen miteinander durch Angeln verbunden werden.<\/p>\n<p>Ger\u00fcst: 45\u00d7145 mm \/ 45\u00d7195 mm \/ 70\u00d7195 mm HC4 tief impr\u00e4gnierte Kiefer<\/p>\n<p>Bretterger\u00fcst: 28\u00d7120 mm HC4 tief impr\u00e4gnierte geriffelte Kiefer<\/p>\n<p>Metalldetails: feuerverzinkt<\/p>\n<p>Befestigungsmittel entsprechen der Umweltklasse C4<\/p>\n<p>&nbsp;<\/p>\n<p><strong>Zur Gehbr\u00fccke sind erh\u00e4ltlich: <\/strong>Angeln, Gel\u00e4nder[\/vc_column_text][vc_separator type=&#8220;normal&#8220; position=&#8220;center&#8220; width_in_percentages=&#8220;&#8220;][\/vc_column][\/vc_row]<\/p>\n<\/div>","protected":false},"excerpt":{"rendered":"<p>[vc_row row_type=&#8220;row&#8220; use_row_as_full_screen_section=&#8220;no&#8220; type=&#8220;full_width&#8220; parallax_content_width=&#8220;in_grid&#8220; anchor=&#8220;&#8220; in_content_menu=&#8220;&#8220; content_menu_title=&#8220;&#8220; content_menu_icon=&#8220;&#8220; angled_section=&#8220;no&#8220; angled_section_position=&#8220;both&#8220; angled_section_direction=&#8220;from_left_to_right&#8220; text_align=&#8220;left&#8220; video=&#8220;&#8220; video_overlay=&#8220;&#8220; video_overlay_image=&#8220;&#8220; video_webm=&#8220;&#8220; video_mp4=&#8220;&#8220; video_ogv=&#8220;&#8220; video_image=&#8220;&#8220; background_image=&#8220;&#8220; background_image_as_pattern=&#8220;without_pattern&#8220; section_height=&#8220;&#8220; parallax_speed=&#8220;&#8220; background_color=&#8220;&#8220; border_color=&#8220;&#8220; side_padding=&#8220;&#8220; parallax_side_padding=&#8220;&#8220; padding_top=&#8220;&#8220; padding_bottom=&#8220;&#8220; color=&#8220;&#8220; hover_color=&#8220;&#8220; more_button_label=&#8220;&#8220; less_button_label=&#8220;&#8220; button_position=&#8220;&#8220; css_animation=&#8220;&#8220; transition_delay=&#8220;&#8220;][vc_column width=&#8220;1\/1&#8243;][vc_column_text] [\/vc_column_text][\/vc_column][\/vc_row][vc_row row_type=&#8220;row&#8220; use_row_as_full_screen_section=&#8220;no&#8220; type=&#8220;full_width&#8220; parallax_content_width=&#8220;in_grid&#8220; anchor=&#8220;&#8220; in_content_menu=&#8220;&#8220;&#8230;<\/p>\n","protected":false},"author":2,"featured_media":0,"parent":18585,"menu_order":80,"comment_status":"open","ping_status":"open","template":"","meta":{"footnotes":""},"class_list":["post-18816","page","type-page","status-publish","hentry"],"_links":{"self":[{"href":"https:\/\/paadisillad.ee\/de\/wp-json\/wp\/v2\/pages\/18816"}],"collection":[{"href":"https:\/\/paadisillad.ee\/de\/wp-json\/wp\/v2\/pages"}],"about":[{"href":"https:\/\/paadisillad.ee\/de\/wp-json\/wp\/v2\/types\/page"}],"author":[{"embeddable":true,"href":"https:\/\/paadisillad.ee\/de\/wp-json\/wp\/v2\/users\/2"}],"replies":[{"embeddable":true,"href":"https:\/\/paadisillad.ee\/de\/wp-json\/wp\/v2\/comments?post=18816"}],"version-history":[{"count":8,"href":"https:\/\/paadisillad.ee\/de\/wp-json\/wp\/v2\/pages\/18816\/revisions"}],"predecessor-version":[{"id":20438,"href":"https:\/\/paadisillad.ee\/de\/wp-json\/wp\/v2\/pages\/18816\/revisions\/20438"}],"up":[{"embeddable":true,"href":"https:\/\/paadisillad.ee\/de\/wp-json\/wp\/v2\/pages\/18585"}],"wp:attachment":[{"href":"https:\/\/paadisillad.ee\/de\/wp-json\/wp\/v2\/media?parent=18816"}],"curies":[{"name":"wp","href":"https:\/\/api.w.org\/{rel}","templated":true}]}}