{"id":18830,"date":"2016-01-18T17:48:17","date_gmt":"2016-01-18T14:48:17","guid":{"rendered":"http:\/\/de.paadisillad.ee\/?page_id=18830"},"modified":"2016-01-24T09:14:46","modified_gmt":"2016-01-24T06:14:46","slug":"villa-l-2412","status":"publish","type":"page","link":"https:\/\/paadisillad.ee\/de\/villa\/villa-l-2412\/","title":{"rendered":"Villa L 2412"},"content":{"rendered":"<div class=\"wpb-content-wrapper\"><p>[vc_row row_type=&#8220;row&#8220; use_row_as_full_screen_section=&#8220;no&#8220; type=&#8220;full_width&#8220; parallax_content_width=&#8220;in_grid&#8220; anchor=&#8220;&#8220; in_content_menu=&#8220;&#8220; content_menu_title=&#8220;&#8220; content_menu_icon=&#8220;&#8220; angled_section=&#8220;no&#8220; angled_section_position=&#8220;both&#8220; angled_section_direction=&#8220;from_left_to_right&#8220; text_align=&#8220;left&#8220; video=&#8220;&#8220; video_overlay=&#8220;&#8220; video_overlay_image=&#8220;&#8220; video_webm=&#8220;&#8220; video_mp4=&#8220;&#8220; video_ogv=&#8220;&#8220; video_image=&#8220;&#8220; background_image=&#8220;&#8220; background_image_as_pattern=&#8220;without_pattern&#8220; section_height=&#8220;&#8220; parallax_speed=&#8220;&#8220; background_color=&#8220;&#8220; border_color=&#8220;&#8220; side_padding=&#8220;&#8220; parallax_side_padding=&#8220;&#8220; padding_top=&#8220;&#8220; padding_bottom=&#8220;&#8220; color=&#8220;&#8220; hover_color=&#8220;&#8220; more_button_label=&#8220;&#8220; less_button_label=&#8220;&#8220; button_position=&#8220;&#8220; css_animation=&#8220;&#8220; transition_delay=&#8220;&#8220;][vc_column width=&#8220;1\/1&#8243;][vc_column_text]<\/p>\n<div class='fotorama--wp' data-ids='16777,17392'data-width='695px'data-height='460px'data-nav='thumbs'data-allowfullscreen='false'data-fit='cover'data-link='file'data-itemtag='dl'data-icontag='dt'data-captiontag='dd'data-columns='0'data-size='large'data-auto='false'data-max-width='100%'data-ratio='1.7775700934579'>\n\t\t<style type=\"text\/css\">\n\t\t\t#gallery-1 {\n\t\t\t\tmargin: auto;\n\t\t\t}\n\t\t\t#gallery-1 .gallery-item {\n\t\t\t\tfloat: left;\n\t\t\t\tmargin-top: 10px;\n\t\t\t\ttext-align: center;\n\t\t\t\twidth: 100%;\n\t\t\t}\n\t\t\t#gallery-1 img {\n\t\t\t\tborder: 2px solid #cfcfcf;\n\t\t\t}\n\t\t\t#gallery-1 .gallery-caption {\n\t\t\t\tmargin-left: 0;\n\t\t\t}\n\t\t\t\/* see gallery_shortcode() in wp-includes\/media.php *\/\n\t\t<\/style>\n\t\t<div id='gallery-1' class='gallery galleryid-18830 gallery-columns-0 gallery-size-thumbnail'><dl class='gallery-item'>\n\t\t\t<dt class='gallery-icon landscape'>\n\t\t\t\t<a href='https:\/\/paadisillad.ee\/wp-content\/uploads\/2015\/11\/Villa.png' data-full='https:\/\/paadisillad.ee\/wp-content\/uploads\/2015\/11\/Villa.png'><img loading=\"lazy\" decoding=\"async\" width=\"150\" height=\"150\" src=\"https:\/\/paadisillad.ee\/wp-content\/uploads\/2015\/11\/Villa-150x150.png\" class=\"attachment-thumbnail size-thumbnail\" alt=\"\" srcset=\"https:\/\/paadisillad.ee\/wp-content\/uploads\/2015\/11\/Villa-150x150.png 150w, https:\/\/paadisillad.ee\/wp-content\/uploads\/2015\/11\/Villa-500x500.png 500w\" sizes=\"(max-width: 150px) 100vw, 150px\" \/><\/a>\n\t\t\t<\/dt><\/dl><dl class='gallery-item'>\n\t\t\t<dt class='gallery-icon landscape'>\n\t\t\t\t<a href='https:\/\/paadisillad.ee\/wp-content\/uploads\/2015\/05\/IMAG0778-1024x613.jpg' data-full='https:\/\/paadisillad.ee\/wp-content\/uploads\/2015\/05\/IMAG0778.jpg'><img loading=\"lazy\" decoding=\"async\" width=\"150\" height=\"150\" src=\"https:\/\/paadisillad.ee\/wp-content\/uploads\/2015\/05\/IMAG0778-150x150.jpg\" class=\"attachment-thumbnail size-thumbnail\" alt=\"\" srcset=\"https:\/\/paadisillad.ee\/wp-content\/uploads\/2015\/05\/IMAG0778-150x150.jpg 150w, https:\/\/paadisillad.ee\/wp-content\/uploads\/2015\/05\/IMAG0778-570x570.jpg 570w, https:\/\/paadisillad.ee\/wp-content\/uploads\/2015\/05\/IMAG0778-500x500.jpg 500w, https:\/\/paadisillad.ee\/wp-content\/uploads\/2015\/05\/IMAG0778-1000x1000.jpg 1000w\" sizes=\"(max-width: 150px) 100vw, 150px\" \/><\/a>\n\t\t\t<\/dt><\/dl>\n\t\t<\/div>\n<\/div>\n<p>[\/vc_column_text][\/vc_column][\/vc_row][vc_row row_type=&#8220;row&#8220; use_row_as_full_screen_section=&#8220;no&#8220; type=&#8220;full_width&#8220; parallax_content_width=&#8220;in_grid&#8220; anchor=&#8220;&#8220; in_content_menu=&#8220;&#8220; content_menu_title=&#8220;&#8220; content_menu_icon=&#8220;&#8220; angled_section=&#8220;no&#8220; angled_section_position=&#8220;both&#8220; angled_section_direction=&#8220;from_left_to_right&#8220; text_align=&#8220;left&#8220; video=&#8220;&#8220; video_overlay=&#8220;&#8220; video_overlay_image=&#8220;&#8220; video_webm=&#8220;&#8220; video_mp4=&#8220;&#8220; video_ogv=&#8220;&#8220; video_image=&#8220;&#8220; background_image=&#8220;&#8220; background_image_as_pattern=&#8220;without_pattern&#8220; section_height=&#8220;&#8220; parallax_speed=&#8220;&#8220; background_color=&#8220;&#8220; border_color=&#8220;&#8220; side_padding=&#8220;&#8220; parallax_side_padding=&#8220;&#8220; padding_top=&#8220;&#8220; padding_bottom=&#8220;&#8220; color=&#8220;&#8220; hover_color=&#8220;&#8220; more_button_label=&#8220;&#8220; less_button_label=&#8220;&#8220; button_position=&#8220;&#8220; css_animation=&#8220;&#8220; transition_delay=&#8220;&#8220;][vc_column width=&#8220;1\/1&#8243;][vc_column_text]<\/p>\n<h1>Villa L 2412<\/h1>\n<p>&nbsp;<\/p>\n<p>Villa L sildasid kasutatakse enamasti suuremates sadamates.<\/p>\n<p>&nbsp;<\/p>\n<p>Sillaplatvormi m\u00f5\u00f5dud: laius 2,4 m, pikkus 12 m (28,8 m<sup>2<\/sup>)<\/p>\n<p>Sillaplatvormi paigutamise v\u00f5imalus: kas T- v\u00f5i I-kujulisena k\u00e4igusilla suhtes.<\/p>\n<p>Sillaplatvormile saab juurde lisada erineva pikkusega platvorme<\/p>\n<p>Ujuk: Villa L (2,38\u00d73,12\u00d70,71; kaal 2056 kg, kandev\u00f5ime 32 kN)<\/p>\n<p>Karkass: 70\u00d7195 HC4 s\u00fcvaimmutatud\u00a0m\u00e4nd<\/p>\n<p>Laudis: 28\u00d7120 HC4 s\u00fcvaimmutatud\u00a0rihveldatud m\u00e4nd<\/p>\n<p>Metallosad: kuumtsingitud<\/p>\n<p>Kinnitusvahendid vastavad keskkonnaklassile C4<\/p>\n<p>Kandev\u00f5ime 1,88 kN \/ m2<\/p>\n<p>Vabapardak\u00f5rgus 0,6 m<\/p>\n<p>&nbsp;<\/p>\n<p><strong>Tootekood\u00a0 <\/strong>VIL3241223<\/p>\n<p>&nbsp;<\/p>\n<p><strong>Hind<\/strong>\u00a0 6719 EUR<\/p>\n<p>&nbsp;<\/p>\n<p><strong>Sillaplatvormile saab juurde soetada<\/strong>: maatoe, k\u00e4igusilla, ankurduse ning muu lisavarustuse[\/vc_column_text][vc_separator type=&#8220;normal&#8220; position=&#8220;center&#8220; width_in_percentages=&#8220;&#8220;][\/vc_column][\/vc_row][vc_row row_type=&#8220;row&#8220; use_row_as_full_screen_section=&#8220;no&#8220; type=&#8220;full_width&#8220; parallax_content_width=&#8220;in_grid&#8220; anchor=&#8220;&#8220; in_content_menu=&#8220;&#8220; content_menu_title=&#8220;&#8220; content_menu_icon=&#8220;&#8220; angled_section=&#8220;no&#8220; angled_section_position=&#8220;both&#8220; angled_section_direction=&#8220;from_left_to_right&#8220; text_align=&#8220;left&#8220; video=&#8220;&#8220; video_overlay=&#8220;&#8220; video_overlay_image=&#8220;&#8220; video_webm=&#8220;&#8220; video_mp4=&#8220;&#8220; video_ogv=&#8220;&#8220; video_image=&#8220;&#8220; background_image=&#8220;&#8220; background_image_as_pattern=&#8220;without_pattern&#8220; section_height=&#8220;&#8220; parallax_speed=&#8220;&#8220; background_color=&#8220;&#8220; border_color=&#8220;&#8220; side_padding=&#8220;&#8220; parallax_side_padding=&#8220;&#8220; padding_top=&#8220;&#8220; padding_bottom=&#8220;&#8220; color=&#8220;&#8220; hover_color=&#8220;&#8220; more_button_label=&#8220;&#8220; less_button_label=&#8220;&#8220; button_position=&#8220;&#8220; css_animation=&#8220;&#8220; transition_delay=&#8220;&#8220;][vc_column width=&#8220;1\/1&#8243;][vc_column_text]<strong>Transpordi ja paigaldusvalikud:<\/strong><\/p>\n<ol>\n<li><em>Pick Up<\/em><\/li>\n<li>Toimetame kliendile kohale<\/li>\n<li>Paigaldamine Paadisildade O\u00dc poolt<\/li>\n<li>Hooldusleping<\/li>\n<\/ol>\n<p>[\/vc_column_text][vc_separator type=&#8220;normal&#8220; position=&#8220;center&#8220; width_in_percentages=&#8220;&#8220;][\/vc_column][\/vc_row][vc_row row_type=&#8220;row&#8220; use_row_as_full_screen_section=&#8220;no&#8220; type=&#8220;full_width&#8220; parallax_content_width=&#8220;in_grid&#8220; anchor=&#8220;&#8220; in_content_menu=&#8220;&#8220; content_menu_title=&#8220;&#8220; content_menu_icon=&#8220;&#8220; angled_section=&#8220;no&#8220; angled_section_position=&#8220;both&#8220; angled_section_direction=&#8220;from_left_to_right&#8220; text_align=&#8220;left&#8220; video=&#8220;&#8220; video_overlay=&#8220;&#8220; video_overlay_image=&#8220;&#8220; video_webm=&#8220;&#8220; video_mp4=&#8220;&#8220; video_ogv=&#8220;&#8220; video_image=&#8220;&#8220; background_image=&#8220;&#8220; background_image_as_pattern=&#8220;without_pattern&#8220; section_height=&#8220;&#8220; parallax_speed=&#8220;&#8220; background_color=&#8220;&#8220; border_color=&#8220;&#8220; side_padding=&#8220;&#8220; parallax_side_padding=&#8220;&#8220; padding_top=&#8220;&#8220; padding_bottom=&#8220;&#8220; color=&#8220;&#8220; hover_color=&#8220;&#8220; more_button_label=&#8220;&#8220; less_button_label=&#8220;&#8220; button_position=&#8220;&#8220; css_animation=&#8220;&#8220; transition_delay=&#8220;&#8220;][vc_column width=&#8220;1\/1&#8243;]<a href=\"https:\/\/paadisillad.ee\/silla-tellimine\/\" target=\"_self\"  class=\"qbutton \" style=\"\">K\u00fcsi pakkumist<\/a>[\/vc_column][\/vc_row]<\/p>\n<\/div>","protected":false},"excerpt":{"rendered":"<p>[vc_row row_type=&#8220;row&#8220; use_row_as_full_screen_section=&#8220;no&#8220; type=&#8220;full_width&#8220; parallax_content_width=&#8220;in_grid&#8220; anchor=&#8220;&#8220; in_content_menu=&#8220;&#8220; content_menu_title=&#8220;&#8220; content_menu_icon=&#8220;&#8220; angled_section=&#8220;no&#8220; angled_section_position=&#8220;both&#8220; angled_section_direction=&#8220;from_left_to_right&#8220; text_align=&#8220;left&#8220; video=&#8220;&#8220; video_overlay=&#8220;&#8220; video_overlay_image=&#8220;&#8220; video_webm=&#8220;&#8220; video_mp4=&#8220;&#8220; video_ogv=&#8220;&#8220; video_image=&#8220;&#8220; background_image=&#8220;&#8220; background_image_as_pattern=&#8220;without_pattern&#8220; section_height=&#8220;&#8220; parallax_speed=&#8220;&#8220; background_color=&#8220;&#8220; border_color=&#8220;&#8220; side_padding=&#8220;&#8220; parallax_side_padding=&#8220;&#8220; padding_top=&#8220;&#8220; padding_bottom=&#8220;&#8220; color=&#8220;&#8220; hover_color=&#8220;&#8220; more_button_label=&#8220;&#8220; less_button_label=&#8220;&#8220; button_position=&#8220;&#8220; css_animation=&#8220;&#8220; transition_delay=&#8220;&#8220;][vc_column width=&#8220;1\/1&#8243;][vc_column_text] [\/vc_column_text][\/vc_column][\/vc_row][vc_row row_type=&#8220;row&#8220; use_row_as_full_screen_section=&#8220;no&#8220; type=&#8220;full_width&#8220; parallax_content_width=&#8220;in_grid&#8220; anchor=&#8220;&#8220; in_content_menu=&#8220;&#8220;&#8230;<\/p>\n","protected":false},"author":2,"featured_media":0,"parent":18716,"menu_order":3,"comment_status":"closed","ping_status":"closed","template":"","meta":{"footnotes":""},"class_list":["post-18830","page","type-page","status-publish","hentry"],"_links":{"self":[{"href":"https:\/\/paadisillad.ee\/de\/wp-json\/wp\/v2\/pages\/18830"}],"collection":[{"href":"https:\/\/paadisillad.ee\/de\/wp-json\/wp\/v2\/pages"}],"about":[{"href":"https:\/\/paadisillad.ee\/de\/wp-json\/wp\/v2\/types\/page"}],"author":[{"embeddable":true,"href":"https:\/\/paadisillad.ee\/de\/wp-json\/wp\/v2\/users\/2"}],"replies":[{"embeddable":true,"href":"https:\/\/paadisillad.ee\/de\/wp-json\/wp\/v2\/comments?post=18830"}],"version-history":[{"count":1,"href":"https:\/\/paadisillad.ee\/de\/wp-json\/wp\/v2\/pages\/18830\/revisions"}],"predecessor-version":[{"id":18831,"href":"https:\/\/paadisillad.ee\/de\/wp-json\/wp\/v2\/pages\/18830\/revisions\/18831"}],"up":[{"embeddable":true,"href":"https:\/\/paadisillad.ee\/de\/wp-json\/wp\/v2\/pages\/18716"}],"wp:attachment":[{"href":"https:\/\/paadisillad.ee\/de\/wp-json\/wp\/v2\/media?parent=18830"}],"curies":[{"name":"wp","href":"https:\/\/api.w.org\/{rel}","templated":true}]}}