{"id":18843,"date":"2016-01-09T19:20:53","date_gmt":"2016-01-09T16:20:53","guid":{"rendered":"http:\/\/de.paadisillad.ee\/?page_id=18843"},"modified":"2018-01-12T12:55:14","modified_gmt":"2018-01-12T09:55:14","slug":"kunststoffschwimmer-master","status":"publish","type":"page","link":"https:\/\/paadisillad.ee\/de\/produktion-2\/schwimmer\/kunststoffschwimmer-master\/","title":{"rendered":"Kunststoffschwimmer &#8222;Master&#8220;"},"content":{"rendered":"<div class=\"wpb-content-wrapper\"><p>[vc_row row_type=&#8220;row&#8220; use_row_as_full_screen_section=&#8220;no&#8220; type=&#8220;full_width&#8220; parallax_content_width=&#8220;in_grid&#8220; anchor=&#8220;&#8220; in_content_menu=&#8220;&#8220; content_menu_title=&#8220;&#8220; content_menu_icon=&#8220;&#8220; angled_section=&#8220;no&#8220; angled_section_position=&#8220;both&#8220; angled_section_direction=&#8220;from_left_to_right&#8220; text_align=&#8220;left&#8220; video=&#8220;&#8220; video_overlay=&#8220;&#8220; video_overlay_image=&#8220;&#8220; video_webm=&#8220;&#8220; video_mp4=&#8220;&#8220; video_ogv=&#8220;&#8220; video_image=&#8220;&#8220; background_image=&#8220;&#8220; background_image_as_pattern=&#8220;without_pattern&#8220; section_height=&#8220;&#8220; parallax_speed=&#8220;&#8220; background_color=&#8220;&#8220; border_color=&#8220;&#8220; side_padding=&#8220;&#8220; parallax_side_padding=&#8220;&#8220; padding_top=&#8220;&#8220; padding_bottom=&#8220;&#8220; color=&#8220;&#8220; hover_color=&#8220;&#8220; more_button_label=&#8220;&#8220; less_button_label=&#8220;&#8220; button_position=&#8220;&#8220; css_animation=&#8220;&#8220; transition_delay=&#8220;&#8220;][vc_column width=&#8220;1\/1&#8243;][vc_column_text]<div class='fotorama--wp' data-ids='18423,18175,17545,16776,16767'data-width='695px'data-height='460px'data-nav='thumbs'data-allowfullscreen='false'data-fit='cover'data-link='file'data-itemtag='dl'data-icontag='dt'data-captiontag='dd'data-columns='0'data-size='large'data-auto='false'data-max-width='100%'data-ratio='1.6704730831974'>\n\t\t<style type=\"text\/css\">\n\t\t\t#gallery-1 {\n\t\t\t\tmargin: auto;\n\t\t\t}\n\t\t\t#gallery-1 .gallery-item {\n\t\t\t\tfloat: left;\n\t\t\t\tmargin-top: 10px;\n\t\t\t\ttext-align: center;\n\t\t\t\twidth: 100%;\n\t\t\t}\n\t\t\t#gallery-1 img {\n\t\t\t\tborder: 2px solid #cfcfcf;\n\t\t\t}\n\t\t\t#gallery-1 .gallery-caption {\n\t\t\t\tmargin-left: 0;\n\t\t\t}\n\t\t\t\/* see gallery_shortcode() in wp-includes\/media.php *\/\n\t\t<\/style>\n\t\t<div id='gallery-1' class='gallery galleryid-18843 gallery-columns-0 gallery-size-thumbnail'><dl class='gallery-item'>\n\t\t\t<dt class='gallery-icon landscape'>\n\t\t\t\t<a href='https:\/\/paadisillad.ee\/wp-content\/uploads\/2015\/05\/ujuk-450-L-1024x613.jpg' data-full='https:\/\/paadisillad.ee\/wp-content\/uploads\/2015\/05\/ujuk-450-L.jpg'><img loading=\"lazy\" decoding=\"async\" width=\"150\" height=\"150\" src=\"https:\/\/paadisillad.ee\/wp-content\/uploads\/2015\/05\/ujuk-450-L-150x150.jpg\" class=\"attachment-thumbnail size-thumbnail\" alt=\"\" srcset=\"https:\/\/paadisillad.ee\/wp-content\/uploads\/2015\/05\/ujuk-450-L-150x150.jpg 150w, https:\/\/paadisillad.ee\/wp-content\/uploads\/2015\/05\/ujuk-450-L-570x570.jpg 570w, https:\/\/paadisillad.ee\/wp-content\/uploads\/2015\/05\/ujuk-450-L-500x500.jpg 500w\" sizes=\"(max-width: 150px) 100vw, 150px\" \/><\/a>\n\t\t\t<\/dt><\/dl><dl class='gallery-item'>\n\t\t\t<dt class='gallery-icon landscape'>\n\t\t\t\t<a href='https:\/\/paadisillad.ee\/wp-content\/uploads\/2016\/01\/2014-06-21-12.32.46.jpg' data-full='https:\/\/paadisillad.ee\/wp-content\/uploads\/2016\/01\/2014-06-21-12.32.46.jpg'><img loading=\"lazy\" decoding=\"async\" width=\"150\" height=\"150\" src=\"https:\/\/paadisillad.ee\/wp-content\/uploads\/2016\/01\/2014-06-21-12.32.46-150x150.jpg\" class=\"attachment-thumbnail size-thumbnail\" alt=\"\" \/><\/a>\n\t\t\t<\/dt><\/dl><dl class='gallery-item'>\n\t\t\t<dt class='gallery-icon landscape'>\n\t\t\t\t<a href='https:\/\/paadisillad.ee\/wp-content\/uploads\/2016\/01\/RKF8249.jpg' data-full='https:\/\/paadisillad.ee\/wp-content\/uploads\/2016\/01\/RKF8249.jpg'><img loading=\"lazy\" decoding=\"async\" width=\"150\" height=\"150\" src=\"https:\/\/paadisillad.ee\/wp-content\/uploads\/2016\/01\/RKF8249-150x150.jpg\" class=\"attachment-thumbnail size-thumbnail\" alt=\"\" srcset=\"https:\/\/paadisillad.ee\/wp-content\/uploads\/2016\/01\/RKF8249-150x150.jpg 150w, https:\/\/paadisillad.ee\/wp-content\/uploads\/2016\/01\/RKF8249-570x570.jpg 570w, https:\/\/paadisillad.ee\/wp-content\/uploads\/2016\/01\/RKF8249-600x600.jpg 600w, https:\/\/paadisillad.ee\/wp-content\/uploads\/2016\/01\/RKF8249-500x500.jpg 500w\" sizes=\"(max-width: 150px) 100vw, 150px\" \/><\/a>\n\t\t\t<\/dt><\/dl><dl class='gallery-item'>\n\t\t\t<dt class='gallery-icon landscape'>\n\t\t\t\t<a href='https:\/\/paadisillad.ee\/wp-content\/uploads\/2015\/11\/Master-1.png' data-full='https:\/\/paadisillad.ee\/wp-content\/uploads\/2015\/11\/Master-1.png'><img loading=\"lazy\" decoding=\"async\" width=\"150\" height=\"150\" src=\"https:\/\/paadisillad.ee\/wp-content\/uploads\/2015\/11\/Master-1-150x150.png\" class=\"attachment-thumbnail size-thumbnail\" alt=\"\" srcset=\"https:\/\/paadisillad.ee\/wp-content\/uploads\/2015\/11\/Master-1-150x150.png 150w, https:\/\/paadisillad.ee\/wp-content\/uploads\/2015\/11\/Master-1-500x500.png 500w\" sizes=\"(max-width: 150px) 100vw, 150px\" \/><\/a>\n\t\t\t<\/dt><\/dl><dl class='gallery-item'>\n\t\t\t<dt class='gallery-icon landscape'>\n\t\t\t\t<a href='https:\/\/paadisillad.ee\/wp-content\/uploads\/2015\/11\/MasterUjukTorn0001.png' data-full='https:\/\/paadisillad.ee\/wp-content\/uploads\/2015\/11\/MasterUjukTorn0001.png'><img loading=\"lazy\" decoding=\"async\" width=\"150\" height=\"150\" src=\"https:\/\/paadisillad.ee\/wp-content\/uploads\/2015\/11\/MasterUjukTorn0001-150x150.png\" class=\"attachment-thumbnail size-thumbnail\" alt=\"\" srcset=\"https:\/\/paadisillad.ee\/wp-content\/uploads\/2015\/11\/MasterUjukTorn0001-150x150.png 150w, https:\/\/paadisillad.ee\/wp-content\/uploads\/2015\/11\/MasterUjukTorn0001-570x570.png 570w, https:\/\/paadisillad.ee\/wp-content\/uploads\/2015\/11\/MasterUjukTorn0001-500x500.png 500w\" sizes=\"(max-width: 150px) 100vw, 150px\" \/><\/a>\n\t\t\t<\/dt><\/dl>\n\t\t<\/div>\n<\/div><br \/>\n[\/vc_column_text][\/vc_column][\/vc_row][vc_row row_type=&#8220;row&#8220; use_row_as_full_screen_section=&#8220;no&#8220; type=&#8220;full_width&#8220; parallax_content_width=&#8220;in_grid&#8220; anchor=&#8220;&#8220; in_content_menu=&#8220;&#8220; content_menu_title=&#8220;&#8220; content_menu_icon=&#8220;&#8220; angled_section=&#8220;no&#8220; angled_section_position=&#8220;both&#8220; angled_section_direction=&#8220;from_left_to_right&#8220; text_align=&#8220;left&#8220; video=&#8220;&#8220; video_overlay=&#8220;&#8220; video_overlay_image=&#8220;&#8220; video_webm=&#8220;&#8220; video_mp4=&#8220;&#8220; video_ogv=&#8220;&#8220; video_image=&#8220;&#8220; background_image=&#8220;&#8220; background_image_as_pattern=&#8220;without_pattern&#8220; section_height=&#8220;&#8220; parallax_speed=&#8220;&#8220; background_color=&#8220;&#8220; border_color=&#8220;&#8220; side_padding=&#8220;&#8220; parallax_side_padding=&#8220;&#8220; padding_top=&#8220;&#8220; padding_bottom=&#8220;&#8220; color=&#8220;&#8220; hover_color=&#8220;&#8220; more_button_label=&#8220;&#8220; less_button_label=&#8220;&#8220; button_position=&#8220;&#8220; css_animation=&#8220;&#8220; transition_delay=&#8220;&#8220;][vc_column width=&#8220;1\/1&#8243;][vc_column_text]<\/p>\n<h1>Der Master Plastikponton<\/h1>\n<p>Die Plastikpontons sind mit Rotationsgussmethode hergestellt, der benutzte Plastik ist sowohl UV- als auch witterungsbest\u00e4ndig. Uns stehen Formen f\u00fcr die Herstellung von sowohl leeren als auch mit EPS gef\u00fcllten Pontons. Vom Design her sind Plastikpontons leicht kegelf\u00f6rmig, was sie auch bei Vereisung des Gew\u00e4ssers widerstandsf\u00e4higer macht. Bei unserer Eigenproduktion ist die Zahl der Pontons unter Br\u00fccken reglementiert. Wir gew\u00e4hrleisten die\u00a0 notwendige Tragf\u00e4higkeit. Bei Bedarf k\u00f6nnen Pontons f\u00fcr eigene schwimmende L\u00f6sung auch separat gekauft werden.<\/p>\n<p>&nbsp;<\/p>\n<p>Wir haben die Plastikpontons je nach ihrer H\u00f6he in zwei Gruppen geteilt. Bei niedrigeren L\u00f6sungen, die sich f\u00fcr kleine Ruderboote und Schwimml\u00f6sungen eignen, benutzen wir die 250 Liter Pontons. Bei L\u00f6sungen mit h\u00f6herem Freibord m\u00fcssen h\u00f6here Pontons eingesetzt werden, um das sog. \u201eAuffahren der Boote auf die Br\u00fccke\u201c zu vermeiden. Bei Bootsh\u00e4fen werden meistens die h\u00f6heren 450 Liter Pontons benutzt.<\/p>\n<p>&nbsp;<\/p>\n<h4><strong>Technische Daten vom Master 450 L Ponton<\/strong><\/h4>\n<p><strong>Gr\u00f6\u00dfe<\/strong>: L\u00e4nge 1200 mm, Breite 800 mm, H\u00f6he 600 mm.<\/p>\n<p><strong>Volumen<\/strong>: 450 l<\/p>\n<p><strong>Ausf\u00fchrung<\/strong>:\u00a0Styropor<\/p>\n<p><strong>Anzahl der Best\u00e4tigungen<\/strong>: 14\u00a0St\u00fccke<\/p>\n<p><strong>Die maximale Nutzlast<\/strong>: 450 Kg<\/p>\n<p><strong>Eigengewicht<\/strong>: 450 l (22 kg), 450 l Styropor (29 kg)<\/p>\n<p><strong>Auf der Transportpalette<\/strong>: 8 St\u00fcck<\/p>\n<p><strong>Abmessungen der Transportpalette<\/strong>: 1200 x 1600 x 2600 mm[\/vc_column_text][\/vc_column][\/vc_row][vc_row row_type=&#8220;row&#8220; use_row_as_full_screen_section=&#8220;no&#8220; type=&#8220;full_width&#8220; parallax_content_width=&#8220;in_grid&#8220; anchor=&#8220;&#8220; in_content_menu=&#8220;&#8220; content_menu_title=&#8220;&#8220; content_menu_icon=&#8220;&#8220; angled_section=&#8220;no&#8220; angled_section_position=&#8220;both&#8220; angled_section_direction=&#8220;from_left_to_right&#8220; text_align=&#8220;left&#8220; video=&#8220;&#8220; video_overlay=&#8220;&#8220; video_overlay_image=&#8220;&#8220; video_webm=&#8220;&#8220; video_mp4=&#8220;&#8220; video_ogv=&#8220;&#8220; video_image=&#8220;&#8220; background_image=&#8220;&#8220; background_image_as_pattern=&#8220;without_pattern&#8220; section_height=&#8220;&#8220; parallax_speed=&#8220;&#8220; background_color=&#8220;&#8220; border_color=&#8220;&#8220; side_padding=&#8220;&#8220; parallax_side_padding=&#8220;&#8220; padding_top=&#8220;&#8220; padding_bottom=&#8220;&#8220; color=&#8220;&#8220; hover_color=&#8220;&#8220; more_button_label=&#8220;&#8220; less_button_label=&#8220;&#8220; button_position=&#8220;&#8220; css_animation=&#8220;&#8220; transition_delay=&#8220;&#8220;][vc_column width=&#8220;1\/1&#8243;][vc_separator type=&#8220;normal&#8220; position=&#8220;center&#8220; width_in_percentages=&#8220;&#8220;][\/vc_column][\/vc_row][vc_row row_type=&#8220;row&#8220; use_row_as_full_screen_section=&#8220;no&#8220; type=&#8220;full_width&#8220; parallax_content_width=&#8220;in_grid&#8220; anchor=&#8220;&#8220; in_content_menu=&#8220;&#8220; content_menu_title=&#8220;&#8220; content_menu_icon=&#8220;&#8220; angled_section=&#8220;no&#8220; angled_section_position=&#8220;both&#8220; angled_section_direction=&#8220;from_left_to_right&#8220; text_align=&#8220;left&#8220; video=&#8220;&#8220; video_overlay=&#8220;&#8220; video_overlay_image=&#8220;&#8220; video_webm=&#8220;&#8220; video_mp4=&#8220;&#8220; video_ogv=&#8220;&#8220; video_image=&#8220;&#8220; background_image=&#8220;&#8220; background_image_as_pattern=&#8220;without_pattern&#8220; section_height=&#8220;&#8220; parallax_speed=&#8220;&#8220; background_color=&#8220;&#8220; border_color=&#8220;&#8220; side_padding=&#8220;&#8220; parallax_side_padding=&#8220;&#8220; padding_top=&#8220;&#8220; padding_bottom=&#8220;&#8220; color=&#8220;&#8220; hover_color=&#8220;&#8220; more_button_label=&#8220;&#8220; less_button_label=&#8220;&#8220; button_position=&#8220;&#8220; css_animation=&#8220;&#8220; transition_delay=&#8220;&#8220;][vc_column width=&#8220;1\/2&#8243;][vc_single_image image=&#8220;18423&#8243; alignment=&#8220;center&#8220; border_color=&#8220;grey&#8220; img_link_large=&#8220;&#8220; img_link_target=&#8220;_self&#8220; img_size=&#8220;medium&#8220;][\/vc_column][vc_column width=&#8220;1\/2&#8243;][vc_column_text]<strong>Produkt<\/strong>\u00a0Der Master Plastikponton 450 l<\/p>\n<p>[\/vc_column_text][\/vc_column][\/vc_row][vc_row row_type=&#8220;row&#8220; use_row_as_full_screen_section=&#8220;no&#8220; type=&#8220;full_width&#8220; parallax_content_width=&#8220;in_grid&#8220; anchor=&#8220;&#8220; in_content_menu=&#8220;&#8220; content_menu_title=&#8220;&#8220; content_menu_icon=&#8220;&#8220; angled_section=&#8220;no&#8220; angled_section_position=&#8220;both&#8220; angled_section_direction=&#8220;from_left_to_right&#8220; text_align=&#8220;left&#8220; video=&#8220;&#8220; video_overlay=&#8220;&#8220; video_overlay_image=&#8220;&#8220; video_webm=&#8220;&#8220; video_mp4=&#8220;&#8220; video_ogv=&#8220;&#8220; video_image=&#8220;&#8220; background_image=&#8220;&#8220; background_image_as_pattern=&#8220;without_pattern&#8220; section_height=&#8220;&#8220; parallax_speed=&#8220;&#8220; background_color=&#8220;&#8220; border_color=&#8220;&#8220; side_padding=&#8220;&#8220; parallax_side_padding=&#8220;&#8220; padding_top=&#8220;&#8220; padding_bottom=&#8220;&#8220; color=&#8220;&#8220; hover_color=&#8220;&#8220; more_button_label=&#8220;&#8220; less_button_label=&#8220;&#8220; button_position=&#8220;&#8220; css_animation=&#8220;&#8220; transition_delay=&#8220;&#8220; el_id=&#8220;&#8220;][vc_column width=&#8220;1\/1&#8243;][vc_separator type=&#8220;normal&#8220; position=&#8220;center&#8220; color=&#8220;&#8220; transparency=&#8220;&#8220; thickness=&#8220;&#8220; width=&#8220;&#8220; width_in_percentages=&#8220;&#8220; up=&#8220;&#8220; down=&#8220;&#8220;][\/vc_column][\/vc_row][vc_row row_type=&#8220;row&#8220; use_row_as_full_screen_section=&#8220;no&#8220; type=&#8220;full_width&#8220; parallax_content_width=&#8220;in_grid&#8220; anchor=&#8220;&#8220; in_content_menu=&#8220;&#8220; content_menu_title=&#8220;&#8220; content_menu_icon=&#8220;&#8220; angled_section=&#8220;no&#8220; angled_section_position=&#8220;both&#8220; angled_section_direction=&#8220;from_left_to_right&#8220; text_align=&#8220;left&#8220; video=&#8220;&#8220; video_overlay=&#8220;&#8220; video_overlay_image=&#8220;&#8220; video_webm=&#8220;&#8220; video_mp4=&#8220;&#8220; video_ogv=&#8220;&#8220; video_image=&#8220;&#8220; background_image=&#8220;&#8220; background_image_as_pattern=&#8220;without_pattern&#8220; section_height=&#8220;&#8220; parallax_speed=&#8220;&#8220; background_color=&#8220;&#8220; border_color=&#8220;&#8220; side_padding=&#8220;&#8220; parallax_side_padding=&#8220;&#8220; padding_top=&#8220;&#8220; padding_bottom=&#8220;&#8220; color=&#8220;&#8220; hover_color=&#8220;&#8220; more_button_label=&#8220;&#8220; less_button_label=&#8220;&#8220; button_position=&#8220;&#8220; css_animation=&#8220;&#8220; transition_delay=&#8220;&#8220; el_id=&#8220;&#8220;][vc_column width=&#8220;1\/2&#8243;][vc_single_image image=&#8220;18423&#8243; alignment=&#8220;center&#8220; border_color=&#8220;grey&#8220; img_link_large=&#8220;&#8220; img_link_target=&#8220;_self&#8220; img_size=&#8220;medium&#8220;][\/vc_column][vc_column width=&#8220;1\/2&#8243;][vc_column_text]<strong>Produkt<\/strong>\u00a0Der Master Plastikponton 450 l\u00a0Styropor<\/p>\n<p>[\/vc_column_text][\/vc_column][\/vc_row][vc_row row_type=&#8220;row&#8220; use_row_as_full_screen_section=&#8220;no&#8220; type=&#8220;full_width&#8220; parallax_content_width=&#8220;in_grid&#8220; anchor=&#8220;&#8220; in_content_menu=&#8220;&#8220; content_menu_title=&#8220;&#8220; content_menu_icon=&#8220;&#8220; angled_section=&#8220;no&#8220; angled_section_position=&#8220;both&#8220; angled_section_direction=&#8220;from_left_to_right&#8220; text_align=&#8220;left&#8220; video=&#8220;&#8220; video_overlay=&#8220;&#8220; video_overlay_image=&#8220;&#8220; video_webm=&#8220;&#8220; video_mp4=&#8220;&#8220; video_ogv=&#8220;&#8220; video_image=&#8220;&#8220; background_image=&#8220;&#8220; background_image_as_pattern=&#8220;without_pattern&#8220; section_height=&#8220;&#8220; parallax_speed=&#8220;&#8220; background_color=&#8220;&#8220; border_color=&#8220;&#8220; side_padding=&#8220;&#8220; parallax_side_padding=&#8220;&#8220; padding_top=&#8220;&#8220; padding_bottom=&#8220;&#8220; color=&#8220;&#8220; hover_color=&#8220;&#8220; more_button_label=&#8220;&#8220; less_button_label=&#8220;&#8220; button_position=&#8220;&#8220; css_animation=&#8220;&#8220; transition_delay=&#8220;&#8220; el_id=&#8220;&#8220;][vc_column width=&#8220;1\/1&#8243;][vc_separator type=&#8220;normal&#8220; position=&#8220;center&#8220; color=&#8220;&#8220; transparency=&#8220;&#8220; thickness=&#8220;&#8220; width=&#8220;&#8220; width_in_percentages=&#8220;&#8220; up=&#8220;&#8220; down=&#8220;&#8220;][\/vc_column][\/vc_row]<\/p>\n<\/div>","protected":false},"excerpt":{"rendered":"<p>[vc_row row_type=&#8220;row&#8220; use_row_as_full_screen_section=&#8220;no&#8220; type=&#8220;full_width&#8220; parallax_content_width=&#8220;in_grid&#8220; anchor=&#8220;&#8220; in_content_menu=&#8220;&#8220; content_menu_title=&#8220;&#8220; content_menu_icon=&#8220;&#8220; angled_section=&#8220;no&#8220; angled_section_position=&#8220;both&#8220; angled_section_direction=&#8220;from_left_to_right&#8220; text_align=&#8220;left&#8220; video=&#8220;&#8220; video_overlay=&#8220;&#8220; video_overlay_image=&#8220;&#8220; video_webm=&#8220;&#8220; video_mp4=&#8220;&#8220; video_ogv=&#8220;&#8220; video_image=&#8220;&#8220; background_image=&#8220;&#8220; background_image_as_pattern=&#8220;without_pattern&#8220; section_height=&#8220;&#8220; parallax_speed=&#8220;&#8220; background_color=&#8220;&#8220; border_color=&#8220;&#8220; side_padding=&#8220;&#8220; parallax_side_padding=&#8220;&#8220; padding_top=&#8220;&#8220; padding_bottom=&#8220;&#8220; color=&#8220;&#8220; hover_color=&#8220;&#8220; more_button_label=&#8220;&#8220; less_button_label=&#8220;&#8220; button_position=&#8220;&#8220; css_animation=&#8220;&#8220; transition_delay=&#8220;&#8220;][vc_column width=&#8220;1\/1&#8243;][vc_column_text] [\/vc_column_text][\/vc_column][\/vc_row][vc_row row_type=&#8220;row&#8220; use_row_as_full_screen_section=&#8220;no&#8220; type=&#8220;full_width&#8220; parallax_content_width=&#8220;in_grid&#8220; anchor=&#8220;&#8220; in_content_menu=&#8220;&#8220;&#8230;<\/p>\n","protected":false},"author":2,"featured_media":0,"parent":18720,"menu_order":2,"comment_status":"closed","ping_status":"closed","template":"","meta":{"footnotes":""},"class_list":["post-18843","page","type-page","status-publish","hentry"],"_links":{"self":[{"href":"https:\/\/paadisillad.ee\/de\/wp-json\/wp\/v2\/pages\/18843"}],"collection":[{"href":"https:\/\/paadisillad.ee\/de\/wp-json\/wp\/v2\/pages"}],"about":[{"href":"https:\/\/paadisillad.ee\/de\/wp-json\/wp\/v2\/types\/page"}],"author":[{"embeddable":true,"href":"https:\/\/paadisillad.ee\/de\/wp-json\/wp\/v2\/users\/2"}],"replies":[{"embeddable":true,"href":"https:\/\/paadisillad.ee\/de\/wp-json\/wp\/v2\/comments?post=18843"}],"version-history":[{"count":7,"href":"https:\/\/paadisillad.ee\/de\/wp-json\/wp\/v2\/pages\/18843\/revisions"}],"predecessor-version":[{"id":20444,"href":"https:\/\/paadisillad.ee\/de\/wp-json\/wp\/v2\/pages\/18843\/revisions\/20444"}],"up":[{"embeddable":true,"href":"https:\/\/paadisillad.ee\/de\/wp-json\/wp\/v2\/pages\/18720"}],"wp:attachment":[{"href":"https:\/\/paadisillad.ee\/de\/wp-json\/wp\/v2\/media?parent=18843"}],"curies":[{"name":"wp","href":"https:\/\/api.w.org\/{rel}","templated":true}]}}