{"id":18616,"date":"2016-01-18T15:35:55","date_gmt":"2016-01-18T12:35:55","guid":{"rendered":"http:\/\/floatme.eu\/?page_id=18616"},"modified":"2016-01-21T16:52:06","modified_gmt":"2016-01-21T13:52:06","slug":"fairs","status":"publish","type":"page","link":"https:\/\/paadisillad.ee\/en\/fairs\/","title":{"rendered":"Fairs &#038; Expos"},"content":{"rendered":"<div class=\"wpb-content-wrapper\"><p>[vc_row row_type=&#8221;row&#8221; use_row_as_full_screen_section=&#8221;no&#8221; type=&#8221;full_width&#8221; parallax_content_width=&#8221;in_grid&#8221; anchor=&#8221;&#8221; in_content_menu=&#8221;&#8221; content_menu_title=&#8221;&#8221; content_menu_icon=&#8221;&#8221; angled_section=&#8221;no&#8221; angled_section_position=&#8221;both&#8221; angled_section_direction=&#8221;from_left_to_right&#8221; text_align=&#8221;left&#8221; video=&#8221;&#8221; video_overlay=&#8221;&#8221; video_overlay_image=&#8221;&#8221; video_webm=&#8221;&#8221; video_mp4=&#8221;&#8221; video_ogv=&#8221;&#8221; video_image=&#8221;&#8221; background_image=&#8221;&#8221; background_image_as_pattern=&#8221;without_pattern&#8221; section_height=&#8221;&#8221; parallax_speed=&#8221;&#8221; background_color=&#8221;&#8221; border_color=&#8221;&#8221; side_padding=&#8221;&#8221; parallax_side_padding=&#8221;&#8221; padding_top=&#8221;&#8221; padding_bottom=&#8221;&#8221; color=&#8221;&#8221; hover_color=&#8221;&#8221; more_button_label=&#8221;&#8221; less_button_label=&#8221;&#8221; button_position=&#8221;&#8221; css_animation=&#8221;&#8221; transition_delay=&#8221;&#8221; full_width=&#8221;&#8221;][vc_column width=&#8221;1\/1&#8243;][vc_column_text css_animation=&#8221;&#8221;]<\/p>\n<h1>Fairs &amp; Expos<\/h1>\n<p style=\"text-align: justify;\">We define all Europe as our main market and because of that we try to show our examples and demo parts as many fairs and shows as possible to cover all market area. All our products and solutions can be seen at our factory outside showrooms (Estonia and Germany), also it is possible to implement tests for customer needs.<\/p>\n<p>&nbsp;<\/p>\n<p style=\"text-align: justify;\">Our <strong>main brand FloatMe\u00ae<\/strong> products\u00a0are shown in main European boat shows as D\u00fcsseldorf Boot and Hanseboot. We try to visit and show as many shows we can, but do not hesitate to ask our demos to be at Your area or expo.<\/p>\n<p>&nbsp;<\/p>\n<p style=\"text-align: justify;\">We have brought out some fairs we definately take part and where You can ask our representatives to explain and show our products. Please do not hesitate to visit us at any and say hello!<\/p>\n<p>[\/vc_column_text][vc_text_separator title=&#8221;Our 2016 international exhibition calendar is shown below:&#8221; title_align=&#8221;separator_align_center&#8221; border=&#8221;no&#8221;][vc_column_text]<\/p>\n<p>&nbsp;<\/p>\n<p>[\/vc_column_text][\/vc_column][\/vc_row][vc_row row_type=&#8221;row&#8221; use_row_as_full_screen_section=&#8221;no&#8221; type=&#8221;full_width&#8221; parallax_content_width=&#8221;in_grid&#8221; anchor=&#8221;&#8221; in_content_menu=&#8221;&#8221; content_menu_title=&#8221;&#8221; content_menu_icon=&#8221;&#8221; angled_section=&#8221;no&#8221; angled_section_position=&#8221;both&#8221; angled_section_direction=&#8221;from_left_to_right&#8221; text_align=&#8221;left&#8221; video=&#8221;&#8221; video_overlay=&#8221;&#8221; video_overlay_image=&#8221;&#8221; video_webm=&#8221;&#8221; video_mp4=&#8221;&#8221; video_ogv=&#8221;&#8221; video_image=&#8221;&#8221; background_image=&#8221;&#8221; background_image_as_pattern=&#8221;without_pattern&#8221; section_height=&#8221;&#8221; parallax_speed=&#8221;&#8221; background_color=&#8221;&#8221; border_color=&#8221;&#8221; side_padding=&#8221;&#8221; parallax_side_padding=&#8221;&#8221; padding_top=&#8221;&#8221; padding_bottom=&#8221;&#8221; color=&#8221;&#8221; hover_color=&#8221;&#8221; more_button_label=&#8221;&#8221; less_button_label=&#8221;&#8221; button_position=&#8221;&#8221; css_animation=&#8221;&#8221; transition_delay=&#8221;&#8221; full_width=&#8221;&#8221; el_id=&#8221;&#8221;][vc_column width=&#8221;1\/2&#8243;][vc_empty_space height=&#8221;32px&#8221;][vc_single_image alignment=&#8221;center&#8221; border_color=&#8221;grey&#8221; img_link_large=&#8221;&#8221; img_link_target=&#8221;_blank&#8221; css_animation=&#8221;&#8221; link=&#8221;http:\/\/www.boot.de&#8221; image=&#8221;16829&#8243;][\/vc_column][vc_column width=&#8221;1\/2&#8243;][vc_column_text css_animation=&#8221;&#8221;]<strong>Boot\u00a02016 (Germany, D\u00fcsseldorf)<\/strong><\/p>\n<p><span style=\"text-decoration: underline;\">23\u00a0&#8211; 31\u00a0jaanuaril 2016<\/span><\/p>\n<p>L\u00e4\u00e4ne-Saksamaa ja Madalmaade turule keskendunud paadimess, mis on suuruselt ja k\u00fclastajate arvult on Euroopa suurim. Kuiv\u00f5rd tegemist on jaanuari l\u00f5pus toimuva messiga, v\u00f5ib seda \u00fchtlasi pidada vana-Euroopa hooaja alguse messiks.[\/vc_column_text][vc_empty_space height=&#8221;32px&#8221;][\/vc_column][\/vc_row][vc_row row_type=&#8221;row&#8221; use_row_as_full_screen_section=&#8221;no&#8221; type=&#8221;full_width&#8221; parallax_content_width=&#8221;in_grid&#8221; anchor=&#8221;&#8221; in_content_menu=&#8221;&#8221; content_menu_title=&#8221;&#8221; content_menu_icon=&#8221;&#8221; angled_section=&#8221;no&#8221; angled_section_position=&#8221;both&#8221; angled_section_direction=&#8221;from_left_to_right&#8221; text_align=&#8221;left&#8221; video=&#8221;&#8221; video_overlay=&#8221;&#8221; video_overlay_image=&#8221;&#8221; video_webm=&#8221;&#8221; video_mp4=&#8221;&#8221; video_ogv=&#8221;&#8221; video_image=&#8221;&#8221; background_image=&#8221;&#8221; background_image_as_pattern=&#8221;without_pattern&#8221; section_height=&#8221;&#8221; parallax_speed=&#8221;&#8221; background_color=&#8221;&#8221; border_color=&#8221;&#8221; side_padding=&#8221;&#8221; parallax_side_padding=&#8221;&#8221; padding_top=&#8221;&#8221; padding_bottom=&#8221;&#8221; color=&#8221;&#8221; hover_color=&#8221;&#8221; more_button_label=&#8221;&#8221; less_button_label=&#8221;&#8221; button_position=&#8221;&#8221; css_animation=&#8221;&#8221; transition_delay=&#8221;&#8221; full_width=&#8221;&#8221; el_id=&#8221;&#8221;][vc_column width=&#8221;1\/2&#8243;][vc_empty_space height=&#8221;32px&#8221;][vc_single_image image=&#8221;19514&#8243; alignment=&#8221;center&#8221; border_color=&#8221;grey&#8221; img_link_large=&#8221;&#8221; img_link_target=&#8221;_blank&#8221; css_animation=&#8221;&#8221; link=&#8221;http:\/\/hanseboot-ancora.de\/&#8221;][\/vc_column][vc_column width=&#8221;1\/2&#8243;][vc_column_text css_animation=&#8221;&#8221;]<strong>Hanseboot Ancora 2016 (Germany, Neustadt\/Holstein)<\/strong><\/p>\n<p><span style=\"text-decoration: underline;\">29.oktoober &#8211; 06. november\u00a02016<\/span><\/p>\n<p>Hanseboot on P\u00f5hja-Saksamaal korraldatav paadimess, mis katab turgude m\u00f5istes nii Skandinaaviat kui ka Ida-Euroopat.[\/vc_column_text][vc_empty_space height=&#8221;32px&#8221;][\/vc_column][\/vc_row][vc_row row_type=&#8221;row&#8221; use_row_as_full_screen_section=&#8221;no&#8221; type=&#8221;full_width&#8221; parallax_content_width=&#8221;in_grid&#8221; anchor=&#8221;&#8221; in_content_menu=&#8221;&#8221; content_menu_title=&#8221;&#8221; content_menu_icon=&#8221;&#8221; angled_section=&#8221;no&#8221; angled_section_position=&#8221;both&#8221; angled_section_direction=&#8221;from_left_to_right&#8221; text_align=&#8221;left&#8221; video=&#8221;&#8221; video_overlay=&#8221;&#8221; video_overlay_image=&#8221;&#8221; video_webm=&#8221;&#8221; video_mp4=&#8221;&#8221; video_ogv=&#8221;&#8221; video_image=&#8221;&#8221; background_image=&#8221;&#8221; background_image_as_pattern=&#8221;without_pattern&#8221; section_height=&#8221;&#8221; parallax_speed=&#8221;&#8221; background_color=&#8221;&#8221; border_color=&#8221;&#8221; side_padding=&#8221;&#8221; parallax_side_padding=&#8221;&#8221; padding_top=&#8221;&#8221; padding_bottom=&#8221;&#8221; color=&#8221;&#8221; hover_color=&#8221;&#8221; more_button_label=&#8221;&#8221; less_button_label=&#8221;&#8221; button_position=&#8221;&#8221; css_animation=&#8221;&#8221; transition_delay=&#8221;&#8221; full_width=&#8221;&#8221; el_id=&#8221;&#8221;][vc_column width=&#8221;1\/2&#8243;][vc_empty_space height=&#8221;32px&#8221;][vc_single_image image=&#8221;16825&#8243; alignment=&#8221;center&#8221; style=&#8221;&#8221; border_color=&#8221;grey&#8221; img_link_large=&#8221;&#8221; img_link_target=&#8221;_blank&#8221; qode_css_animation=&#8221;&#8221; transition_delay=&#8221;&#8221; css_animation=&#8221;&#8221; link=&#8221;http:\/\/www.hanseboot.de&#8221;][\/vc_column][vc_column width=&#8221;1\/2&#8243;][vc_column_text css_animation=&#8221;&#8221;]<strong>Hanseboot\u00a02016 (Germany, Hamburg)<\/strong><\/p>\n<p><span style=\"text-decoration: underline;\">29.oktoober &#8211; 06. november\u00a02016<\/span><\/p>\n<p>Hanseboot on P\u00f5hja-Saksamaal korraldatav paadimess, mis katab turgude m\u00f5istes nii Skandinaaviat kui ka Ida-Euroopat.[\/vc_column_text][vc_empty_space height=&#8221;32px&#8221;][\/vc_column][\/vc_row]<\/p>\n<\/div>","protected":false},"excerpt":{"rendered":"<p>[vc_row row_type=&#8221;row&#8221; use_row_as_full_screen_section=&#8221;no&#8221; type=&#8221;full_width&#8221; parallax_content_width=&#8221;in_grid&#8221; anchor=&#8221;&#8221; in_content_menu=&#8221;&#8221; content_menu_title=&#8221;&#8221; content_menu_icon=&#8221;&#8221; angled_section=&#8221;no&#8221; angled_section_position=&#8221;both&#8221; angled_section_direction=&#8221;from_left_to_right&#8221; text_align=&#8221;left&#8221; video=&#8221;&#8221; video_overlay=&#8221;&#8221; video_overlay_image=&#8221;&#8221; video_webm=&#8221;&#8221; video_mp4=&#8221;&#8221; video_ogv=&#8221;&#8221; video_image=&#8221;&#8221; background_image=&#8221;&#8221; background_image_as_pattern=&#8221;without_pattern&#8221; section_height=&#8221;&#8221; parallax_speed=&#8221;&#8221; background_color=&#8221;&#8221; border_color=&#8221;&#8221; side_padding=&#8221;&#8221; parallax_side_padding=&#8221;&#8221; padding_top=&#8221;&#8221; padding_bottom=&#8221;&#8221; color=&#8221;&#8221; hover_color=&#8221;&#8221; more_button_label=&#8221;&#8221; less_button_label=&#8221;&#8221; button_position=&#8221;&#8221; css_animation=&#8221;&#8221; transition_delay=&#8221;&#8221; full_width=&#8221;&#8221;][vc_column width=&#8221;1\/1&#8243;][vc_column_text css_animation=&#8221;&#8221;] Fairs &amp; Expos We define&#8230;<\/p>\n","protected":false},"author":2,"featured_media":0,"parent":0,"menu_order":3,"comment_status":"open","ping_status":"open","template":"","meta":{"footnotes":""},"class_list":["post-18616","page","type-page","status-publish","hentry"],"_links":{"self":[{"href":"https:\/\/paadisillad.ee\/en\/wp-json\/wp\/v2\/pages\/18616"}],"collection":[{"href":"https:\/\/paadisillad.ee\/en\/wp-json\/wp\/v2\/pages"}],"about":[{"href":"https:\/\/paadisillad.ee\/en\/wp-json\/wp\/v2\/types\/page"}],"author":[{"embeddable":true,"href":"https:\/\/paadisillad.ee\/en\/wp-json\/wp\/v2\/users\/2"}],"replies":[{"embeddable":true,"href":"https:\/\/paadisillad.ee\/en\/wp-json\/wp\/v2\/comments?post=18616"}],"version-history":[{"count":9,"href":"https:\/\/paadisillad.ee\/en\/wp-json\/wp\/v2\/pages\/18616\/revisions"}],"predecessor-version":[{"id":19564,"href":"https:\/\/paadisillad.ee\/en\/wp-json\/wp\/v2\/pages\/18616\/revisions\/19564"}],"wp:attachment":[{"href":"https:\/\/paadisillad.ee\/en\/wp-json\/wp\/v2\/media?parent=18616"}],"curies":[{"name":"wp","href":"https:\/\/api.w.org\/{rel}","templated":true}]}}