{"id":20538,"date":"2016-01-11T09:28:32","date_gmt":"2016-01-11T06:28:32","guid":{"rendered":"http:\/\/floatme.eu\/products\/kaeimispoom\/"},"modified":"2025-05-05T06:12:48","modified_gmt":"2025-05-05T03:12:48","slug":"kaeimispoom","status":"publish","type":"page","link":"https:\/\/paadisillad.ee\/en\/kaeimispoom\/","title":{"rendered":"K\u00e4imispoomid"},"content":{"rendered":"<div class=\"wpb-content-wrapper\"><p>[vc_row][vc_column width=&#8221;1\/2&#8243;][vc_column_text css=&#8221;&#8221;]<\/p>\n<div id=\"attachment_21262\" style=\"width: 310px\" class=\"wp-caption alignnone\"><a href=\"https:\/\/paadisillad.ee\/wp-content\/uploads\/2025\/04\/20240430_152631-scaled.jpg\"><img loading=\"lazy\" decoding=\"async\" aria-describedby=\"caption-attachment-21262\" class=\"size-medium wp-image-21262\" src=\"https:\/\/paadisillad.ee\/wp-content\/uploads\/2025\/04\/20240430_152631-300x225.jpg\" alt=\"\" width=\"300\" height=\"225\" srcset=\"https:\/\/paadisillad.ee\/wp-content\/uploads\/2025\/04\/20240430_152631-300x225.jpg 300w, https:\/\/paadisillad.ee\/wp-content\/uploads\/2025\/04\/20240430_152631-1024x768.jpg 1024w, https:\/\/paadisillad.ee\/wp-content\/uploads\/2025\/04\/20240430_152631-768x576.jpg 768w, https:\/\/paadisillad.ee\/wp-content\/uploads\/2025\/04\/20240430_152631-1536x1152.jpg 1536w, https:\/\/paadisillad.ee\/wp-content\/uploads\/2025\/04\/20240430_152631-2048x1536.jpg 2048w, https:\/\/paadisillad.ee\/wp-content\/uploads\/2025\/04\/20240430_152631-800x600.jpg 800w, https:\/\/paadisillad.ee\/wp-content\/uploads\/2025\/04\/20240430_152631-700x525.jpg 700w\" sizes=\"(max-width: 300px) 100vw, 300px\" \/><\/a><p id=\"caption-attachment-21262\" class=\"wp-caption-text\">Noblessneri sadama poomide korrastamine<\/p><\/div>\n<p>[\/vc_column_text][\/vc_column][vc_column width=&#8221;1\/2&#8243;][vc_column_text css=&#8221;&#8221;]<strong>K\u00e4imispoom<\/strong> 6 x 0,69 m 2 x 300 l EPS UV<\/p>\n<p><strong>K\u00e4imispoom<\/strong> 7 x 0,69 m 2 x 300 l EPS UV<\/p>\n<p><strong>K\u00e4imispoom<\/strong> 8 x 0,69 m 3 x 300l EPS UV<\/p>\n<p><strong>K\u00e4imispoom<\/strong> 9 x 0,69 m 3 x 300 l EPS UV<\/p>\n<p><strong>K\u00e4imispoom<\/strong> 10 x 0,69 m 4 x 300 l EPS UV[\/vc_column_text][\/vc_column][\/vc_row][vc_row][vc_column][vc_column_text]<br \/>\n[\/vc_column_text][\/vc_column][\/vc_row]<\/p>\n<\/div>","protected":false},"excerpt":{"rendered":"<p>[vc_row][vc_column width=&#8221;1\/2&#8243;][vc_column_text css=&#8221;&#8221;] [\/vc_column_text][\/vc_column][vc_column width=&#8221;1\/2&#8243;][vc_column_text css=&#8221;&#8221;]K\u00e4imispoom 6 x 0,69 m 2 x 300 l EPS UV K\u00e4imispoom 7 x 0,69 m 2 x 300 l EPS UV K\u00e4imispoom 8 x 0,69 m 3 x 300l EPS UV K\u00e4imispoom 9 x 0,69 m 3 x 300&#8230;<\/p>\n","protected":false},"author":2,"featured_media":0,"parent":0,"menu_order":70,"comment_status":"closed","ping_status":"closed","template":"","meta":{"footnotes":""},"class_list":["post-20538","page","type-page","status-publish","hentry"],"_links":{"self":[{"href":"https:\/\/paadisillad.ee\/en\/wp-json\/wp\/v2\/pages\/20538"}],"collection":[{"href":"https:\/\/paadisillad.ee\/en\/wp-json\/wp\/v2\/pages"}],"about":[{"href":"https:\/\/paadisillad.ee\/en\/wp-json\/wp\/v2\/types\/page"}],"author":[{"embeddable":true,"href":"https:\/\/paadisillad.ee\/en\/wp-json\/wp\/v2\/users\/2"}],"replies":[{"embeddable":true,"href":"https:\/\/paadisillad.ee\/en\/wp-json\/wp\/v2\/comments?post=20538"}],"version-history":[{"count":13,"href":"https:\/\/paadisillad.ee\/en\/wp-json\/wp\/v2\/pages\/20538\/revisions"}],"predecessor-version":[{"id":21547,"href":"https:\/\/paadisillad.ee\/en\/wp-json\/wp\/v2\/pages\/20538\/revisions\/21547"}],"wp:attachment":[{"href":"https:\/\/paadisillad.ee\/en\/wp-json\/wp\/v2\/media?parent=20538"}],"curies":[{"name":"wp","href":"https:\/\/api.w.org\/{rel}","templated":true}]}}